{"id":19,"date":"2020-10-20T15:08:17","date_gmt":"2020-10-20T13:08:17","guid":{"rendered":"http:\/\/localhost:8888\/wordpress_dunod_petite_enfance\/?page_id=19"},"modified":"2023-06-25T16:11:03","modified_gmt":"2023-06-25T14:11:03","slug":"ressources","status":"publish","type":"page","link":"https:\/\/dunod-formation.com\/petite-enfance\/ressources\/","title":{"rendered":"Conseils &#8211; Actus"},"content":{"rendered":"","protected":false},"excerpt":{"rendered":"<p> [&#8230;]<\/p>\n<p><a class=\"btn btn-secondary understrap-read-more-link\" href=\"https:\/\/dunod-formation.com\/petite-enfance\/ressources\/\">Lire la suite\u2026<span class=\"screen-reader-text\"> from Conseils &#8211; Actus<\/span><\/a><\/p>\n","protected":false},"author":8,"featured_media":2132,"parent":0,"menu_order":0,"comment_status":"closed","ping_status":"closed","template":"page-templates\/template-ressources.php","meta":[],"acf":[],"yoast_head":"<!-- This site is optimized with the Yoast SEO plugin v20.8 - https:\/\/yoast.com\/wordpress\/plugins\/seo\/ -->\n<title>Conseils - Actus - Dunod Formation Petite Enfance<\/title>\n<meta name=\"description\" content=\"Formations digitales Dunod Petite Enfance : conseils, actualit\u00e9s et bonnes pratiques pour exploiter les formations \u00e0 distance ou dans le cadre de dispositifs pr\u00e9sentiels.\" \/>\n<meta name=\"robots\" content=\"index, follow, max-snippet:-1, max-image-preview:large, max-video-preview:-1\" \/>\n<link rel=\"canonical\" href=\"https:\/\/dunod-formation.com\/petite-enfance\/ressources\/\" \/>\n<meta property=\"og:locale\" content=\"fr_FR\" \/>\n<meta property=\"og:type\" content=\"article\" \/>\n<meta property=\"og:title\" content=\"Conseils - Actus - Dunod Formation Petite Enfance\" \/>\n<meta property=\"og:description\" content=\"Formations digitales Dunod Petite Enfance : conseils, actualit\u00e9s et bonnes pratiques pour exploiter les formations \u00e0 distance ou dans le cadre de dispositifs pr\u00e9sentiels.\" \/>\n<meta property=\"og:url\" content=\"https:\/\/dunod-formation.com\/petite-enfance\/ressources\/\" \/>\n<meta property=\"og:site_name\" content=\"Dunod Formation Petite Enfance\" \/>\n<meta property=\"article:modified_time\" content=\"2023-06-25T14:11:03+00:00\" \/>\n<meta property=\"og:image\" content=\"https:\/\/dunod-formation.com\/petite-enfance\/wp-content\/uploads\/2021\/03\/FAQ-Formations-Dunod-Petite-enfance.png\" \/>\n\t<meta property=\"og:image:width\" content=\"1440\" \/>\n\t<meta property=\"og:image:height\" content=\"480\" \/>\n\t<meta property=\"og:image:type\" content=\"image\/png\" \/>\n<meta name=\"twitter:card\" content=\"summary_large_image\" \/>\n<script type=\"application\/ld+json\" class=\"yoast-schema-graph\">{\"@context\":\"https:\/\/schema.org\",\"@graph\":[{\"@type\":\"WebPage\",\"@id\":\"https:\/\/dunod-formation.com\/petite-enfance\/ressources\/\",\"url\":\"https:\/\/dunod-formation.com\/petite-enfance\/ressources\/\",\"name\":\"Conseils - Actus - Dunod Formation Petite Enfance\",\"isPartOf\":{\"@id\":\"https:\/\/dunod-formation.com\/petite-enfance\/#website\"},\"datePublished\":\"2020-10-20T13:08:17+00:00\",\"dateModified\":\"2023-06-25T14:11:03+00:00\",\"description\":\"Formations digitales Dunod Petite Enfance : conseils, actualit\u00e9s et bonnes pratiques pour exploiter les formations \u00e0 distance ou dans le cadre de dispositifs pr\u00e9sentiels.\",\"breadcrumb\":{\"@id\":\"https:\/\/dunod-formation.com\/petite-enfance\/ressources\/#breadcrumb\"},\"inLanguage\":\"fr-FR\",\"potentialAction\":[{\"@type\":\"ReadAction\",\"target\":[\"https:\/\/dunod-formation.com\/petite-enfance\/ressources\/\"]}]},{\"@type\":\"BreadcrumbList\",\"@id\":\"https:\/\/dunod-formation.com\/petite-enfance\/ressources\/#breadcrumb\",\"itemListElement\":[{\"@type\":\"ListItem\",\"position\":1,\"name\":\"Accueil\",\"item\":\"https:\/\/dunod-formation.com\/petite-enfance\/\"},{\"@type\":\"ListItem\",\"position\":2,\"name\":\"Conseils &#8211; Actus\"}]},{\"@type\":\"WebSite\",\"@id\":\"https:\/\/dunod-formation.com\/petite-enfance\/#website\",\"url\":\"https:\/\/dunod-formation.com\/petite-enfance\/\",\"name\":\"Dunod Formation Petite Enfance\",\"description\":\"La formation 100% en ligne pour les professionnels de la petite enfance\",\"potentialAction\":[{\"@type\":\"SearchAction\",\"target\":{\"@type\":\"EntryPoint\",\"urlTemplate\":\"https:\/\/dunod-formation.com\/petite-enfance\/?s={search_term_string}\"},\"query-input\":\"required name=search_term_string\"}],\"inLanguage\":\"fr-FR\"}]}<\/script>\n<!-- \/ Yoast SEO plugin. -->","yoast_head_json":{"title":"Conseils - Actus - Dunod Formation Petite Enfance","description":"Formations digitales Dunod Petite Enfance : conseils, actualit\u00e9s et bonnes pratiques pour exploiter les formations \u00e0 distance ou dans le cadre de dispositifs pr\u00e9sentiels.","robots":{"index":"index","follow":"follow","max-snippet":"max-snippet:-1","max-image-preview":"max-image-preview:large","max-video-preview":"max-video-preview:-1"},"canonical":"https:\/\/dunod-formation.com\/petite-enfance\/ressources\/","og_locale":"fr_FR","og_type":"article","og_title":"Conseils - Actus - Dunod Formation Petite Enfance","og_description":"Formations digitales Dunod Petite Enfance : conseils, actualit\u00e9s et bonnes pratiques pour exploiter les formations \u00e0 distance ou dans le cadre de dispositifs pr\u00e9sentiels.","og_url":"https:\/\/dunod-formation.com\/petite-enfance\/ressources\/","og_site_name":"Dunod Formation Petite Enfance","article_modified_time":"2023-06-25T14:11:03+00:00","og_image":[{"width":1440,"height":480,"url":"https:\/\/dunod-formation.com\/petite-enfance\/wp-content\/uploads\/2021\/03\/FAQ-Formations-Dunod-Petite-enfance.png","type":"image\/png"}],"twitter_card":"summary_large_image","schema":{"@context":"https:\/\/schema.org","@graph":[{"@type":"WebPage","@id":"https:\/\/dunod-formation.com\/petite-enfance\/ressources\/","url":"https:\/\/dunod-formation.com\/petite-enfance\/ressources\/","name":"Conseils - Actus - Dunod Formation Petite Enfance","isPartOf":{"@id":"https:\/\/dunod-formation.com\/petite-enfance\/#website"},"datePublished":"2020-10-20T13:08:17+00:00","dateModified":"2023-06-25T14:11:03+00:00","description":"Formations digitales Dunod Petite Enfance : conseils, actualit\u00e9s et bonnes pratiques pour exploiter les formations \u00e0 distance ou dans le cadre de dispositifs pr\u00e9sentiels.","breadcrumb":{"@id":"https:\/\/dunod-formation.com\/petite-enfance\/ressources\/#breadcrumb"},"inLanguage":"fr-FR","potentialAction":[{"@type":"ReadAction","target":["https:\/\/dunod-formation.com\/petite-enfance\/ressources\/"]}]},{"@type":"BreadcrumbList","@id":"https:\/\/dunod-formation.com\/petite-enfance\/ressources\/#breadcrumb","itemListElement":[{"@type":"ListItem","position":1,"name":"Accueil","item":"https:\/\/dunod-formation.com\/petite-enfance\/"},{"@type":"ListItem","position":2,"name":"Conseils &#8211; Actus"}]},{"@type":"WebSite","@id":"https:\/\/dunod-formation.com\/petite-enfance\/#website","url":"https:\/\/dunod-formation.com\/petite-enfance\/","name":"Dunod Formation Petite Enfance","description":"La formation 100% en ligne pour les professionnels de la petite enfance","potentialAction":[{"@type":"SearchAction","target":{"@type":"EntryPoint","urlTemplate":"https:\/\/dunod-formation.com\/petite-enfance\/?s={search_term_string}"},"query-input":"required name=search_term_string"}],"inLanguage":"fr-FR"}]}},"_links":{"self":[{"href":"https:\/\/dunod-formation.com\/petite-enfance\/wp-json\/wp\/v2\/pages\/19"}],"collection":[{"href":"https:\/\/dunod-formation.com\/petite-enfance\/wp-json\/wp\/v2\/pages"}],"about":[{"href":"https:\/\/dunod-formation.com\/petite-enfance\/wp-json\/wp\/v2\/types\/page"}],"author":[{"embeddable":true,"href":"https:\/\/dunod-formation.com\/petite-enfance\/wp-json\/wp\/v2\/users\/8"}],"replies":[{"embeddable":true,"href":"https:\/\/dunod-formation.com\/petite-enfance\/wp-json\/wp\/v2\/comments?post=19"}],"version-history":[{"count":9,"href":"https:\/\/dunod-formation.com\/petite-enfance\/wp-json\/wp\/v2\/pages\/19\/revisions"}],"predecessor-version":[{"id":6057,"href":"https:\/\/dunod-formation.com\/petite-enfance\/wp-json\/wp\/v2\/pages\/19\/revisions\/6057"}],"wp:featuredmedia":[{"embeddable":true,"href":"https:\/\/dunod-formation.com\/petite-enfance\/wp-json\/wp\/v2\/media\/2132"}],"wp:attachment":[{"href":"https:\/\/dunod-formation.com\/petite-enfance\/wp-json\/wp\/v2\/media?parent=19"}],"curies":[{"name":"wp","href":"https:\/\/api.w.org\/{rel}","templated":true}]}}