{"id":2503,"date":"2021-05-31T15:09:27","date_gmt":"2021-05-31T13:09:27","guid":{"rendered":"https:\/\/dunod-formation.com\/petite-enfance\/?page_id=2503"},"modified":"2021-10-13T13:59:50","modified_gmt":"2021-10-13T11:59:50","slug":"nos-partenaires","status":"publish","type":"page","link":"https:\/\/dunod-formation.com\/petite-enfance\/nos-partenaires\/","title":{"rendered":"Nos partenaires"},"content":{"rendered":"<div id=\"TheTexte\" class=\"Texte\" lang=\"zxx\">\n<h1 style=\"text-align: center;\">Les pros de la petite enfance<\/h1>\n<\/div>\n<p><img decoding=\"async\" loading=\"lazy\" class=\"alignnone size-medium wp-image-2530 aligncenter\" src=\"https:\/\/dunod-formation.com\/petite-enfance\/wp-content\/uploads\/2021\/05\/logo-les-pros-300x72.png\" alt=\"\" width=\"300\" height=\"72\" srcset=\"https:\/\/dunod-formation.com\/petite-enfance\/wp-content\/uploads\/2021\/05\/logo-les-pros-300x72.png 300w, https:\/\/dunod-formation.com\/petite-enfance\/wp-content\/uploads\/2021\/05\/logo-les-pros.png 502w\" sizes=\"(max-width: 300px) 100vw, 300px\" \/><\/p>\n<div id=\"TheTexte\" class=\"Texte\" lang=\"zxx\">\n<p><strong>Partenaires de la premi\u00e8re heure,<\/strong> Dunod Formation et Les Pros de la Petite Enfance ont cr\u00e9\u00e9 ensemble<strong> le premier catalogue de formations en ligne d\u00e9di\u00e9 aux professionnels de la Petite Enfance<\/strong>, avec pour objectifs de faciliter leur professionnalisation, de valoriser et d\u2019enrichir leurs comp\u00e9tences et savoir-faire et d\u2019actualiser leurs connaissances.<\/p>\n<p><strong>\u00a0<\/strong><a href=\"https:\/\/eur01.safelinks.protection.outlook.com\/?url=http%3A%2F%2Fwww.lesprosdelapetiteenfance.fr%2F&amp;data=04%7C01%7CEPOMMAT%40dunod.com%7Cb63f52adccdb43ccb33008d93b135e06%7Cf881a2c50a89483181b1c7846c49594d%7C0%7C0%7C637605776624340456%7CUnknown%7CTWFpbGZsb3d8eyJWIjoiMC4wLjAwMDAiLCJQIjoiV2luMzIiLCJBTiI6Ik1haWwiLCJXVCI6Mn0%3D%7C1000&amp;sdata=15tW93xxVaBb69OJjeIjXPUmSdx8c1KKIrnP0LdryNk%3D&amp;reserved=0\">www.lesprosdelapetiteenfance.fr<\/a> est le premier site internet d\u2019informations d\u00e9di\u00e9 \u00e0 tous les professionnels de la petite enfance : assistantes maternelles, auxiliaires de pu\u00e9riculture, pu\u00e9riculteurs et pu\u00e9ricultrices, \u00e9ducateurs de jeunes enfants, directeurs ou directrices de structures etc. Lanc\u00e9 en 2016, il s\u2019adresse aux professionnels exer\u00e7ant dans les diff\u00e9rentes structures d\u2019accueil du jeune enfant (cr\u00e8che, halte-garderie, multi-accueil, jardin d\u2019enfants, micro-cr\u00e8ches, MAM, RAM etc.) ou \u00e0 domicile.<\/p>\n<p>R\u00e9put\u00e9 pour son s\u00e9rieux et sa qualit\u00e9 \u00e9ditoriale &#8211; il est plac\u00e9 sous le haut patronage du Minist\u00e8re des Solidarit\u00e9s et de la Sant\u00e9 &#8211; il est devenu <strong>le site r\u00e9f\u00e9rent du secteur.<\/strong><\/p>\n<p>Les <strong>Pros de la Petite Enfance<\/strong>\u00a0offre des regards multiples sur la petite enfance et les pratiques \u00e9ducatives.<\/p>\n<p>&nbsp;<\/p>\n<p>\u25b6\u00a0D\u00e9couvrez d\u00e8s maintenant le site d\u2019information des\u00a0<strong><a href=\"https:\/\/eur01.safelinks.protection.outlook.com\/?url=https%3A%2F%2Flesprosdelapetiteenfance.fr%2F&amp;data=04%7C01%7CEPOMMAT%40dunod.com%7Cb63f52adccdb43ccb33008d93b135e06%7Cf881a2c50a89483181b1c7846c49594d%7C0%7C0%7C637605776624350411%7CUnknown%7CTWFpbGZsb3d8eyJWIjoiMC4wLjAwMDAiLCJQIjoiV2luMzIiLCJBTiI6Ik1haWwiLCJXVCI6Mn0%3D%7C1000&amp;sdata=nSQDOkaJtqQbhOVCnuuYkehs3D7ZLsPWdD86Syr%2FnT8%3D&amp;reserved=0\">professionnels de la petite enfance.<\/a><\/strong><\/p>\n<hr \/>\n<h1 style=\"text-align: center;\">Wesco<\/h1>\n<p><img decoding=\"async\" loading=\"lazy\" class=\"alignnone size-full wp-image-2531 aligncenter\" src=\"https:\/\/dunod-formation.com\/petite-enfance\/wp-content\/uploads\/2021\/05\/logo-wesco.png\" alt=\"\" width=\"247\" height=\"93\" \/><\/p>\n<p>Cr\u00e9\u00e9e en 1975, Wesco est le sp\u00e9cialiste du bien grandir des enfants de 0 \u00e0 12 ans.<br \/>\n<strong>Cr\u00e9ateur, fabricant et distributeur de produits d\u00e9di\u00e9s aux enfants<\/strong>, Wesco accompagne les enfants tout au long de la journ\u00e9e, et conseille des milliers de Professionnels et Parents.<\/p>\n<p>Que vous soyez une cr\u00e8che, une structure d&rsquo;accueil, une \u00e9cole, une collectivit\u00e9, une association sportive, un commerce ou une famille, Wesco r\u00e9pond \u00e0 tous vos besoins en vous proposant des collections d\u00e9di\u00e9es.<br \/>\nWesco vous propose\u00a0<strong>plus de 15 000 produits<\/strong>\u00a0d\u00e9di\u00e9s \u00e0 l&rsquo;univers de b\u00e9b\u00e9 ou de l&rsquo;enfant : mobilier, articles de pu\u00e9riculture, jouets d&rsquo;\u00e9veil, jeux d&rsquo;imitation et de construction, mat\u00e9riel \u00e9ducatif et p\u00e9dagogique, mat\u00e9riel de sport et motricit\u00e9, fournitures scolaires et loisirs cr\u00e9atifs&#8230;<\/p>\n<p>Ces produits sont \u00e0 retrouver sur <a href=\"https:\/\/www.wesco.fr\/\">www.wesco.fr<\/a><\/p>\n<p>Forts de son exp\u00e9rience, Wesco d\u00e9veloppe depuis plus de 20 ans ses propres gammes de produits sous la marque Wesco avec l&rsquo;appui des professionnels de la petite enfance et de l&rsquo;\u00e9ducation.<br \/>\nEn compl\u00e9ment, leurs \u00e9quipes s\u00e9lectionnent chaque ann\u00e9e plus de 1 000 produits r\u00e9pondant \u00e0 des crit\u00e8res p\u00e9dagogiques exigeants.\u00a0 Avec Wesco, vous \u00eates s\u00fbrs d&rsquo;\u00eatre bien \u00e9quip\u00e9s pour que les enfants s&rsquo;\u00e9panouissent en toute s\u00e9curit\u00e9.<\/p>\n<p>\u25b6 D\u00e9couvrez d\u00e8s maintenant le site <a href=\"https:\/\/www.wesco.fr\/\">WESCO<\/a><\/p>\n<\/div>\n<p>&nbsp;<\/p>\n<hr \/>\n<h1 style=\"text-align: center;\">F\u00e9d\u00e9ration Fran\u00e7aise des Entreprises de Cr\u00e8ches<\/h1>\n<p><img decoding=\"async\" loading=\"lazy\" class=\"wp-image-3848 size-medium aligncenter\" src=\"https:\/\/dunod-formation.com\/petite-enfance\/wp-content\/uploads\/2021\/10\/logo-ffec-haute-def-300x110.jpg\" alt=\"\" width=\"300\" height=\"110\" srcset=\"https:\/\/dunod-formation.com\/petite-enfance\/wp-content\/uploads\/2021\/10\/logo-ffec-haute-def-300x110.jpg 300w, https:\/\/dunod-formation.com\/petite-enfance\/wp-content\/uploads\/2021\/10\/logo-ffec-haute-def-1024x374.jpg 1024w, https:\/\/dunod-formation.com\/petite-enfance\/wp-content\/uploads\/2021\/10\/logo-ffec-haute-def-768x281.jpg 768w, https:\/\/dunod-formation.com\/petite-enfance\/wp-content\/uploads\/2021\/10\/logo-ffec-haute-def.jpg 1103w\" sizes=\"(max-width: 300px) 100vw, 300px\" \/><\/p>\n<p>Cr\u00e9\u00e9e en 2006, <strong>la F\u00e9d\u00e9ration Fran\u00e7aise des Entreprises de Cr\u00e8ches r\u00e9unit les entreprises proposant des services d\u2019accueil pour les jeunes enfants de moins de 6 ans.<\/strong><\/p>\n<p>Avec <strong>800 entreprises adh\u00e9rentes repr\u00e9sentant 2000 \u00e9tablissements<\/strong>, soit plus de <strong>52000 places<\/strong> de cr\u00e8ches en France et employant <strong>21000 salari\u00e9s<\/strong>, la FFEC a pour mission de promouvoir un d\u00e9veloppement de qualit\u00e9 des modes d&rsquo;accueil collectifs de jeunes enfants par des entreprises priv\u00e9es.<\/p>\n<p>Dans l\u2019int\u00e9r\u00eat de l\u2019enfant et pour toujours r\u00e9pondre et surpasser les attentes des parents, la FFEC multiplie les d\u00e9marches et les initiatives aupr\u00e8s des partenaires institutionnels et publics pour dynamiser la politique sociale du secteur et contribuer \u00e0 la cr\u00e9ation et au maintien de structures d\u2019accueil de qualit\u00e9.<\/p>\n<p>La F\u00e9d\u00e9ration compte d\u00e9sormais parmi ses partenaires de confiance Dunod Editeur, qui accompagnera les entreprises de cr\u00e8ches et de micro-cr\u00e8ches adh\u00e9rentes dans leurs projets de d\u00e9veloppement des comp\u00e9tences avec des formations en ligne \u00e0 destination des professionnels de la petite enfance.<\/p>\n<p>La F\u00e9d\u00e9ration a ainsi obtenu, <strong>pour ses adh\u00e9rents<\/strong>, un acc\u00e8s au catalogue de formation en ligne \u00e0 <strong>des tarifs pr\u00e9f\u00e9rentiels.<\/strong><\/p>\n<p>Gr\u00e2ce \u00e0 ce partenariat entre la FFEC et Dunod Formation, les entreprises de cr\u00e8ches et de micro-cr\u00e8ches ont d\u00e9sormais \u00e0 leur disposition un catalogue de formations m\u00e9tier en ligne, finan\u00e7ables par leur OPCO.<\/p>\n<p>\u25b6 D\u00e9couvrez d\u00e8s maintenant le site de la <a href=\"https:\/\/ff-entreprises-creches.com\/\">FFEC<\/a><\/p>\n","protected":false},"excerpt":{"rendered":"<p>Les pros de la petite enfance Partenaires de la premi\u00e8re heure, Dunod Formation et Les Pros de la Petite Enfance ont cr\u00e9\u00e9 ensemble le premier catalogue de formations en ligne d\u00e9di\u00e9 aux professionnels de la Petite Enfance, avec pour objectifs de faciliter leur professionnalisation, de valoriser et d\u2019enrichir leurs comp\u00e9tences et savoir-faire et d\u2019actualiser leurs [&#8230;]<\/p>\n<p><a class=\"btn btn-secondary understrap-read-more-link\" href=\"https:\/\/dunod-formation.com\/petite-enfance\/nos-partenaires\/\">Lire la suite\u2026<span class=\"screen-reader-text\"> from Nos partenaires<\/span><\/a><\/p>\n","protected":false},"author":15,"featured_media":2585,"parent":0,"menu_order":0,"comment_status":"closed","ping_status":"closed","template":"","meta":[],"acf":[],"yoast_head":"<!-- This site is optimized with the Yoast SEO plugin v20.8 - https:\/\/yoast.com\/wordpress\/plugins\/seo\/ -->\n<title>Nos partenaires - Dunod Formation Petite Enfance<\/title>\n<meta name=\"robots\" content=\"index, follow, max-snippet:-1, max-image-preview:large, max-video-preview:-1\" \/>\n<link rel=\"canonical\" href=\"https:\/\/dunod-formation.com\/petite-enfance\/nos-partenaires\/\" \/>\n<meta property=\"og:locale\" content=\"fr_FR\" \/>\n<meta property=\"og:type\" content=\"article\" \/>\n<meta property=\"og:title\" content=\"Nos partenaires - Dunod Formation Petite Enfance\" \/>\n<meta property=\"og:description\" content=\"Les pros de la petite enfance Partenaires de la premi\u00e8re heure, Dunod Formation et Les Pros de la Petite Enfance ont cr\u00e9\u00e9 ensemble le premier catalogue de formations en ligne d\u00e9di\u00e9 aux professionnels de la Petite Enfance, avec pour objectifs de faciliter leur professionnalisation, de valoriser et d\u2019enrichir leurs comp\u00e9tences et savoir-faire et d\u2019actualiser leurs [...]Lire la suite\u2026 from Nos partenaires\" \/>\n<meta property=\"og:url\" content=\"https:\/\/dunod-formation.com\/petite-enfance\/nos-partenaires\/\" \/>\n<meta property=\"og:site_name\" content=\"Dunod Formation Petite Enfance\" \/>\n<meta property=\"article:modified_time\" content=\"2021-10-13T11:59:50+00:00\" \/>\n<meta property=\"og:image\" content=\"https:\/\/dunod-formation.com\/petite-enfance\/wp-content\/uploads\/2021\/06\/Partenaires-Formations-Dunod-1.jpg\" \/>\n\t<meta property=\"og:image:width\" content=\"1800\" \/>\n\t<meta property=\"og:image:height\" content=\"600\" \/>\n\t<meta property=\"og:image:type\" content=\"image\/jpeg\" \/>\n<meta name=\"twitter:card\" content=\"summary_large_image\" \/>\n<script type=\"application\/ld+json\" class=\"yoast-schema-graph\">{\"@context\":\"https:\/\/schema.org\",\"@graph\":[{\"@type\":\"WebPage\",\"@id\":\"https:\/\/dunod-formation.com\/petite-enfance\/nos-partenaires\/\",\"url\":\"https:\/\/dunod-formation.com\/petite-enfance\/nos-partenaires\/\",\"name\":\"Nos partenaires - Dunod Formation Petite Enfance\",\"isPartOf\":{\"@id\":\"https:\/\/dunod-formation.com\/petite-enfance\/#website\"},\"datePublished\":\"2021-05-31T13:09:27+00:00\",\"dateModified\":\"2021-10-13T11:59:50+00:00\",\"breadcrumb\":{\"@id\":\"https:\/\/dunod-formation.com\/petite-enfance\/nos-partenaires\/#breadcrumb\"},\"inLanguage\":\"fr-FR\",\"potentialAction\":[{\"@type\":\"ReadAction\",\"target\":[\"https:\/\/dunod-formation.com\/petite-enfance\/nos-partenaires\/\"]}]},{\"@type\":\"BreadcrumbList\",\"@id\":\"https:\/\/dunod-formation.com\/petite-enfance\/nos-partenaires\/#breadcrumb\",\"itemListElement\":[{\"@type\":\"ListItem\",\"position\":1,\"name\":\"Accueil\",\"item\":\"https:\/\/dunod-formation.com\/petite-enfance\/\"},{\"@type\":\"ListItem\",\"position\":2,\"name\":\"Nos partenaires\"}]},{\"@type\":\"WebSite\",\"@id\":\"https:\/\/dunod-formation.com\/petite-enfance\/#website\",\"url\":\"https:\/\/dunod-formation.com\/petite-enfance\/\",\"name\":\"Dunod Formation Petite Enfance\",\"description\":\"La formation 100% en ligne pour les professionnels de la petite enfance\",\"potentialAction\":[{\"@type\":\"SearchAction\",\"target\":{\"@type\":\"EntryPoint\",\"urlTemplate\":\"https:\/\/dunod-formation.com\/petite-enfance\/?s={search_term_string}\"},\"query-input\":\"required name=search_term_string\"}],\"inLanguage\":\"fr-FR\"}]}<\/script>\n<!-- \/ Yoast SEO plugin. -->","yoast_head_json":{"title":"Nos partenaires - Dunod Formation Petite Enfance","robots":{"index":"index","follow":"follow","max-snippet":"max-snippet:-1","max-image-preview":"max-image-preview:large","max-video-preview":"max-video-preview:-1"},"canonical":"https:\/\/dunod-formation.com\/petite-enfance\/nos-partenaires\/","og_locale":"fr_FR","og_type":"article","og_title":"Nos partenaires - Dunod Formation Petite Enfance","og_description":"Les pros de la petite enfance Partenaires de la premi\u00e8re heure, Dunod Formation et Les Pros de la Petite Enfance ont cr\u00e9\u00e9 ensemble le premier catalogue de formations en ligne d\u00e9di\u00e9 aux professionnels de la Petite Enfance, avec pour objectifs de faciliter leur professionnalisation, de valoriser et d\u2019enrichir leurs comp\u00e9tences et savoir-faire et d\u2019actualiser leurs [...]Lire la suite\u2026 from Nos partenaires","og_url":"https:\/\/dunod-formation.com\/petite-enfance\/nos-partenaires\/","og_site_name":"Dunod Formation Petite Enfance","article_modified_time":"2021-10-13T11:59:50+00:00","og_image":[{"width":1800,"height":600,"url":"https:\/\/dunod-formation.com\/petite-enfance\/wp-content\/uploads\/2021\/06\/Partenaires-Formations-Dunod-1.jpg","type":"image\/jpeg"}],"twitter_card":"summary_large_image","schema":{"@context":"https:\/\/schema.org","@graph":[{"@type":"WebPage","@id":"https:\/\/dunod-formation.com\/petite-enfance\/nos-partenaires\/","url":"https:\/\/dunod-formation.com\/petite-enfance\/nos-partenaires\/","name":"Nos partenaires - Dunod Formation Petite Enfance","isPartOf":{"@id":"https:\/\/dunod-formation.com\/petite-enfance\/#website"},"datePublished":"2021-05-31T13:09:27+00:00","dateModified":"2021-10-13T11:59:50+00:00","breadcrumb":{"@id":"https:\/\/dunod-formation.com\/petite-enfance\/nos-partenaires\/#breadcrumb"},"inLanguage":"fr-FR","potentialAction":[{"@type":"ReadAction","target":["https:\/\/dunod-formation.com\/petite-enfance\/nos-partenaires\/"]}]},{"@type":"BreadcrumbList","@id":"https:\/\/dunod-formation.com\/petite-enfance\/nos-partenaires\/#breadcrumb","itemListElement":[{"@type":"ListItem","position":1,"name":"Accueil","item":"https:\/\/dunod-formation.com\/petite-enfance\/"},{"@type":"ListItem","position":2,"name":"Nos partenaires"}]},{"@type":"WebSite","@id":"https:\/\/dunod-formation.com\/petite-enfance\/#website","url":"https:\/\/dunod-formation.com\/petite-enfance\/","name":"Dunod Formation Petite Enfance","description":"La formation 100% en ligne pour les professionnels de la petite enfance","potentialAction":[{"@type":"SearchAction","target":{"@type":"EntryPoint","urlTemplate":"https:\/\/dunod-formation.com\/petite-enfance\/?s={search_term_string}"},"query-input":"required name=search_term_string"}],"inLanguage":"fr-FR"}]}},"_links":{"self":[{"href":"https:\/\/dunod-formation.com\/petite-enfance\/wp-json\/wp\/v2\/pages\/2503"}],"collection":[{"href":"https:\/\/dunod-formation.com\/petite-enfance\/wp-json\/wp\/v2\/pages"}],"about":[{"href":"https:\/\/dunod-formation.com\/petite-enfance\/wp-json\/wp\/v2\/types\/page"}],"author":[{"embeddable":true,"href":"https:\/\/dunod-formation.com\/petite-enfance\/wp-json\/wp\/v2\/users\/15"}],"replies":[{"embeddable":true,"href":"https:\/\/dunod-formation.com\/petite-enfance\/wp-json\/wp\/v2\/comments?post=2503"}],"version-history":[{"count":30,"href":"https:\/\/dunod-formation.com\/petite-enfance\/wp-json\/wp\/v2\/pages\/2503\/revisions"}],"predecessor-version":[{"id":3851,"href":"https:\/\/dunod-formation.com\/petite-enfance\/wp-json\/wp\/v2\/pages\/2503\/revisions\/3851"}],"wp:featuredmedia":[{"embeddable":true,"href":"https:\/\/dunod-formation.com\/petite-enfance\/wp-json\/wp\/v2\/media\/2585"}],"wp:attachment":[{"href":"https:\/\/dunod-formation.com\/petite-enfance\/wp-json\/wp\/v2\/media?parent=2503"}],"curies":[{"name":"wp","href":"https:\/\/api.w.org\/{rel}","templated":true}]}}