{"id":3267,"date":"2021-09-19T11:57:06","date_gmt":"2021-09-19T09:57:06","guid":{"rendered":"https:\/\/dunod-formation.com\/petite-enfance\/?page_id=3267"},"modified":"2024-05-19T17:23:47","modified_gmt":"2024-05-19T15:23:47","slug":"indicateurs-de-resultats-agressivite-enfants","status":"publish","type":"page","link":"https:\/\/dunod-formation.com\/petite-enfance\/indicateurs-de-resultats-agressivite-enfants\/","title":{"rendered":"Tout-petits qui tapent, poussent mordent ou griffent : comment r\u00e9agir \u00e0 l&rsquo;agressivit\u00e9 ?"},"content":{"rendered":"<p>DUNOD partage ici les indicateurs de performance des formations Petite Enfance que nous consid\u00e9rons les plus pertinents pour vous \u00e9clairer dans vos choix de formations.<\/p>\n<p>N. B. Sachez que l&rsquo;efficacit\u00e9 d&rsquo;une formation est un <strong>enjeu d&rsquo;implication de toutes les parties prenantes, de l&rsquo;amont \u00e0 l&rsquo;aval<\/strong> : commanditaires, organismes de formation, apprenants. L&rsquo;article <a href=\"https:\/\/dunod-formation.com\/petite-enfance\/conseils-efficacite-formation-digitale\/\">6 conseils pour optimiser la formation en ligne de vos \u00e9quipes<\/a> fournit aux commanditaires de pr\u00e9cieux conseils pour faire vivre les acquis de la formation au-del\u00e0 de sa finalisation. N&rsquo;h\u00e9sitez pas \u00e0 nous contacter pour toute pr\u00e9cision compl\u00e9mentaire : <a href=\"mailto:digital-learning@dunod.com\">digital-learning@dunod.com<\/a>.<\/p>\n<p>Date de mise en vente de cette formation : 16 octobre 2018.<\/p>\n<h2>Indicateur d&rsquo;assiduit\u00e9<\/h2>\n<p><strong>89 % <\/strong>des participants ont termin\u00e9 le parcours.<\/p>\n<p>Source : plate-forme 360Learning, r\u00e9sultats 2023.<\/p>\n<h2>Taux de validation du parcours<\/h2>\n<p><strong> 99 %<\/strong> des participants \u00e0 l&rsquo;\u00e9valuation finale ont atteint le score de validation (score \u2265 50% de bonnes r\u00e9ponses).<\/p>\n<p>Source : plate-forme 360Learning, r\u00e9sultats 2023.<\/p>\n<h2>\u00c9valuation de la satisfaction des apprenants<\/h2>\n<ul>\n<li>Les apprenants sont <strong>globalement tr\u00e8s satisfaits<\/strong> de\u00a0 la formation (note moyenne <strong>3,5\/4<\/strong>) ;<\/li>\n<li>Les apprenants consid\u00e8rent que la formation leur <strong>sera d&rsquo;une grande utilit\u00e9 en situation de travail<\/strong> (note moyenne de <strong>3,5\/4<\/strong>) ;<\/li>\n<li>Les apprenants <strong>recommanderaient vivement cette formation<\/strong> \u00e0 un(e) coll\u00e8gue (note moyenne de <strong>6,8\/8<\/strong>).<\/li>\n<\/ul>\n<p>Source : questionnaires de satisfaction apprenants re\u00e7us en 2023.<\/p>\n<h2>T\u00e9moignages utilisateurs (apprenants, commanditaires)<\/h2>\n<p>Consultez les t\u00e9moignages des personnes form\u00e9es au fil de leur mise en ligne.<\/p>\n<p>Ces t\u00e9moignages figurent en bas de la <a href=\"https:\/\/dunod-formation.com\/petite-enfance\/formation\/tout-petits-qui-tapent-poussent-mordent-ou-griffent\/\">fiche de pr\u00e9sentation de cette formation<\/a>.<\/p>\n<p>&nbsp;<\/p>\n<p>Date de derni\u00e8re mise \u00e0 jour de cette page : 17 mai 2024.<\/p>\n","protected":false},"excerpt":{"rendered":"<p>DUNOD partage ici les indicateurs de performance des formations Petite Enfance que nous consid\u00e9rons les plus pertinents pour vous \u00e9clairer dans vos choix de formations. N. B. Sachez que l&rsquo;efficacit\u00e9 d&rsquo;une formation est un enjeu d&rsquo;implication de toutes les parties prenantes, de l&rsquo;amont \u00e0 l&rsquo;aval : commanditaires, organismes de formation, apprenants. L&rsquo;article 6 conseils pour [&#8230;]<\/p>\n<p><a class=\"btn btn-secondary understrap-read-more-link\" href=\"https:\/\/dunod-formation.com\/petite-enfance\/indicateurs-de-resultats-agressivite-enfants\/\">Lire la suite\u2026<span class=\"screen-reader-text\"> from Tout-petits qui tapent, poussent mordent ou griffent : comment r\u00e9agir \u00e0 l&rsquo;agressivit\u00e9 ?<\/span><\/a><\/p>\n","protected":false},"author":11,"featured_media":2132,"parent":0,"menu_order":0,"comment_status":"closed","ping_status":"closed","template":"page-templates\/template-indicateurs.php","meta":[],"acf":[],"yoast_head":"<!-- This site is optimized with the Yoast SEO plugin v20.8 - https:\/\/yoast.com\/wordpress\/plugins\/seo\/ -->\n<title>Tout-petits qui tapent, poussent mordent ou griffent : comment r\u00e9agir \u00e0 l&#039;agressivit\u00e9 ? - Dunod Formation Petite Enfance<\/title>\n<meta name=\"robots\" content=\"index, follow, max-snippet:-1, max-image-preview:large, max-video-preview:-1\" \/>\n<link rel=\"canonical\" href=\"https:\/\/dunod-formation.com\/petite-enfance\/indicateurs-de-resultats-agressivite-enfants\/\" \/>\n<meta property=\"og:locale\" content=\"fr_FR\" \/>\n<meta property=\"og:type\" content=\"article\" \/>\n<meta property=\"og:title\" content=\"Tout-petits qui tapent, poussent mordent ou griffent : comment r\u00e9agir \u00e0 l&#039;agressivit\u00e9 ? - Dunod Formation Petite Enfance\" \/>\n<meta property=\"og:description\" content=\"DUNOD partage ici les indicateurs de performance des formations Petite Enfance que nous consid\u00e9rons les plus pertinents pour vous \u00e9clairer dans vos choix de formations. N. B. Sachez que l&rsquo;efficacit\u00e9 d&rsquo;une formation est un enjeu d&rsquo;implication de toutes les parties prenantes, de l&rsquo;amont \u00e0 l&rsquo;aval : commanditaires, organismes de formation, apprenants. L&rsquo;article 6 conseils pour [...]Lire la suite\u2026 from Tout-petits qui tapent, poussent mordent ou griffent : comment r\u00e9agir \u00e0 l&rsquo;agressivit\u00e9 ?\" \/>\n<meta property=\"og:url\" content=\"https:\/\/dunod-formation.com\/petite-enfance\/indicateurs-de-resultats-agressivite-enfants\/\" \/>\n<meta property=\"og:site_name\" content=\"Dunod Formation Petite Enfance\" \/>\n<meta property=\"article:modified_time\" content=\"2024-05-19T15:23:47+00:00\" \/>\n<meta property=\"og:image\" content=\"https:\/\/dunod-formation.com\/petite-enfance\/wp-content\/uploads\/2021\/03\/FAQ-Formations-Dunod-Petite-enfance.png\" \/>\n\t<meta property=\"og:image:width\" content=\"1440\" \/>\n\t<meta property=\"og:image:height\" content=\"480\" \/>\n\t<meta property=\"og:image:type\" content=\"image\/png\" \/>\n<meta name=\"twitter:card\" content=\"summary_large_image\" \/>\n<script type=\"application\/ld+json\" class=\"yoast-schema-graph\">{\"@context\":\"https:\/\/schema.org\",\"@graph\":[{\"@type\":\"WebPage\",\"@id\":\"https:\/\/dunod-formation.com\/petite-enfance\/indicateurs-de-resultats-agressivite-enfants\/\",\"url\":\"https:\/\/dunod-formation.com\/petite-enfance\/indicateurs-de-resultats-agressivite-enfants\/\",\"name\":\"Tout-petits qui tapent, poussent mordent ou griffent : comment r\u00e9agir \u00e0 l'agressivit\u00e9 ? - Dunod Formation Petite Enfance\",\"isPartOf\":{\"@id\":\"https:\/\/dunod-formation.com\/petite-enfance\/#website\"},\"datePublished\":\"2021-09-19T09:57:06+00:00\",\"dateModified\":\"2024-05-19T15:23:47+00:00\",\"breadcrumb\":{\"@id\":\"https:\/\/dunod-formation.com\/petite-enfance\/indicateurs-de-resultats-agressivite-enfants\/#breadcrumb\"},\"inLanguage\":\"fr-FR\",\"potentialAction\":[{\"@type\":\"ReadAction\",\"target\":[\"https:\/\/dunod-formation.com\/petite-enfance\/indicateurs-de-resultats-agressivite-enfants\/\"]}]},{\"@type\":\"BreadcrumbList\",\"@id\":\"https:\/\/dunod-formation.com\/petite-enfance\/indicateurs-de-resultats-agressivite-enfants\/#breadcrumb\",\"itemListElement\":[{\"@type\":\"ListItem\",\"position\":1,\"name\":\"Accueil\",\"item\":\"https:\/\/dunod-formation.com\/petite-enfance\/\"},{\"@type\":\"ListItem\",\"position\":2,\"name\":\"Tout-petits qui tapent, poussent mordent ou griffent : comment r\u00e9agir \u00e0 l&rsquo;agressivit\u00e9 ?\"}]},{\"@type\":\"WebSite\",\"@id\":\"https:\/\/dunod-formation.com\/petite-enfance\/#website\",\"url\":\"https:\/\/dunod-formation.com\/petite-enfance\/\",\"name\":\"Dunod Formation Petite Enfance\",\"description\":\"La formation 100% en ligne pour les professionnels de la petite enfance\",\"potentialAction\":[{\"@type\":\"SearchAction\",\"target\":{\"@type\":\"EntryPoint\",\"urlTemplate\":\"https:\/\/dunod-formation.com\/petite-enfance\/?s={search_term_string}\"},\"query-input\":\"required name=search_term_string\"}],\"inLanguage\":\"fr-FR\"}]}<\/script>\n<!-- \/ Yoast SEO plugin. -->","yoast_head_json":{"title":"Tout-petits qui tapent, poussent mordent ou griffent : comment r\u00e9agir \u00e0 l'agressivit\u00e9 ? - Dunod Formation Petite Enfance","robots":{"index":"index","follow":"follow","max-snippet":"max-snippet:-1","max-image-preview":"max-image-preview:large","max-video-preview":"max-video-preview:-1"},"canonical":"https:\/\/dunod-formation.com\/petite-enfance\/indicateurs-de-resultats-agressivite-enfants\/","og_locale":"fr_FR","og_type":"article","og_title":"Tout-petits qui tapent, poussent mordent ou griffent : comment r\u00e9agir \u00e0 l'agressivit\u00e9 ? - Dunod Formation Petite Enfance","og_description":"DUNOD partage ici les indicateurs de performance des formations Petite Enfance que nous consid\u00e9rons les plus pertinents pour vous \u00e9clairer dans vos choix de formations. N. B. Sachez que l&rsquo;efficacit\u00e9 d&rsquo;une formation est un enjeu d&rsquo;implication de toutes les parties prenantes, de l&rsquo;amont \u00e0 l&rsquo;aval : commanditaires, organismes de formation, apprenants. L&rsquo;article 6 conseils pour [...]Lire la suite\u2026 from Tout-petits qui tapent, poussent mordent ou griffent : comment r\u00e9agir \u00e0 l&rsquo;agressivit\u00e9 ?","og_url":"https:\/\/dunod-formation.com\/petite-enfance\/indicateurs-de-resultats-agressivite-enfants\/","og_site_name":"Dunod Formation Petite Enfance","article_modified_time":"2024-05-19T15:23:47+00:00","og_image":[{"width":1440,"height":480,"url":"https:\/\/dunod-formation.com\/petite-enfance\/wp-content\/uploads\/2021\/03\/FAQ-Formations-Dunod-Petite-enfance.png","type":"image\/png"}],"twitter_card":"summary_large_image","schema":{"@context":"https:\/\/schema.org","@graph":[{"@type":"WebPage","@id":"https:\/\/dunod-formation.com\/petite-enfance\/indicateurs-de-resultats-agressivite-enfants\/","url":"https:\/\/dunod-formation.com\/petite-enfance\/indicateurs-de-resultats-agressivite-enfants\/","name":"Tout-petits qui tapent, poussent mordent ou griffent : comment r\u00e9agir \u00e0 l'agressivit\u00e9 ? - Dunod Formation Petite Enfance","isPartOf":{"@id":"https:\/\/dunod-formation.com\/petite-enfance\/#website"},"datePublished":"2021-09-19T09:57:06+00:00","dateModified":"2024-05-19T15:23:47+00:00","breadcrumb":{"@id":"https:\/\/dunod-formation.com\/petite-enfance\/indicateurs-de-resultats-agressivite-enfants\/#breadcrumb"},"inLanguage":"fr-FR","potentialAction":[{"@type":"ReadAction","target":["https:\/\/dunod-formation.com\/petite-enfance\/indicateurs-de-resultats-agressivite-enfants\/"]}]},{"@type":"BreadcrumbList","@id":"https:\/\/dunod-formation.com\/petite-enfance\/indicateurs-de-resultats-agressivite-enfants\/#breadcrumb","itemListElement":[{"@type":"ListItem","position":1,"name":"Accueil","item":"https:\/\/dunod-formation.com\/petite-enfance\/"},{"@type":"ListItem","position":2,"name":"Tout-petits qui tapent, poussent mordent ou griffent : comment r\u00e9agir \u00e0 l&rsquo;agressivit\u00e9 ?"}]},{"@type":"WebSite","@id":"https:\/\/dunod-formation.com\/petite-enfance\/#website","url":"https:\/\/dunod-formation.com\/petite-enfance\/","name":"Dunod Formation Petite Enfance","description":"La formation 100% en ligne pour les professionnels de la petite enfance","potentialAction":[{"@type":"SearchAction","target":{"@type":"EntryPoint","urlTemplate":"https:\/\/dunod-formation.com\/petite-enfance\/?s={search_term_string}"},"query-input":"required name=search_term_string"}],"inLanguage":"fr-FR"}]}},"_links":{"self":[{"href":"https:\/\/dunod-formation.com\/petite-enfance\/wp-json\/wp\/v2\/pages\/3267"}],"collection":[{"href":"https:\/\/dunod-formation.com\/petite-enfance\/wp-json\/wp\/v2\/pages"}],"about":[{"href":"https:\/\/dunod-formation.com\/petite-enfance\/wp-json\/wp\/v2\/types\/page"}],"author":[{"embeddable":true,"href":"https:\/\/dunod-formation.com\/petite-enfance\/wp-json\/wp\/v2\/users\/11"}],"replies":[{"embeddable":true,"href":"https:\/\/dunod-formation.com\/petite-enfance\/wp-json\/wp\/v2\/comments?post=3267"}],"version-history":[{"count":31,"href":"https:\/\/dunod-formation.com\/petite-enfance\/wp-json\/wp\/v2\/pages\/3267\/revisions"}],"predecessor-version":[{"id":7294,"href":"https:\/\/dunod-formation.com\/petite-enfance\/wp-json\/wp\/v2\/pages\/3267\/revisions\/7294"}],"wp:featuredmedia":[{"embeddable":true,"href":"https:\/\/dunod-formation.com\/petite-enfance\/wp-json\/wp\/v2\/media\/2132"}],"wp:attachment":[{"href":"https:\/\/dunod-formation.com\/petite-enfance\/wp-json\/wp\/v2\/media?parent=3267"}],"curies":[{"name":"wp","href":"https:\/\/api.w.org\/{rel}","templated":true}]}}