{"id":3663,"date":"2021-09-28T10:47:16","date_gmt":"2021-09-28T08:47:16","guid":{"rendered":"https:\/\/dunod-formation.com\/petite-enfance\/?page_id=3663"},"modified":"2024-05-13T12:58:31","modified_gmt":"2024-05-13T10:58:31","slug":"indicateurs-de-resultat","status":"publish","type":"page","link":"https:\/\/dunod-formation.com\/petite-enfance\/indicateurs-de-resultat\/","title":{"rendered":"Indicateurs de r\u00e9sultat"},"content":{"rendered":"<p>DUNOD partage ici les indicateurs de performance des formations Petite Enfance que nous consid\u00e9rons les plus pertinents pour vous \u00e9clairer dans vos choix de formations. Ils concernent les parcours destin\u00e9s aux \u00ab\u00a0cr\u00e8ches\u00a0\u00bb.<\/p>\n<p>N. B. Sachez que l&rsquo;efficacit\u00e9 d&rsquo;une formation est un <strong>enjeu d&rsquo;implication de toutes les parties prenantes, de l&rsquo;amont \u00e0 l&rsquo;aval<\/strong> : commanditaires, organismes de formation, apprenants. L&rsquo;article <a href=\"https:\/\/dunod-formation.com\/petite-enfance\/conseils-efficacite-formation-digitale\/\">6 conseils pour optimiser la formation en ligne de vos \u00e9quipes<\/a> fournit aux commanditaires de pr\u00e9cieux conseils pour faire vivre les acquis de la formation au-del\u00e0 de sa finalisation. N&rsquo;h\u00e9sitez pas \u00e0 nous contacter pour toute pr\u00e9cision compl\u00e9mentaire : <a href=\"mailto:digital-learning@dunod.com\">digital-learning@dunod.com<\/a>.<\/p>\n<h2>e-learning \u00ab\u00a0cr\u00e8ches\u00a0\u00bb : parcours \u00e0 la carte<\/h2>\n<p><a href=\"https:\/\/dunod-formation.com\/petite-enfance\/indicateurs-de-resultats-communication-positive\/\">La communication positive : indicateurs de r\u00e9sultat<\/a><\/p>\n<p><a href=\"https:\/\/dunod-formation.com\/petite-enfance\/indicateurs-de-resultats-transmissions\/\">Les transmissions aux parents : indicateurs de r\u00e9sultat<\/a><\/p>\n<p><a href=\"https:\/\/dunod-formation.com\/petite-enfance\/indicateurs-de-resultats-agressivite-enfants\/\">Tout-petits qui tapent, poussent, mordent ou griffent : indicateurs de r\u00e9sultat<\/a><\/p>\n<p><a href=\"https:\/\/dunod-formation.com\/petite-enfance\/indicateurs-de-resultats-emotions\/\">Comprendre et accompagner les \u00e9motions de l&rsquo;enfant : indicateurs de r\u00e9sultat<\/a><\/p>\n<p><a href=\"https:\/\/dunod-formation.com\/petite-enfance\/indicateurs-de-resultats-jeux-libres\/\">Jeux libres et activit\u00e9s : indicateurs de r\u00e9sultat<\/a><\/p>\n<p><a href=\"https:\/\/dunod-formation.com\/petite-enfance\/indicateurs-de-resultats-espaces-de-jeux\/\">Am\u00e9nager et \u00e9quiper les espaces de jeux : indicateurs de r\u00e9sultat<\/a><\/p>\n<p><a href=\"https:\/\/dunod-formation.com\/petite-enfance\/indicateurs-de-resultats-psychomoteur-avant-marche\/\">Le d\u00e9veloppement psychomoteur avant la marche : indicateurs de r\u00e9sultat<\/a><\/p>\n<p><a href=\"https:\/\/dunod-formation.com\/petite-enfance\/indicateurs-de-resultats-psychomoteur-apres-marche\/\">Le d\u00e9veloppement psychomoteur apr\u00e8s la marche : indicateurs de r\u00e9sultat<\/a><\/p>\n<p><a href=\"https:\/\/dunod-formation.com\/petite-enfance\/indicateurs-de-resultats-proprete\/\">Accompagner l&rsquo;enfant dans l&rsquo;acquisition de la propret\u00e9 : indicateurs de r\u00e9sultat<\/a><\/p>\n<p><a href=\"https:\/\/dunod-formation.com\/petite-enfance\/indicateurs-de-resultats-portage\/\">Portage psychique et physique : indicateurs de r\u00e9sultat<\/a><\/p>\n<p><a href=\"https:\/\/dunod-formation.com\/petite-enfance\/indicateurs-de-resultats-systeme-reference\/\">Mettre en place le syst\u00e8me de r\u00e9f\u00e9rence : indicateurs de r\u00e9sultat<\/a><\/p>\n<p><a href=\"https:\/\/dunod-formation.com\/petite-enfance\/indicateurs-de-resultats-management-micro-creche\/\">Management et coh\u00e9sion d&rsquo;\u00e9quipe en micro-cr\u00e8che : indicateurs de r\u00e9sultat<\/a><\/p>\n<p><a href=\"https:\/\/dunod-formation.com\/petite-enfance\/indicateurs-de-resultats-parentalite\/\">Accompagner la parentalit\u00e9 : indicateurs de r\u00e9sultat<\/a><\/p>\n<p><a href=\"https:\/\/dunod-formation.com\/petite-enfance\/indicateurs-de-resultats-alimentation\/\">L&rsquo;alimentation de 0 \u00e0 3 ans : indicateurs de r\u00e9sultat<\/a><\/p>\n<p><a href=\"https:\/\/dunod-formation.com\/petite-enfance\/indicateurs-de-resultats-communication-langage\/\">Communication et d\u00e9veloppement du langage de 0 \u00e0 3 ans : indicateurs de r\u00e9sultat<\/a><\/p>\n<p><a href=\"https:\/\/dunod-formation.com\/petite-enfance\/indicateurs-de-resultats-handicap\/\">Accueillir un enfant en situation de handicap : indicateurs de r\u00e9sultat<\/a><\/p>\n<p><a href=\"https:\/\/dunod-formation.com\/petite-enfance\/indicateurs-de-resultats-se-liberer-du-stress\/\">Se lib\u00e9rer du stress et retrouver son \u00e9nergie : respiration, yoga, relaxation : indicateurs de r\u00e9sultat<\/a><\/p>\n<p><a href=\"https:\/\/dunod-formation.com\/petite-enfance\/indicateurs-de-resultats-eveil-a-la-nature\/\">\u00c9veil \u00e0 la nature : indicateurs de r\u00e9sultat<\/a><\/p>\n<p><a href=\"https:\/\/dunod-formation.com\/petite-enfance\/indicateurs-de-resultats-eveil-sensoriel-approche-snoezelen\/\">\u00c9veil sensoriel de l&rsquo;enfant et approche Snoezelen : indicateurs de r\u00e9sultat<\/a><\/p>\n<p><a href=\"https:\/\/dunod-formation.com\/petite-enfance\/indicateurs-de-resultats-communication-gestuelle-associee-parole\/\">Communication gestuelle associ\u00e9e \u00e0 la parole<\/a><\/p>\n<h2>e-learning \u00ab\u00a0cr\u00e8ches\u00a0\u00bb : parcours th\u00e9matiques<\/h2>\n<p><a href=\"https:\/\/dunod-formation.com\/petite-enfance\/indicateurs-de-resultats-essentiels-relation-enfant\/\">Les essentiels de la relation avec l&rsquo;enfant : indicateurs de r\u00e9sultat<\/a><\/p>\n<p><a href=\"https:\/\/dunod-formation.com\/petite-enfance\/indicateurs-de-resultats-essentiels-jeu\/\">Les essentiels du jeu en petite enfance : indicateurs de r\u00e9sultat<\/a><\/p>\n<p><a href=\"https:\/\/dunod-formation.com\/petite-enfance\/indicateurs-de-resultats-essentiels-psychomoteur\/\">Les essentiels du d\u00e9veloppement psychomoteur : indicateurs de r\u00e9sultat<\/a><\/p>\n<p><a href=\"https:\/\/dunod-formation.com\/petite-enfance\/indicateurs-de-resultats-essentiels-relation-parents\/\">Les essentiels de la relation avec les parents : indicateurs de r\u00e9sultat<\/a><\/p>\n<p><a href=\"https:\/\/dunod-formation.com\/petite-enfance\/indicateurs-de-resultats-essentiels-pratiques-pro-petite-enfance\/\">Les essentiels des pratiques professionnelles en petite enfance : indicateurs de r\u00e9sultat<\/a><\/p>\n<p><a href=\"https:\/\/dunod-formation.com\/petite-enfance\/indicateurs-de-resultats-essentiels-communication\/\">Les essentiels de la communication de 0 \u00e0 3 ans : indicateurs de r\u00e9sultat<\/a><\/p>\n<p><a href=\"https:\/\/dunod-formation.com\/petite-enfance\/indicateurs-de-resultats-essentiels-eveil-sensoriel\/\">Les essentiels de l&rsquo;\u00e9veil sensoriel : indicateurs de r\u00e9sultat<\/a><\/p>\n<h2>e-learning \u00ab\u00a0cr\u00e8ches\u00a0\u00bb : parcours multith\u00e9matiques<\/h2>\n<p><a href=\"https:\/\/dunod-formation.com\/petite-enfance\/indicateurs-de-resultats-fondamentaux-pro-petite-enfance\/\">Les fondamentaux des professionnels de la petite enfance : indicateurs de r\u00e9sultat<\/a><\/p>\n<p><a href=\"https:\/\/dunod-formation.com\/petite-enfance\/indicateurs-de-resultats-integral-professionnels-petite-enfance\/\">L\u2019int\u00e9gral des Professionnels de la Petite Enfance : indicateurs de r\u00e9sultat<\/a><\/p>\n<p>&nbsp;<\/p>\n<h2>e-learning Assistantes maternelles : indicateurs de r\u00e9sultat<\/h2>\n<p><a href=\"https:\/\/dunod-formation.com\/petite-enfance\/indicateurs-de-resultats-comprendre-les-emotions-pour-mieux-accompagner-lenfant-au-quotidien\/\">Comprendre les \u00e9motions pour mieux accompagner l&rsquo;enfant au quotidien\u200b : indicateurs de r\u00e9sultat<\/a><\/p>\n<h2>Prestations synchrones \u00e0 distance : indicateurs de r\u00e9sultat<\/h2>\n<p>Consultez les <a href=\"https:\/\/dunod-formation.com\/petite-enfance\/indicateurs-de-resultats-classes-virtuelles\/\">indicateurs de r\u00e9sultat des classes virtuelles th\u00e9matiques<\/a> de Dunod propos\u00e9es sur demande et sur mesure en compl\u00e9ment de parcours e-learning.<\/p>\n<p><a href=\"https:\/\/dunod-formation.com\/petite-enfance\/indicateurs-de-resultats-analyse-de-pratique-pro\/\">\u00a0Analyse des pratiques professionnelles : indicateurs de r\u00e9sultat<\/a><\/p>\n<h2>Pr\u00e9sentiel : indicateurs de r\u00e9sultat<\/h2>\n<p>Consultez les <a href=\"https:\/\/dunod-formation.com\/petite-enfance\/indicateurs-de-resultats-presentiel\/\">indicateurs de r\u00e9sultat des formations en pr\u00e9sentiel<\/a> de Dunod organis\u00e9es sur demande et sur mesure dans le cadre de journ\u00e9es p\u00e9dagogiques.<\/p>\n<p>&nbsp;<\/p>\n<p>Date de derni\u00e8re modification : 23 avril 2024.<\/p>\n","protected":false},"excerpt":{"rendered":"<p>DUNOD partage ici les indicateurs de performance des formations Petite Enfance que nous consid\u00e9rons les plus pertinents pour vous \u00e9clairer dans vos choix de formations. Ils concernent les parcours destin\u00e9s aux \u00ab\u00a0cr\u00e8ches\u00a0\u00bb. N. B. Sachez que l&rsquo;efficacit\u00e9 d&rsquo;une formation est un enjeu d&rsquo;implication de toutes les parties prenantes, de l&rsquo;amont \u00e0 l&rsquo;aval : commanditaires, organismes [&#8230;]<\/p>\n<p><a class=\"btn btn-secondary understrap-read-more-link\" href=\"https:\/\/dunod-formation.com\/petite-enfance\/indicateurs-de-resultat\/\">Lire la suite\u2026<span class=\"screen-reader-text\"> from Indicateurs de r\u00e9sultat<\/span><\/a><\/p>\n","protected":false},"author":11,"featured_media":2132,"parent":0,"menu_order":0,"comment_status":"closed","ping_status":"closed","template":"page-templates\/template-indicateurs.php","meta":[],"acf":[],"yoast_head":"<!-- This site is optimized with the Yoast SEO plugin v20.8 - https:\/\/yoast.com\/wordpress\/plugins\/seo\/ -->\n<title>Indicateurs de r\u00e9sultat - Dunod Formation Petite Enfance<\/title>\n<meta name=\"robots\" content=\"index, follow, max-snippet:-1, max-image-preview:large, max-video-preview:-1\" \/>\n<link rel=\"canonical\" href=\"https:\/\/dunod-formation.com\/petite-enfance\/indicateurs-de-resultat\/\" \/>\n<meta property=\"og:locale\" content=\"fr_FR\" \/>\n<meta property=\"og:type\" content=\"article\" \/>\n<meta property=\"og:title\" content=\"Indicateurs de r\u00e9sultat - Dunod Formation Petite Enfance\" \/>\n<meta property=\"og:description\" content=\"DUNOD partage ici les indicateurs de performance des formations Petite Enfance que nous consid\u00e9rons les plus pertinents pour vous \u00e9clairer dans vos choix de formations. Ils concernent les parcours destin\u00e9s aux \u00ab\u00a0cr\u00e8ches\u00a0\u00bb. N. B. Sachez que l&rsquo;efficacit\u00e9 d&rsquo;une formation est un enjeu d&rsquo;implication de toutes les parties prenantes, de l&rsquo;amont \u00e0 l&rsquo;aval : commanditaires, organismes [...]Lire la suite\u2026 from Indicateurs de r\u00e9sultat\" \/>\n<meta property=\"og:url\" content=\"https:\/\/dunod-formation.com\/petite-enfance\/indicateurs-de-resultat\/\" \/>\n<meta property=\"og:site_name\" content=\"Dunod Formation Petite Enfance\" \/>\n<meta property=\"article:modified_time\" content=\"2024-05-13T10:58:31+00:00\" \/>\n<meta property=\"og:image\" content=\"https:\/\/dunod-formation.com\/petite-enfance\/wp-content\/uploads\/2021\/03\/FAQ-Formations-Dunod-Petite-enfance.png\" \/>\n\t<meta property=\"og:image:width\" content=\"1440\" \/>\n\t<meta property=\"og:image:height\" content=\"480\" \/>\n\t<meta property=\"og:image:type\" content=\"image\/png\" \/>\n<meta name=\"twitter:card\" content=\"summary_large_image\" \/>\n<script type=\"application\/ld+json\" class=\"yoast-schema-graph\">{\"@context\":\"https:\/\/schema.org\",\"@graph\":[{\"@type\":\"WebPage\",\"@id\":\"https:\/\/dunod-formation.com\/petite-enfance\/indicateurs-de-resultat\/\",\"url\":\"https:\/\/dunod-formation.com\/petite-enfance\/indicateurs-de-resultat\/\",\"name\":\"Indicateurs de r\u00e9sultat - Dunod Formation Petite Enfance\",\"isPartOf\":{\"@id\":\"https:\/\/dunod-formation.com\/petite-enfance\/#website\"},\"datePublished\":\"2021-09-28T08:47:16+00:00\",\"dateModified\":\"2024-05-13T10:58:31+00:00\",\"breadcrumb\":{\"@id\":\"https:\/\/dunod-formation.com\/petite-enfance\/indicateurs-de-resultat\/#breadcrumb\"},\"inLanguage\":\"fr-FR\",\"potentialAction\":[{\"@type\":\"ReadAction\",\"target\":[\"https:\/\/dunod-formation.com\/petite-enfance\/indicateurs-de-resultat\/\"]}]},{\"@type\":\"BreadcrumbList\",\"@id\":\"https:\/\/dunod-formation.com\/petite-enfance\/indicateurs-de-resultat\/#breadcrumb\",\"itemListElement\":[{\"@type\":\"ListItem\",\"position\":1,\"name\":\"Accueil\",\"item\":\"https:\/\/dunod-formation.com\/petite-enfance\/\"},{\"@type\":\"ListItem\",\"position\":2,\"name\":\"Indicateurs de r\u00e9sultat\"}]},{\"@type\":\"WebSite\",\"@id\":\"https:\/\/dunod-formation.com\/petite-enfance\/#website\",\"url\":\"https:\/\/dunod-formation.com\/petite-enfance\/\",\"name\":\"Dunod Formation Petite Enfance\",\"description\":\"La formation 100% en ligne pour les professionnels de la petite enfance\",\"potentialAction\":[{\"@type\":\"SearchAction\",\"target\":{\"@type\":\"EntryPoint\",\"urlTemplate\":\"https:\/\/dunod-formation.com\/petite-enfance\/?s={search_term_string}\"},\"query-input\":\"required name=search_term_string\"}],\"inLanguage\":\"fr-FR\"}]}<\/script>\n<!-- \/ Yoast SEO plugin. -->","yoast_head_json":{"title":"Indicateurs de r\u00e9sultat - Dunod Formation Petite Enfance","robots":{"index":"index","follow":"follow","max-snippet":"max-snippet:-1","max-image-preview":"max-image-preview:large","max-video-preview":"max-video-preview:-1"},"canonical":"https:\/\/dunod-formation.com\/petite-enfance\/indicateurs-de-resultat\/","og_locale":"fr_FR","og_type":"article","og_title":"Indicateurs de r\u00e9sultat - Dunod Formation Petite Enfance","og_description":"DUNOD partage ici les indicateurs de performance des formations Petite Enfance que nous consid\u00e9rons les plus pertinents pour vous \u00e9clairer dans vos choix de formations. Ils concernent les parcours destin\u00e9s aux \u00ab\u00a0cr\u00e8ches\u00a0\u00bb. N. B. Sachez que l&rsquo;efficacit\u00e9 d&rsquo;une formation est un enjeu d&rsquo;implication de toutes les parties prenantes, de l&rsquo;amont \u00e0 l&rsquo;aval : commanditaires, organismes [...]Lire la suite\u2026 from Indicateurs de r\u00e9sultat","og_url":"https:\/\/dunod-formation.com\/petite-enfance\/indicateurs-de-resultat\/","og_site_name":"Dunod Formation Petite Enfance","article_modified_time":"2024-05-13T10:58:31+00:00","og_image":[{"width":1440,"height":480,"url":"https:\/\/dunod-formation.com\/petite-enfance\/wp-content\/uploads\/2021\/03\/FAQ-Formations-Dunod-Petite-enfance.png","type":"image\/png"}],"twitter_card":"summary_large_image","schema":{"@context":"https:\/\/schema.org","@graph":[{"@type":"WebPage","@id":"https:\/\/dunod-formation.com\/petite-enfance\/indicateurs-de-resultat\/","url":"https:\/\/dunod-formation.com\/petite-enfance\/indicateurs-de-resultat\/","name":"Indicateurs de r\u00e9sultat - Dunod Formation Petite Enfance","isPartOf":{"@id":"https:\/\/dunod-formation.com\/petite-enfance\/#website"},"datePublished":"2021-09-28T08:47:16+00:00","dateModified":"2024-05-13T10:58:31+00:00","breadcrumb":{"@id":"https:\/\/dunod-formation.com\/petite-enfance\/indicateurs-de-resultat\/#breadcrumb"},"inLanguage":"fr-FR","potentialAction":[{"@type":"ReadAction","target":["https:\/\/dunod-formation.com\/petite-enfance\/indicateurs-de-resultat\/"]}]},{"@type":"BreadcrumbList","@id":"https:\/\/dunod-formation.com\/petite-enfance\/indicateurs-de-resultat\/#breadcrumb","itemListElement":[{"@type":"ListItem","position":1,"name":"Accueil","item":"https:\/\/dunod-formation.com\/petite-enfance\/"},{"@type":"ListItem","position":2,"name":"Indicateurs de r\u00e9sultat"}]},{"@type":"WebSite","@id":"https:\/\/dunod-formation.com\/petite-enfance\/#website","url":"https:\/\/dunod-formation.com\/petite-enfance\/","name":"Dunod Formation Petite Enfance","description":"La formation 100% en ligne pour les professionnels de la petite enfance","potentialAction":[{"@type":"SearchAction","target":{"@type":"EntryPoint","urlTemplate":"https:\/\/dunod-formation.com\/petite-enfance\/?s={search_term_string}"},"query-input":"required name=search_term_string"}],"inLanguage":"fr-FR"}]}},"_links":{"self":[{"href":"https:\/\/dunod-formation.com\/petite-enfance\/wp-json\/wp\/v2\/pages\/3663"}],"collection":[{"href":"https:\/\/dunod-formation.com\/petite-enfance\/wp-json\/wp\/v2\/pages"}],"about":[{"href":"https:\/\/dunod-formation.com\/petite-enfance\/wp-json\/wp\/v2\/types\/page"}],"author":[{"embeddable":true,"href":"https:\/\/dunod-formation.com\/petite-enfance\/wp-json\/wp\/v2\/users\/11"}],"replies":[{"embeddable":true,"href":"https:\/\/dunod-formation.com\/petite-enfance\/wp-json\/wp\/v2\/comments?post=3663"}],"version-history":[{"count":49,"href":"https:\/\/dunod-formation.com\/petite-enfance\/wp-json\/wp\/v2\/pages\/3663\/revisions"}],"predecessor-version":[{"id":7140,"href":"https:\/\/dunod-formation.com\/petite-enfance\/wp-json\/wp\/v2\/pages\/3663\/revisions\/7140"}],"wp:featuredmedia":[{"embeddable":true,"href":"https:\/\/dunod-formation.com\/petite-enfance\/wp-json\/wp\/v2\/media\/2132"}],"wp:attachment":[{"href":"https:\/\/dunod-formation.com\/petite-enfance\/wp-json\/wp\/v2\/media?parent=3663"}],"curies":[{"name":"wp","href":"https:\/\/api.w.org\/{rel}","templated":true}]}}