{"id":4052,"date":"2021-11-03T09:07:53","date_gmt":"2021-11-03T08:07:53","guid":{"rendered":"https:\/\/dunod-formation.com\/petite-enfance\/?page_id=4052"},"modified":"2024-05-20T18:32:04","modified_gmt":"2024-05-20T16:32:04","slug":"indicateurs-de-resultats-classes-virtuelles","status":"publish","type":"page","link":"https:\/\/dunod-formation.com\/petite-enfance\/indicateurs-de-resultats-classes-virtuelles\/","title":{"rendered":"Classes virtuelles Dunod Petite Enfance"},"content":{"rendered":"<p>Propos\u00e9es \u00e0 partir de 8 apprenants et positionn\u00e9es comme des jalons au sein d\u2019un parcours de formation e-learning, ces <a href=\"https:\/\/dunod-formation.com\/petite-enfance\/formation\/classe-virtuelle-1-heure-30\/\" target=\"_blank\" rel=\"noopener\">classes virtuelles sur demande et sur mesure<\/a> favorisent la dynamique de groupe entre les apprenants et le formateur : retours d\u2019exp\u00e9rience, questions-r\u00e9ponses, projections sur la mise en pratique.<\/p>\n<p>Ces classes sont syst\u00e9matiquement con\u00e7ues en fonction des attentes sp\u00e9cifiques de chaque structure d\u2019accueil : programme, date, horaires. Pour faciliter le regroupement des \u00e9quipes lors des classes virtuelles, DUNOD propose \u00e9galement leur d\u00e9roulement en fin de journ\u00e9e, apr\u00e8s la fermeture de la structure.<\/p>\n<p>Dur\u00e9e moyenne des classes virtuelles : 1 heure 30 minutes<\/p>\n<p>Les indicateurs de synth\u00e8se ci-dessous sont <span style=\"background-color: var(--bs-body-bg); color: var(--bs-body-color); font-family: var(--bs-body-font-family); font-size: var(--bs-body-font-size); font-weight: var(--bs-body-font-weight); text-align: var(--bs-body-text-align);\">r\u00e9guli\u00e8rement actualis\u00e9s.<\/span><\/p>\n<h2>\u00c9valuation de la satisfaction des participants aux classes virtuelles<\/h2>\n<p>Les apprenants sont globalement <strong>tr\u00e8s satisfaits de la formation<\/strong> (note moyenne <strong>4,2\/4<\/strong>) ;<\/p>\n<p>Les apprenants consid\u00e8rent que la formation leur sera d&rsquo;une <strong>grande utilit\u00e9 en situation de travail<\/strong> (note moyenne de <strong>4,3\/4<\/strong>) ;<\/p>\n<p>Les apprenants <strong>recommanderaient vivement cette formation<\/strong> \u00e0<span class=\"ui-provider dw bbq avn bbr bbs bbt bbu bbv bbw bbx bby bbz bca bcb bcc bcd bce bcf bcg bch bci bcj bck bcl bcm bcn bco bcp bcq bcr bcs bct bcu bcv bcw\" dir=\"ltr\">\u00a0un autre professionnel du secteur<\/span> (note moyenne de <strong>4,4\/5<\/strong>).<\/p>\n<p>Source : Dendreo, questionnaires de satisfaction des stagiaires re\u00e7us en 2023.<\/p>\n<h2>Classes virtuelles : retours d&rsquo;exp\u00e9rience sur ces temps d&rsquo;\u00e9change<\/h2>\n<p><span style=\"font-size: 1rem;\">T\u00e9moignages des structures d\u2019accueil sur le potentiel de mise en pratique des classes virtuelles en compl\u00e9ment des parcours : <\/span><\/p>\n<p><a style=\"background-color: #ffffff; font-size: 1rem;\" href=\"https:\/\/lesprosdelapetiteenfance.fr\/vie-professionnelle\/organisation-et-pratiques-professionnelles\/la-classe-virtuelle-un-accompagnement-sur-mesure-pour-former-les-equipes-en-eaje\" target=\"_blank\" rel=\"noopener\">Reportage en partenariat avec Les pros de la Petite Enfance<\/a><span style=\"font-size: 1rem;\"> (28 octobre 2021).<\/span><\/p>\n<p><a href=\"https:\/\/dunod-formation.com\/petite-enfance\/clients\/\">Autres t\u00e9moignages de participants (2022, 2023)<\/a><\/p>\n<p>Le saviez-vous ? Depuis 2023, DUNOD propose \u00e9galement des <a href=\"https:\/\/dunod-formation.com\/petite-enfance\/formation\/analyse-de-pratique-professionnelle\/\">sessions d&rsquo;Analyse des pratiques professionnelles (APP) \u00e0 vis\u00e9e formative<\/a> \u00e0 distance.<\/p>\n<p>Date de derni\u00e8re mise \u00e0 jour de cette page : 20 mai 2024.<\/p>\n","protected":false},"excerpt":{"rendered":"<p>Propos\u00e9es \u00e0 partir de 8 apprenants et positionn\u00e9es comme des jalons au sein d\u2019un parcours de formation e-learning, ces classes virtuelles sur demande et sur mesure favorisent la dynamique de groupe entre les apprenants et le formateur : retours d\u2019exp\u00e9rience, questions-r\u00e9ponses, projections sur la mise en pratique. Ces classes sont syst\u00e9matiquement con\u00e7ues en fonction des [&#8230;]<\/p>\n<p><a class=\"btn btn-secondary understrap-read-more-link\" href=\"https:\/\/dunod-formation.com\/petite-enfance\/indicateurs-de-resultats-classes-virtuelles\/\">Lire la suite\u2026<span class=\"screen-reader-text\"> from Classes virtuelles Dunod Petite Enfance<\/span><\/a><\/p>\n","protected":false},"author":11,"featured_media":2132,"parent":0,"menu_order":0,"comment_status":"closed","ping_status":"closed","template":"page-templates\/template-indicateurs.php","meta":[],"acf":[],"yoast_head":"<!-- This site is optimized with the Yoast SEO plugin v20.8 - https:\/\/yoast.com\/wordpress\/plugins\/seo\/ -->\n<title>Classes virtuelles Dunod Petite Enfance - Dunod Formation Petite Enfance<\/title>\n<meta name=\"robots\" content=\"index, follow, max-snippet:-1, max-image-preview:large, max-video-preview:-1\" \/>\n<link rel=\"canonical\" href=\"https:\/\/dunod-formation.com\/petite-enfance\/indicateurs-de-resultats-classes-virtuelles\/\" \/>\n<meta property=\"og:locale\" content=\"fr_FR\" \/>\n<meta property=\"og:type\" content=\"article\" \/>\n<meta property=\"og:title\" content=\"Classes virtuelles Dunod Petite Enfance - Dunod Formation Petite Enfance\" \/>\n<meta property=\"og:description\" content=\"Propos\u00e9es \u00e0 partir de 8 apprenants et positionn\u00e9es comme des jalons au sein d\u2019un parcours de formation e-learning, ces classes virtuelles sur demande et sur mesure favorisent la dynamique de groupe entre les apprenants et le formateur : retours d\u2019exp\u00e9rience, questions-r\u00e9ponses, projections sur la mise en pratique. Ces classes sont syst\u00e9matiquement con\u00e7ues en fonction des [...]Lire la suite\u2026 from Classes virtuelles Dunod Petite Enfance\" \/>\n<meta property=\"og:url\" content=\"https:\/\/dunod-formation.com\/petite-enfance\/indicateurs-de-resultats-classes-virtuelles\/\" \/>\n<meta property=\"og:site_name\" content=\"Dunod Formation Petite Enfance\" \/>\n<meta property=\"article:modified_time\" content=\"2024-05-20T16:32:04+00:00\" \/>\n<meta property=\"og:image\" content=\"https:\/\/dunod-formation.com\/petite-enfance\/wp-content\/uploads\/2021\/03\/FAQ-Formations-Dunod-Petite-enfance.png\" \/>\n\t<meta property=\"og:image:width\" content=\"1440\" \/>\n\t<meta property=\"og:image:height\" content=\"480\" \/>\n\t<meta property=\"og:image:type\" content=\"image\/png\" \/>\n<meta name=\"twitter:card\" content=\"summary_large_image\" \/>\n<script type=\"application\/ld+json\" class=\"yoast-schema-graph\">{\"@context\":\"https:\/\/schema.org\",\"@graph\":[{\"@type\":\"WebPage\",\"@id\":\"https:\/\/dunod-formation.com\/petite-enfance\/indicateurs-de-resultats-classes-virtuelles\/\",\"url\":\"https:\/\/dunod-formation.com\/petite-enfance\/indicateurs-de-resultats-classes-virtuelles\/\",\"name\":\"Classes virtuelles Dunod Petite Enfance - Dunod Formation Petite Enfance\",\"isPartOf\":{\"@id\":\"https:\/\/dunod-formation.com\/petite-enfance\/#website\"},\"datePublished\":\"2021-11-03T08:07:53+00:00\",\"dateModified\":\"2024-05-20T16:32:04+00:00\",\"breadcrumb\":{\"@id\":\"https:\/\/dunod-formation.com\/petite-enfance\/indicateurs-de-resultats-classes-virtuelles\/#breadcrumb\"},\"inLanguage\":\"fr-FR\",\"potentialAction\":[{\"@type\":\"ReadAction\",\"target\":[\"https:\/\/dunod-formation.com\/petite-enfance\/indicateurs-de-resultats-classes-virtuelles\/\"]}]},{\"@type\":\"BreadcrumbList\",\"@id\":\"https:\/\/dunod-formation.com\/petite-enfance\/indicateurs-de-resultats-classes-virtuelles\/#breadcrumb\",\"itemListElement\":[{\"@type\":\"ListItem\",\"position\":1,\"name\":\"Accueil\",\"item\":\"https:\/\/dunod-formation.com\/petite-enfance\/\"},{\"@type\":\"ListItem\",\"position\":2,\"name\":\"Classes virtuelles Dunod Petite Enfance\"}]},{\"@type\":\"WebSite\",\"@id\":\"https:\/\/dunod-formation.com\/petite-enfance\/#website\",\"url\":\"https:\/\/dunod-formation.com\/petite-enfance\/\",\"name\":\"Dunod Formation Petite Enfance\",\"description\":\"La formation 100% en ligne pour les professionnels de la petite enfance\",\"potentialAction\":[{\"@type\":\"SearchAction\",\"target\":{\"@type\":\"EntryPoint\",\"urlTemplate\":\"https:\/\/dunod-formation.com\/petite-enfance\/?s={search_term_string}\"},\"query-input\":\"required name=search_term_string\"}],\"inLanguage\":\"fr-FR\"}]}<\/script>\n<!-- \/ Yoast SEO plugin. -->","yoast_head_json":{"title":"Classes virtuelles Dunod Petite Enfance - Dunod Formation Petite Enfance","robots":{"index":"index","follow":"follow","max-snippet":"max-snippet:-1","max-image-preview":"max-image-preview:large","max-video-preview":"max-video-preview:-1"},"canonical":"https:\/\/dunod-formation.com\/petite-enfance\/indicateurs-de-resultats-classes-virtuelles\/","og_locale":"fr_FR","og_type":"article","og_title":"Classes virtuelles Dunod Petite Enfance - Dunod Formation Petite Enfance","og_description":"Propos\u00e9es \u00e0 partir de 8 apprenants et positionn\u00e9es comme des jalons au sein d\u2019un parcours de formation e-learning, ces classes virtuelles sur demande et sur mesure favorisent la dynamique de groupe entre les apprenants et le formateur : retours d\u2019exp\u00e9rience, questions-r\u00e9ponses, projections sur la mise en pratique. Ces classes sont syst\u00e9matiquement con\u00e7ues en fonction des [...]Lire la suite\u2026 from Classes virtuelles Dunod Petite Enfance","og_url":"https:\/\/dunod-formation.com\/petite-enfance\/indicateurs-de-resultats-classes-virtuelles\/","og_site_name":"Dunod Formation Petite Enfance","article_modified_time":"2024-05-20T16:32:04+00:00","og_image":[{"width":1440,"height":480,"url":"https:\/\/dunod-formation.com\/petite-enfance\/wp-content\/uploads\/2021\/03\/FAQ-Formations-Dunod-Petite-enfance.png","type":"image\/png"}],"twitter_card":"summary_large_image","schema":{"@context":"https:\/\/schema.org","@graph":[{"@type":"WebPage","@id":"https:\/\/dunod-formation.com\/petite-enfance\/indicateurs-de-resultats-classes-virtuelles\/","url":"https:\/\/dunod-formation.com\/petite-enfance\/indicateurs-de-resultats-classes-virtuelles\/","name":"Classes virtuelles Dunod Petite Enfance - Dunod Formation Petite Enfance","isPartOf":{"@id":"https:\/\/dunod-formation.com\/petite-enfance\/#website"},"datePublished":"2021-11-03T08:07:53+00:00","dateModified":"2024-05-20T16:32:04+00:00","breadcrumb":{"@id":"https:\/\/dunod-formation.com\/petite-enfance\/indicateurs-de-resultats-classes-virtuelles\/#breadcrumb"},"inLanguage":"fr-FR","potentialAction":[{"@type":"ReadAction","target":["https:\/\/dunod-formation.com\/petite-enfance\/indicateurs-de-resultats-classes-virtuelles\/"]}]},{"@type":"BreadcrumbList","@id":"https:\/\/dunod-formation.com\/petite-enfance\/indicateurs-de-resultats-classes-virtuelles\/#breadcrumb","itemListElement":[{"@type":"ListItem","position":1,"name":"Accueil","item":"https:\/\/dunod-formation.com\/petite-enfance\/"},{"@type":"ListItem","position":2,"name":"Classes virtuelles Dunod Petite Enfance"}]},{"@type":"WebSite","@id":"https:\/\/dunod-formation.com\/petite-enfance\/#website","url":"https:\/\/dunod-formation.com\/petite-enfance\/","name":"Dunod Formation Petite Enfance","description":"La formation 100% en ligne pour les professionnels de la petite enfance","potentialAction":[{"@type":"SearchAction","target":{"@type":"EntryPoint","urlTemplate":"https:\/\/dunod-formation.com\/petite-enfance\/?s={search_term_string}"},"query-input":"required name=search_term_string"}],"inLanguage":"fr-FR"}]}},"_links":{"self":[{"href":"https:\/\/dunod-formation.com\/petite-enfance\/wp-json\/wp\/v2\/pages\/4052"}],"collection":[{"href":"https:\/\/dunod-formation.com\/petite-enfance\/wp-json\/wp\/v2\/pages"}],"about":[{"href":"https:\/\/dunod-formation.com\/petite-enfance\/wp-json\/wp\/v2\/types\/page"}],"author":[{"embeddable":true,"href":"https:\/\/dunod-formation.com\/petite-enfance\/wp-json\/wp\/v2\/users\/11"}],"replies":[{"embeddable":true,"href":"https:\/\/dunod-formation.com\/petite-enfance\/wp-json\/wp\/v2\/comments?post=4052"}],"version-history":[{"count":33,"href":"https:\/\/dunod-formation.com\/petite-enfance\/wp-json\/wp\/v2\/pages\/4052\/revisions"}],"predecessor-version":[{"id":7331,"href":"https:\/\/dunod-formation.com\/petite-enfance\/wp-json\/wp\/v2\/pages\/4052\/revisions\/7331"}],"wp:featuredmedia":[{"embeddable":true,"href":"https:\/\/dunod-formation.com\/petite-enfance\/wp-json\/wp\/v2\/media\/2132"}],"wp:attachment":[{"href":"https:\/\/dunod-formation.com\/petite-enfance\/wp-json\/wp\/v2\/media?parent=4052"}],"curies":[{"name":"wp","href":"https:\/\/api.w.org\/{rel}","templated":true}]}}