{"id":4414,"date":"2022-03-16T12:16:25","date_gmt":"2022-03-16T11:16:25","guid":{"rendered":"https:\/\/dunod-formation.com\/petite-enfance\/?page_id=4414"},"modified":"2026-02-01T12:36:57","modified_gmt":"2026-02-01T11:36:57","slug":"individuels","status":"publish","type":"page","link":"https:\/\/dunod-formation.com\/petite-enfance\/individuels\/","title":{"rendered":"Individuels"},"content":{"rendered":"<p>Merci de votre int\u00e9r\u00eat pour les formations Dunod Petite Enfance !<\/p>\n<div style=\"padding: 0 20px 10px; width: 47%; border: 1px solid red; border-radius: 10px; float: left; margin-right: 2%;\">\n<h3>Vous \u00eates un individuel et souhaitez autofinancer vos formations ?<\/h3>\n<p>&nbsp;<\/p>\n<p>D\u00e9couvrez nos parcours multith\u00e9matiques d\u00e9di\u00e9s aux\u00a0professionnel.les de la Petite Enfance :<\/p>\n<ul>\n<li><a href=\"https:\/\/dunod-formation.com\/petite-enfance\/formation\/lintegral-des-professionnels-de-la-petite-enfance\/\">L&rsquo;int\u00e9gral<\/a><\/li>\n<li><a href=\"https:\/\/dunod-formation.com\/petite-enfance\/formation\/les-fondamentaux-des-professionnels-de-la-petite-enfance-partie-1\/\">Les fondamentaux 1<\/a><\/li>\n<li><a href=\"https:\/\/dunod-formation.com\/petite-enfance\/formation\/les-fondamentaux-des-professionnels-de-la-petite-enfance-partie-2\/\">Les fondamentaux 2<\/a><\/li>\n<\/ul>\n<p>et effectuez votre demande de devis.<\/p>\n<p>Vos coll\u00e8gues sont int\u00e9ress\u00e9s par <a href=\"https:\/\/dunod-formation.com\/petite-enfance\/catalogue-formations-digitales-petite-enfance\/\">nos th\u00e9matiques ?<\/a> Faites une demande au nom de votre \u00e9tablissement et finan\u00e7able par les OPCO.<\/p>\n<\/div>\n<div style=\"padding: 0 20px 10px; width: 47%; border: 1px solid red; border-radius: 10px; float: left; margin-right: 2%;\">\n<h3>Vous \u00eates assistante maternelle ou salari\u00e9e du particulier employeur ?<\/h3>\n<p>&nbsp;<\/p>\n<p>D\u00e9couvrez les formations enti\u00e8rement financ\u00e9es <span style=\"background-color: var(--bs-body-bg); color: var(--bs-body-color); font-family: var(--bs-body-font-family); font-size: var(--bs-body-font-size); font-weight: var(--bs-body-font-weight); text-align: var(--bs-body-text-align);\">et r\u00e9mun\u00e9r\u00e9es <\/span><span style=\"background-color: var(--bs-body-bg); color: var(--bs-body-color); font-family: var(--bs-body-font-family); font-size: var(--bs-body-font-size); font-weight: var(--bs-body-font-weight); text-align: var(--bs-body-text-align);\">par Ip\u00e9ria :<\/span><\/p>\n<ul>\n<li>Le <a href=\"https:\/\/dunod-formation.com\/petite-enfance\/formations-assistantes-maternelles\/\">catalogue de formations assistantes maternelles et salari\u00e9 du particulier employeur.<\/a><\/li>\n<\/ul>\n<p>&nbsp;<\/p>\n<p>Vous pouvez \u00e9galement choisir d&rsquo;autofinancer des <a href=\"https:\/\/dunod-formation.com\/petite-enfance\/formations-assistantes-maternelles\/\">parcours \u00e0 la carte<\/a> (\u00e0 partir de 8 heures minimum, au choix).<\/p>\n<\/div>\n<p>&nbsp;<\/p>\n<p>&nbsp;<\/p>\n<p>&nbsp;<\/p>\n<p>&nbsp;<\/p>\n<p>&nbsp;<\/p>\n<p>&nbsp;<\/p>\n<p>&nbsp;<\/p>\n<p>&nbsp;<\/p>\n<p>&nbsp;<\/p>\n<p>&nbsp;<\/p>\n<p>&nbsp;<\/p>\n<p>&nbsp;<\/p>\n<p><br style=\"clear: both;\" \/>Si vous avez la charge d\u2019une structure d\u2019accueil de jeunes enfants, nous vous invitons \u00e0 consulter notre <a href=\"https:\/\/dunod-formation.com\/petite-enfance\/catalogue-formations-digitales-petite-enfance\/\">Catalogue de formations Petite Enfance<\/a> et \u00e0 effectuer <a href=\"https:\/\/dunod-formation.com\/petite-enfance\/formations-digitales-demande-devis\/\">votre demande de devis<\/a>.<\/p>\n<p>Date de derni\u00e8re mise \u00e0 jour : 1er f\u00e9vrier 2026.<\/p>\n","protected":false},"excerpt":{"rendered":"<p>Merci de votre int\u00e9r\u00eat pour les formations Dunod Petite Enfance ! Vous \u00eates un individuel et souhaitez autofinancer vos formations ? &nbsp; D\u00e9couvrez nos parcours multith\u00e9matiques d\u00e9di\u00e9s aux\u00a0professionnel.les de la Petite Enfance : L&rsquo;int\u00e9gral Les fondamentaux 1 Les fondamentaux 2 et effectuez votre demande de devis. Vos coll\u00e8gues sont int\u00e9ress\u00e9s par nos th\u00e9matiques ? Faites [&#8230;]<\/p>\n<p><a class=\"btn btn-secondary understrap-read-more-link\" href=\"https:\/\/dunod-formation.com\/petite-enfance\/individuels\/\">Lire la suite\u2026<span class=\"screen-reader-text\"> from Individuels<\/span><\/a><\/p>\n","protected":false},"author":8,"featured_media":4415,"parent":0,"menu_order":0,"comment_status":"closed","ping_status":"closed","template":"","meta":[],"acf":[],"yoast_head":"<!-- This site is optimized with the Yoast SEO plugin v20.8 - https:\/\/yoast.com\/wordpress\/plugins\/seo\/ -->\n<title>Individuels - Dunod Formation Petite Enfance<\/title>\n<meta name=\"robots\" content=\"index, follow, max-snippet:-1, max-image-preview:large, max-video-preview:-1\" \/>\n<link rel=\"canonical\" href=\"https:\/\/dunod-formation.com\/petite-enfance\/individuels\/\" \/>\n<meta property=\"og:locale\" content=\"fr_FR\" \/>\n<meta property=\"og:type\" content=\"article\" \/>\n<meta property=\"og:title\" content=\"Individuels - Dunod Formation Petite Enfance\" \/>\n<meta property=\"og:description\" content=\"Merci de votre int\u00e9r\u00eat pour les formations Dunod Petite Enfance ! Vous \u00eates un individuel et souhaitez autofinancer vos formations ? &nbsp; D\u00e9couvrez nos parcours multith\u00e9matiques d\u00e9di\u00e9s aux\u00a0professionnel.les de la Petite Enfance : L&rsquo;int\u00e9gral Les fondamentaux 1 Les fondamentaux 2 et effectuez votre demande de devis. Vos coll\u00e8gues sont int\u00e9ress\u00e9s par nos th\u00e9matiques ? Faites [...]Lire la suite\u2026 from Individuels\" \/>\n<meta property=\"og:url\" content=\"https:\/\/dunod-formation.com\/petite-enfance\/individuels\/\" \/>\n<meta property=\"og:site_name\" content=\"Dunod Formation Petite Enfance\" \/>\n<meta property=\"article:modified_time\" content=\"2026-02-01T11:36:57+00:00\" \/>\n<meta property=\"og:image\" content=\"https:\/\/dunod-formation.com\/petite-enfance\/wp-content\/uploads\/2022\/03\/individuels-300x206-1.jpg\" \/>\n\t<meta property=\"og:image:width\" content=\"300\" \/>\n\t<meta property=\"og:image:height\" content=\"206\" \/>\n\t<meta property=\"og:image:type\" content=\"image\/jpeg\" \/>\n<meta name=\"twitter:card\" content=\"summary_large_image\" \/>\n<script type=\"application\/ld+json\" class=\"yoast-schema-graph\">{\"@context\":\"https:\/\/schema.org\",\"@graph\":[{\"@type\":\"WebPage\",\"@id\":\"https:\/\/dunod-formation.com\/petite-enfance\/individuels\/\",\"url\":\"https:\/\/dunod-formation.com\/petite-enfance\/individuels\/\",\"name\":\"Individuels - Dunod Formation Petite Enfance\",\"isPartOf\":{\"@id\":\"https:\/\/dunod-formation.com\/petite-enfance\/#website\"},\"datePublished\":\"2022-03-16T11:16:25+00:00\",\"dateModified\":\"2026-02-01T11:36:57+00:00\",\"breadcrumb\":{\"@id\":\"https:\/\/dunod-formation.com\/petite-enfance\/individuels\/#breadcrumb\"},\"inLanguage\":\"fr-FR\",\"potentialAction\":[{\"@type\":\"ReadAction\",\"target\":[\"https:\/\/dunod-formation.com\/petite-enfance\/individuels\/\"]}]},{\"@type\":\"BreadcrumbList\",\"@id\":\"https:\/\/dunod-formation.com\/petite-enfance\/individuels\/#breadcrumb\",\"itemListElement\":[{\"@type\":\"ListItem\",\"position\":1,\"name\":\"Accueil\",\"item\":\"https:\/\/dunod-formation.com\/petite-enfance\/\"},{\"@type\":\"ListItem\",\"position\":2,\"name\":\"Individuels\"}]},{\"@type\":\"WebSite\",\"@id\":\"https:\/\/dunod-formation.com\/petite-enfance\/#website\",\"url\":\"https:\/\/dunod-formation.com\/petite-enfance\/\",\"name\":\"Dunod Formation Petite Enfance\",\"description\":\"La formation 100% en ligne pour les professionnels de la petite enfance\",\"potentialAction\":[{\"@type\":\"SearchAction\",\"target\":{\"@type\":\"EntryPoint\",\"urlTemplate\":\"https:\/\/dunod-formation.com\/petite-enfance\/?s={search_term_string}\"},\"query-input\":\"required name=search_term_string\"}],\"inLanguage\":\"fr-FR\"}]}<\/script>\n<!-- \/ Yoast SEO plugin. -->","yoast_head_json":{"title":"Individuels - Dunod Formation Petite Enfance","robots":{"index":"index","follow":"follow","max-snippet":"max-snippet:-1","max-image-preview":"max-image-preview:large","max-video-preview":"max-video-preview:-1"},"canonical":"https:\/\/dunod-formation.com\/petite-enfance\/individuels\/","og_locale":"fr_FR","og_type":"article","og_title":"Individuels - Dunod Formation Petite Enfance","og_description":"Merci de votre int\u00e9r\u00eat pour les formations Dunod Petite Enfance ! Vous \u00eates un individuel et souhaitez autofinancer vos formations ? &nbsp; D\u00e9couvrez nos parcours multith\u00e9matiques d\u00e9di\u00e9s aux\u00a0professionnel.les de la Petite Enfance : L&rsquo;int\u00e9gral Les fondamentaux 1 Les fondamentaux 2 et effectuez votre demande de devis. Vos coll\u00e8gues sont int\u00e9ress\u00e9s par nos th\u00e9matiques ? Faites [...]Lire la suite\u2026 from Individuels","og_url":"https:\/\/dunod-formation.com\/petite-enfance\/individuels\/","og_site_name":"Dunod Formation Petite Enfance","article_modified_time":"2026-02-01T11:36:57+00:00","og_image":[{"width":300,"height":206,"url":"https:\/\/dunod-formation.com\/petite-enfance\/wp-content\/uploads\/2022\/03\/individuels-300x206-1.jpg","type":"image\/jpeg"}],"twitter_card":"summary_large_image","schema":{"@context":"https:\/\/schema.org","@graph":[{"@type":"WebPage","@id":"https:\/\/dunod-formation.com\/petite-enfance\/individuels\/","url":"https:\/\/dunod-formation.com\/petite-enfance\/individuels\/","name":"Individuels - Dunod Formation Petite Enfance","isPartOf":{"@id":"https:\/\/dunod-formation.com\/petite-enfance\/#website"},"datePublished":"2022-03-16T11:16:25+00:00","dateModified":"2026-02-01T11:36:57+00:00","breadcrumb":{"@id":"https:\/\/dunod-formation.com\/petite-enfance\/individuels\/#breadcrumb"},"inLanguage":"fr-FR","potentialAction":[{"@type":"ReadAction","target":["https:\/\/dunod-formation.com\/petite-enfance\/individuels\/"]}]},{"@type":"BreadcrumbList","@id":"https:\/\/dunod-formation.com\/petite-enfance\/individuels\/#breadcrumb","itemListElement":[{"@type":"ListItem","position":1,"name":"Accueil","item":"https:\/\/dunod-formation.com\/petite-enfance\/"},{"@type":"ListItem","position":2,"name":"Individuels"}]},{"@type":"WebSite","@id":"https:\/\/dunod-formation.com\/petite-enfance\/#website","url":"https:\/\/dunod-formation.com\/petite-enfance\/","name":"Dunod Formation Petite Enfance","description":"La formation 100% en ligne pour les professionnels de la petite enfance","potentialAction":[{"@type":"SearchAction","target":{"@type":"EntryPoint","urlTemplate":"https:\/\/dunod-formation.com\/petite-enfance\/?s={search_term_string}"},"query-input":"required name=search_term_string"}],"inLanguage":"fr-FR"}]}},"_links":{"self":[{"href":"https:\/\/dunod-formation.com\/petite-enfance\/wp-json\/wp\/v2\/pages\/4414"}],"collection":[{"href":"https:\/\/dunod-formation.com\/petite-enfance\/wp-json\/wp\/v2\/pages"}],"about":[{"href":"https:\/\/dunod-formation.com\/petite-enfance\/wp-json\/wp\/v2\/types\/page"}],"author":[{"embeddable":true,"href":"https:\/\/dunod-formation.com\/petite-enfance\/wp-json\/wp\/v2\/users\/8"}],"replies":[{"embeddable":true,"href":"https:\/\/dunod-formation.com\/petite-enfance\/wp-json\/wp\/v2\/comments?post=4414"}],"version-history":[{"count":15,"href":"https:\/\/dunod-formation.com\/petite-enfance\/wp-json\/wp\/v2\/pages\/4414\/revisions"}],"predecessor-version":[{"id":8378,"href":"https:\/\/dunod-formation.com\/petite-enfance\/wp-json\/wp\/v2\/pages\/4414\/revisions\/8378"}],"wp:featuredmedia":[{"embeddable":true,"href":"https:\/\/dunod-formation.com\/petite-enfance\/wp-json\/wp\/v2\/media\/4415"}],"wp:attachment":[{"href":"https:\/\/dunod-formation.com\/petite-enfance\/wp-json\/wp\/v2\/media?parent=4414"}],"curies":[{"name":"wp","href":"https:\/\/api.w.org\/{rel}","templated":true}]}}