{"id":456,"date":"2020-11-02T11:37:11","date_gmt":"2020-11-02T10:37:11","guid":{"rendered":"https:\/\/dunod-petite-enfance.churchill.fr\/?page_id=456"},"modified":"2026-04-21T16:57:19","modified_gmt":"2026-04-21T14:57:19","slug":"modalites-dacces-formations","status":"publish","type":"page","link":"https:\/\/dunod-formation.com\/petite-enfance\/modalites-dacces-formations\/","title":{"rendered":"Modalit\u00e9s d&rsquo;acc\u00e8s, d\u00e9lai d&rsquo;acc\u00e8s et dur\u00e9e d&rsquo;acc\u00e8s aux formations"},"content":{"rendered":"<div>\n<h2>I. Processus d&rsquo;inscription aux formations Dunod Petite Enfance (formations \u00e0 distance, pr\u00e9sentiel)<\/h2>\n<p><a href=\"https:\/\/dunod-formation.com\/petite-enfance\/contact\/\">Formulaire de contact en vue d&rsquo;\u00e9change et d&rsquo;\u00e9valuation de vos besoins<\/a><\/p>\n<p><a href=\"https:\/\/dunod-formation.com\/petite-enfance\/formations-digitales-demande-devis\">Formulaire de demande de devis personnalis\u00e9 \u00ab\u00a0cr\u00e8ches\u00a0\u00bb<\/a><\/p>\n<p><a href=\"https:\/\/dunod-formation.com\/petite-enfance\/formulaire-dinscription-assistante-maternelle\/\">Processus d&rsquo;inscription sp\u00e9cifique pour les Assistantes maternelles<\/a><\/p>\n<p><a href=\"https:\/\/dunod-formation.com\/petite-enfance\/financement-formations\/\">Modalit\u00e9s de financement des formations Dunod Petite Enfance<\/a><\/p>\n<h2>II. Modalit\u00e9s d&rsquo;acc\u00e8s, d\u00e9lais d&rsquo;acc\u00e8s et dur\u00e9e d&rsquo;acc\u00e8s aux prestations de formation \u00e0 distance<\/h2>\n<\/div>\n<h3><\/h3>\n<h3>Parcours e-learning \u00ab\u00a0cr\u00e8ches\u00a0\u00bb<\/h3>\n<p>L&rsquo;acc\u00e8s \u00e0 la <a href=\"https:\/\/formations-lesprosdelapetiteenfance.dunod.com\/\" target=\"_blank\" rel=\"noopener\">plate-forme de formation digitale Dunod Formation Petite Enfance sur 360Learning<\/a> est disponible \u00e0 partir d&rsquo;un ordinateur (recommand\u00e9) connect\u00e9 \u00e0 Internet, d&rsquo;une tablette ou d&rsquo;un smartphone (<a href=\"https:\/\/support.360learning.com\/hc\/fr\/articles\/360000622763-Installer-l-application-mobile-360Learning\" target=\"_blank\" rel=\"noopener\">t\u00e9l\u00e9chargez l&rsquo;application mobile 360Learning<\/a>).<br \/>\nLa plate-forme est normalement disponible 24 heures sur 24 et 7 jours sur 7, sauf contraintes techniques ou op\u00e9rations de maintenance ind\u00e9pendantes de Dunod.<br \/>\nLa formation peut donc s\u2019effectuer sur le temps de travail et\/ou en dehors du temps de travail, en fonction des choix organisationnels du Client.<\/p>\n<div>\n<p>Consultez nos <a href=\"https:\/\/dunod-formation.com\/petite-enfance\/prerequis-suivi-formations\">recommandations pour suivre votre formation \u00e0 distance dans de bonnes conditions<\/a> (informations g\u00e9n\u00e9rales et informations technologiques).<\/p>\n<\/div>\n<p><strong>Acc\u00e8s personnalis\u00e9s \u00e0 la plate-forme 360Learning<\/strong><\/p>\n<p>Un e-mail par apprenant est n\u00e9cessaire pour recevoir l&rsquo;invitation personnelle \u00e0 se connecter \u00e0 sa formation.<\/p>\n<p>Apprenant : acc\u00e8s au <strong>Guide apprenant de connexion Dunod<\/strong> \u00e0 la plate-forme 360Learning disponible dans le module liminaire propos\u00e9 au d\u00e9marrage de la formation.<\/p>\n<p>Commanditaire : communication par e-mail du Guide apprenant et des statistiques de progression des apprenants.<\/p>\n<p>Les Utilisateurs sont tenus de respecter les <a href=\"https:\/\/dunod-formation.com\/petite-enfance\/cgv\">Conditions g\u00e9n\u00e9rales de vente et d&rsquo;Utilisation<\/a> et le <a href=\"https:\/\/dunod-formation.com\/petite-enfance\/reglement-interieur\">R\u00e8glement int\u00e9rieur des prestations de formation<\/a>.<\/p>\n<h3>Classes virtuelles<\/h3>\n<div><\/div>\n<div><a href=\"https:\/\/dunod-formation.com\/petite-enfance\/formation\/classe-virtuelle-1-heure-30\/\"><strong>Option classe virtuelle sur demande et sur mesure, compl\u00e9mentaire d&rsquo;un parcours e-learning \u00ab\u00a0cr\u00e8che\u00a0\u00bb<\/strong><\/a><span style=\"background-color: var(--bs-body-bg); color: var(--bs-body-color); font-family: var(--bs-body-font-family); font-size: var(--bs-body-font-size); font-weight: var(--bs-body-font-weight); text-align: var(--bs-body-text-align);\"><br \/>\n<\/span><\/div>\n<div><span style=\"background-color: var(--bs-body-bg); color: var(--bs-body-color); font-family: var(--bs-body-font-family); font-size: var(--bs-body-font-size); font-weight: var(--bs-body-font-weight); text-align: var(--bs-body-text-align);\"><br \/>\nL&rsquo;e-mail de convocation personnelle \u00e0 suivre la classe virtuelle int\u00e8gre le lien de connexion personnel \u00e0 la classe virtuelle ainsi que le <\/span><a style=\"background-color: var(--bs-body-bg); font-family: var(--bs-body-font-family); font-size: var(--bs-body-font-size); font-weight: var(--bs-body-font-weight); text-align: var(--bs-body-text-align);\" href=\"https:\/\/dunod-formation.com\/petite-enfance\/reglement-interieur\">R\u00e8glement int\u00e9rieur des prestations de formations<\/a><span style=\"background-color: var(--bs-body-bg); color: var(--bs-body-color); font-family: var(--bs-body-font-family); font-size: var(--bs-body-font-size); font-weight: var(--bs-body-font-weight); text-align: var(--bs-body-text-align);\"><span style=\"background-color: var(--bs-body-bg); color: var(--bs-body-color); font-family: var(--bs-body-font-family); font-size: var(--bs-body-font-size); font-weight: var(--bs-body-font-weight); text-align: var(--bs-body-text-align);\">.<\/span><\/span><\/div>\n<div>\n<p>Consultez les <a href=\"https:\/\/doc.dendreo.com\/article\/408-prerequis-a-lutilisation-de-dendreo-live\" target=\"_blank\" rel=\"noopener\">informations technologiques de la solution de classe virtuelle Dendreo Live<\/a> pour suivre votre classe virtuelle dans de bonnes conditions.<\/p>\n<\/div>\n<p><strong>Prestations de classe virtuelle d&rsquo;<a href=\"https:\/\/dunod-formation.com\/petite-enfance\/formation\/analyse-de-pratique-professionnelle\/\">Analyse des pratiques professionnelles<\/a><br \/>\n<\/strong><\/p>\n<div>\n<p><span style=\"background-color: var(--bs-body-bg); color: var(--bs-body-color); font-family: var(--bs-body-font-family); font-size: var(--bs-body-font-size); font-weight: var(--bs-body-font-weight); text-align: var(--bs-body-text-align);\">L&rsquo;e-mail de convocation personnelle \u00e0 suivre la classe virtuelle int\u00e8gre le lien de connexion personnel \u00e0 la classe virtuelle ainsi que le <\/span><a style=\"background-color: var(--bs-body-bg); font-family: var(--bs-body-font-family); font-size: var(--bs-body-font-size); font-weight: var(--bs-body-font-weight); text-align: var(--bs-body-text-align);\" href=\"https:\/\/dunod-formation.com\/petite-enfance\/reglement-interieur\">R\u00e8glement int\u00e9rieur des prestations de formations<\/a><span style=\"background-color: var(--bs-body-bg); color: var(--bs-body-color); font-family: var(--bs-body-font-family); font-size: var(--bs-body-font-size); font-weight: var(--bs-body-font-weight); text-align: var(--bs-body-text-align);\">.<\/span><\/p>\n<\/div>\n<p>Consultez les <a href=\"https:\/\/doc.dendreo.com\/article\/408-prerequis-a-lutilisation-de-dendreo-live\" target=\"_blank\" rel=\"noopener\">informations technologiques de la solution de classe virtuelle Dendreo Live<\/a> pour suivre votre classe virtuelle dans de bonnes conditions.<\/p>\n<h2>III. D\u00e9lais d&rsquo;acc\u00e8s aux formations<\/h2>\n<p><strong>Parcours e-learning <\/strong>: les inscriptions sont fond\u00e9es sur la date de d\u00e9but de formation choisie par chaque client, au plus t\u00f4t le mardi suivant la signature du devis.<\/p>\n<p>Cas particulier des parcours e-learning Dunod Assistantes maternelles\u00a0 \u00e9ligibles \u00e0 la prise en charge financi\u00e8re, via l&rsquo;<a href=\"https:\/\/www.iperia.eu\/fr\/former\" target=\"_blank\" rel=\"noopener\">Institut Iperia<\/a>, de la branche du particulier employeur dans le cadre du plan de d\u00e9veloppement des comp\u00e9tences : les sessions de formations ouvrent tous les premier et troisi\u00e8me jeudis du mois. <a href=\"https:\/\/dunod-formation.com\/petite-enfance\/pre-inscription\/\">Consulter le formulaire sp\u00e9cifique d&rsquo;inscription \u00e0 ces formations<\/a>.<\/p>\n<p><strong>Formations en distanciel (classe virtuelles inter-\u00e9tablissement)<\/strong> : la date est communiqu\u00e9e sur la page de formation concern\u00e9e.<\/p>\n<p><strong>Formations en distanciel (classe virtuelle en intra)<\/strong> : les inscriptions sont fond\u00e9es sur la date de formation choisie par chaque client, sous r\u00e9serve de disponibilit\u00e9 d&rsquo;une formatrice et au plus t\u00f4t 4 semaines apr\u00e8s la signature du devis.<\/p>\n<p><strong>Formations en pr\u00e9sentiel :<\/strong> les inscriptions sont fond\u00e9es sur la date de formation choisie par chaque client, sous r\u00e9serve de disponibilit\u00e9 d&rsquo;une formatrice et au plus t\u00f4t 5 semaines apr\u00e8s la signature du devis.<\/p>\n<div>\n<h3>1 \/ D\u00e9lai d&rsquo;acc\u00e8s \u00e0 la formation dans le cas d&rsquo;un financement sur fonds propres<\/h3>\n<p>Consulter les <a href=\"https:\/\/dunod-formation.com\/petite-enfance\/cgv\/\">Conditions g\u00e9n\u00e9rales de vente<\/a>, article 9.1.<\/p>\n<h3>2\/ D\u00e9lai d\u2019acc\u00e8s \u00e0 la formation en cas de demande par le Client d\u2019une prise en charge de la formation en subrogation de paiement aupr\u00e8s de son OPCO<\/h3>\n<p>Consulter les<a href=\"https:\/\/dunod-formation.com\/petite-enfance\/cgv\/\"> Conditions g\u00e9n\u00e9rales de vente<\/a>, article 9.2.<\/p>\n<h3>3\/ D\u00e9lai d\u2019acc\u00e8s \u00e0 la formation en cas de commande du Client avec demande de financement par l\u2019OPCO sans possibilit\u00e9 de subrogation de paiement<\/h3>\n<p>Consulter les <a href=\"https:\/\/dunod-formation.com\/petite-enfance\/cgv\/\">Conditions g\u00e9n\u00e9rales de vente<\/a>, article 9.3.<\/p>\n<\/div>\n<h3>4\/ Cas particulier d&rsquo;un financement IPERIA (assistantes maternelles)<\/h3>\n<p>Ces formations sont accessibles \u00e0 la dates de sessions indiqu\u00e9es pour chaque formation. Le dossier complet doit \u00eatre transmis \u00e0 Dunod Formation 20 jours avant la date de d\u00e9marrage de la session. <a href=\"https:\/\/dunod-formation.com\/petite-enfance\/pre-inscription\/\">Consulter les modalit\u00e9s d&rsquo;inscription sp\u00e9cifiques \u00e0 ces formations<\/a>.<\/p>\n<div>\n<p>&nbsp;<\/p>\n<h2>IV. D\u00e9lais de r\u00e9alisation de la formation et dur\u00e9e d&rsquo;acc\u00e8s \u00e0 la plate-forme de formation<\/h2>\n<p>1 \/ Le d\u00e9lai accord\u00e9 aux utilisateurs du Client pour <strong>r\u00e9aliser<\/strong> la\/les formations d\u00e9pend \u00e0 la fois du <strong>mode de financement<\/strong> retenu par le Client et de la<strong> dur\u00e9e estim\u00e9e des formations<\/strong> : consulter les <a href=\"https:\/\/dunod-formation.com\/petite-enfance\/cgv\/\">Conditions g\u00e9n\u00e9rales de vente<\/a>, article 5.<\/p>\n<p>Pour b\u00e9n\u00e9ficier pleinement de la progressivit\u00e9 de votre formation et obtenir dans les d\u00e9lais votre attestation de r\u00e9ussite \u00e0 l&rsquo;issue de l&rsquo;\u00e9valuation finale, veillez \u00e0 vous r\u00e9server des<strong> cr\u00e9neaux de formation r\u00e9guliers<\/strong>\u00a0!<\/p>\n<p>2\/ Quels que soient la dur\u00e9e estim\u00e9e et le mode de financement de la formation, les Utilisateurs du Client conservent leurs <strong>acc\u00e8s aux ressources p\u00e9dagogiques<\/strong> de la formation sur la plate-forme pendant 1 (un) an \u00e0 compter de l\u2019envoi de l\u2019invitation personnelle \u00e0 se connecter \u00e0 leur(s) formation(s) sur cette plate-forme. Cela permet de <strong>consolider<\/strong> les acquis de la formation sur la dur\u00e9e.<\/p>\n<p>3\/ Pour les formations financ\u00e9es par IPERIA (assistantes maternelles), la dur\u00e9e maximum de r\u00e9alisation de la formation est de 3 mois \u00e0 compter de la date d&rsquo;ouverture de la session (avec acc\u00e8s libre aux contenus de formation durant ces 3 mois).<\/p>\n<p>&nbsp;<\/p>\n<\/div>\n<h2>V. Classes virtuelles<\/h2>\n<div>\n<p>Possibilit\u00e9 de <a href=\"https:\/\/dunod-formation.com\/petite-enfance\/formation\/classe-virtuelle-1-heure-30\/\"><strong>classes virtuelles sur mesure <\/strong><\/a>et de <strong>cycles d&rsquo;<a href=\"https:\/\/dunod-formation.com\/petite-enfance\/formation\/analyse-de-pratique-professionnelle\/\">analyse des pratiques professionnelles<\/a> <\/strong>\u00e0 distance sur la plateforme de classe virtuelle Dendreo live : contactez-nous : <a href=\"mailto:digital-learning@dunod.com\">digital-learning@dunod.com<\/a>.<\/p>\n<p>&nbsp;<\/p>\n<\/div>\n<h2>VI. Prestations de formation dans le cadre de journ\u00e9es p\u00e9dagogiques<\/h2>\n<p>Sur site : professionnels des structures d\u2019accueil du jeune enfant situ\u00e9s prioritairement \u00e0 Paris ou en r\u00e9gion parisienne.<br \/>\nAutres localisations : nous contacter : <a href=\"mailto:digital-learning@dunod.com\">digital-learning@dunod.com<\/a>.<\/p>\n<p>Date et lieu de la formation choisis avec le client.<\/p>\n<p>Contact : <a href=\"mailto:digital-learning@dunod.com\">digital-learning@dunod.com<\/a>.<\/p>\n<p>&nbsp;<\/p>\n<p>Date de derni\u00e8re modification : 1er f\u00e9vrier 2026.<\/p>\n<p>&nbsp;<\/p>\n","protected":false},"excerpt":{"rendered":"<p>I. Processus d&rsquo;inscription aux formations Dunod Petite Enfance (formations \u00e0 distance, pr\u00e9sentiel) Formulaire de contact en vue d&rsquo;\u00e9change et d&rsquo;\u00e9valuation de vos besoins Formulaire de demande de devis personnalis\u00e9 \u00ab\u00a0cr\u00e8ches\u00a0\u00bb Processus d&rsquo;inscription sp\u00e9cifique pour les Assistantes maternelles Modalit\u00e9s de financement des formations Dunod Petite Enfance II. Modalit\u00e9s d&rsquo;acc\u00e8s, d\u00e9lais d&rsquo;acc\u00e8s et dur\u00e9e d&rsquo;acc\u00e8s aux prestations [&#8230;]<\/p>\n<p><a class=\"btn btn-secondary understrap-read-more-link\" href=\"https:\/\/dunod-formation.com\/petite-enfance\/modalites-dacces-formations\/\">Lire la suite\u2026<span class=\"screen-reader-text\"> from Modalit\u00e9s d&rsquo;acc\u00e8s, d\u00e9lai d&rsquo;acc\u00e8s et dur\u00e9e d&rsquo;acc\u00e8s aux formations<\/span><\/a><\/p>\n","protected":false},"author":8,"featured_media":872,"parent":0,"menu_order":0,"comment_status":"closed","ping_status":"closed","template":"","meta":[],"acf":[],"yoast_head":"<!-- This site is optimized with the Yoast SEO plugin v20.8 - https:\/\/yoast.com\/wordpress\/plugins\/seo\/ -->\n<title>Modalit\u00e9s d&#039;acc\u00e8s, d\u00e9lai d&#039;acc\u00e8s et dur\u00e9e d&#039;acc\u00e8s aux formations - Dunod Formation Petite Enfance<\/title>\n<meta name=\"description\" content=\"Formations digitales Dunod Petite Enfance : modalit\u00e9s d&#039;acc\u00e8s, d\u00e9lai d&#039;acc\u00e8s et dur\u00e9e d&#039;acc\u00e8s \u00e0 la plate-forme de formation.\" \/>\n<meta name=\"robots\" content=\"index, follow, max-snippet:-1, max-image-preview:large, max-video-preview:-1\" \/>\n<link rel=\"canonical\" href=\"https:\/\/dunod-formation.com\/petite-enfance\/modalites-dacces-formations\/\" \/>\n<meta property=\"og:locale\" content=\"fr_FR\" \/>\n<meta property=\"og:type\" content=\"article\" \/>\n<meta property=\"og:title\" content=\"Modalit\u00e9s d&#039;acc\u00e8s, d\u00e9lai d&#039;acc\u00e8s et dur\u00e9e d&#039;acc\u00e8s aux formations - Dunod Formation Petite Enfance\" \/>\n<meta property=\"og:description\" content=\"Formations digitales Dunod Petite Enfance : modalit\u00e9s d&#039;acc\u00e8s, d\u00e9lai d&#039;acc\u00e8s et dur\u00e9e d&#039;acc\u00e8s \u00e0 la plate-forme de formation.\" \/>\n<meta property=\"og:url\" content=\"https:\/\/dunod-formation.com\/petite-enfance\/modalites-dacces-formations\/\" \/>\n<meta property=\"og:site_name\" content=\"Dunod Formation Petite Enfance\" \/>\n<meta property=\"article:modified_time\" content=\"2026-04-21T14:57:19+00:00\" \/>\n<meta property=\"og:image\" content=\"https:\/\/dunod-formation.com\/petite-enfance\/wp-content\/uploads\/2020\/11\/AdobeStock_254137517-scaled.jpeg\" \/>\n\t<meta property=\"og:image:width\" content=\"2560\" \/>\n\t<meta property=\"og:image:height\" content=\"853\" \/>\n\t<meta property=\"og:image:type\" content=\"image\/jpeg\" \/>\n<meta name=\"twitter:card\" content=\"summary_large_image\" \/>\n<script type=\"application\/ld+json\" class=\"yoast-schema-graph\">{\"@context\":\"https:\/\/schema.org\",\"@graph\":[{\"@type\":\"WebPage\",\"@id\":\"https:\/\/dunod-formation.com\/petite-enfance\/modalites-dacces-formations\/\",\"url\":\"https:\/\/dunod-formation.com\/petite-enfance\/modalites-dacces-formations\/\",\"name\":\"Modalit\u00e9s d'acc\u00e8s, d\u00e9lai d'acc\u00e8s et dur\u00e9e d'acc\u00e8s aux formations - Dunod Formation Petite Enfance\",\"isPartOf\":{\"@id\":\"https:\/\/dunod-formation.com\/petite-enfance\/#website\"},\"datePublished\":\"2020-11-02T10:37:11+00:00\",\"dateModified\":\"2026-04-21T14:57:19+00:00\",\"description\":\"Formations digitales Dunod Petite Enfance : modalit\u00e9s d'acc\u00e8s, d\u00e9lai d'acc\u00e8s et dur\u00e9e d'acc\u00e8s \u00e0 la plate-forme de formation.\",\"breadcrumb\":{\"@id\":\"https:\/\/dunod-formation.com\/petite-enfance\/modalites-dacces-formations\/#breadcrumb\"},\"inLanguage\":\"fr-FR\",\"potentialAction\":[{\"@type\":\"ReadAction\",\"target\":[\"https:\/\/dunod-formation.com\/petite-enfance\/modalites-dacces-formations\/\"]}]},{\"@type\":\"BreadcrumbList\",\"@id\":\"https:\/\/dunod-formation.com\/petite-enfance\/modalites-dacces-formations\/#breadcrumb\",\"itemListElement\":[{\"@type\":\"ListItem\",\"position\":1,\"name\":\"Accueil\",\"item\":\"https:\/\/dunod-formation.com\/petite-enfance\/\"},{\"@type\":\"ListItem\",\"position\":2,\"name\":\"Modalit\u00e9s d&rsquo;acc\u00e8s, d\u00e9lai d&rsquo;acc\u00e8s et dur\u00e9e d&rsquo;acc\u00e8s aux formations\"}]},{\"@type\":\"WebSite\",\"@id\":\"https:\/\/dunod-formation.com\/petite-enfance\/#website\",\"url\":\"https:\/\/dunod-formation.com\/petite-enfance\/\",\"name\":\"Dunod Formation Petite Enfance\",\"description\":\"La formation 100% en ligne pour les professionnels de la petite enfance\",\"potentialAction\":[{\"@type\":\"SearchAction\",\"target\":{\"@type\":\"EntryPoint\",\"urlTemplate\":\"https:\/\/dunod-formation.com\/petite-enfance\/?s={search_term_string}\"},\"query-input\":\"required name=search_term_string\"}],\"inLanguage\":\"fr-FR\"}]}<\/script>\n<!-- \/ Yoast SEO plugin. -->","yoast_head_json":{"title":"Modalit\u00e9s d'acc\u00e8s, d\u00e9lai d'acc\u00e8s et dur\u00e9e d'acc\u00e8s aux formations - Dunod Formation Petite Enfance","description":"Formations digitales Dunod Petite Enfance : modalit\u00e9s d'acc\u00e8s, d\u00e9lai d'acc\u00e8s et dur\u00e9e d'acc\u00e8s \u00e0 la plate-forme de formation.","robots":{"index":"index","follow":"follow","max-snippet":"max-snippet:-1","max-image-preview":"max-image-preview:large","max-video-preview":"max-video-preview:-1"},"canonical":"https:\/\/dunod-formation.com\/petite-enfance\/modalites-dacces-formations\/","og_locale":"fr_FR","og_type":"article","og_title":"Modalit\u00e9s d'acc\u00e8s, d\u00e9lai d'acc\u00e8s et dur\u00e9e d'acc\u00e8s aux formations - Dunod Formation Petite Enfance","og_description":"Formations digitales Dunod Petite Enfance : modalit\u00e9s d'acc\u00e8s, d\u00e9lai d'acc\u00e8s et dur\u00e9e d'acc\u00e8s \u00e0 la plate-forme de formation.","og_url":"https:\/\/dunod-formation.com\/petite-enfance\/modalites-dacces-formations\/","og_site_name":"Dunod Formation Petite Enfance","article_modified_time":"2026-04-21T14:57:19+00:00","og_image":[{"width":2560,"height":853,"url":"https:\/\/dunod-formation.com\/petite-enfance\/wp-content\/uploads\/2020\/11\/AdobeStock_254137517-scaled.jpeg","type":"image\/jpeg"}],"twitter_card":"summary_large_image","schema":{"@context":"https:\/\/schema.org","@graph":[{"@type":"WebPage","@id":"https:\/\/dunod-formation.com\/petite-enfance\/modalites-dacces-formations\/","url":"https:\/\/dunod-formation.com\/petite-enfance\/modalites-dacces-formations\/","name":"Modalit\u00e9s d'acc\u00e8s, d\u00e9lai d'acc\u00e8s et dur\u00e9e d'acc\u00e8s aux formations - Dunod Formation Petite Enfance","isPartOf":{"@id":"https:\/\/dunod-formation.com\/petite-enfance\/#website"},"datePublished":"2020-11-02T10:37:11+00:00","dateModified":"2026-04-21T14:57:19+00:00","description":"Formations digitales Dunod Petite Enfance : modalit\u00e9s d'acc\u00e8s, d\u00e9lai d'acc\u00e8s et dur\u00e9e d'acc\u00e8s \u00e0 la plate-forme de formation.","breadcrumb":{"@id":"https:\/\/dunod-formation.com\/petite-enfance\/modalites-dacces-formations\/#breadcrumb"},"inLanguage":"fr-FR","potentialAction":[{"@type":"ReadAction","target":["https:\/\/dunod-formation.com\/petite-enfance\/modalites-dacces-formations\/"]}]},{"@type":"BreadcrumbList","@id":"https:\/\/dunod-formation.com\/petite-enfance\/modalites-dacces-formations\/#breadcrumb","itemListElement":[{"@type":"ListItem","position":1,"name":"Accueil","item":"https:\/\/dunod-formation.com\/petite-enfance\/"},{"@type":"ListItem","position":2,"name":"Modalit\u00e9s d&rsquo;acc\u00e8s, d\u00e9lai d&rsquo;acc\u00e8s et dur\u00e9e d&rsquo;acc\u00e8s aux formations"}]},{"@type":"WebSite","@id":"https:\/\/dunod-formation.com\/petite-enfance\/#website","url":"https:\/\/dunod-formation.com\/petite-enfance\/","name":"Dunod Formation Petite Enfance","description":"La formation 100% en ligne pour les professionnels de la petite enfance","potentialAction":[{"@type":"SearchAction","target":{"@type":"EntryPoint","urlTemplate":"https:\/\/dunod-formation.com\/petite-enfance\/?s={search_term_string}"},"query-input":"required name=search_term_string"}],"inLanguage":"fr-FR"}]}},"_links":{"self":[{"href":"https:\/\/dunod-formation.com\/petite-enfance\/wp-json\/wp\/v2\/pages\/456"}],"collection":[{"href":"https:\/\/dunod-formation.com\/petite-enfance\/wp-json\/wp\/v2\/pages"}],"about":[{"href":"https:\/\/dunod-formation.com\/petite-enfance\/wp-json\/wp\/v2\/types\/page"}],"author":[{"embeddable":true,"href":"https:\/\/dunod-formation.com\/petite-enfance\/wp-json\/wp\/v2\/users\/8"}],"replies":[{"embeddable":true,"href":"https:\/\/dunod-formation.com\/petite-enfance\/wp-json\/wp\/v2\/comments?post=456"}],"version-history":[{"count":121,"href":"https:\/\/dunod-formation.com\/petite-enfance\/wp-json\/wp\/v2\/pages\/456\/revisions"}],"predecessor-version":[{"id":8886,"href":"https:\/\/dunod-formation.com\/petite-enfance\/wp-json\/wp\/v2\/pages\/456\/revisions\/8886"}],"wp:featuredmedia":[{"embeddable":true,"href":"https:\/\/dunod-formation.com\/petite-enfance\/wp-json\/wp\/v2\/media\/872"}],"wp:attachment":[{"href":"https:\/\/dunod-formation.com\/petite-enfance\/wp-json\/wp\/v2\/media?parent=456"}],"curies":[{"name":"wp","href":"https:\/\/api.w.org\/{rel}","templated":true}]}}