{"id":5106,"date":"2023-02-27T09:53:55","date_gmt":"2023-02-27T08:53:55","guid":{"rendered":"https:\/\/dunod-formation.com\/petite-enfance\/?page_id=5106"},"modified":"2024-05-19T17:24:40","modified_gmt":"2024-05-19T15:24:40","slug":"indicateurs-de-resultats-integral-professionnels-petite-enfance","status":"publish","type":"page","link":"https:\/\/dunod-formation.com\/petite-enfance\/indicateurs-de-resultats-integral-professionnels-petite-enfance\/","title":{"rendered":"L\u2019int\u00e9gral des Professionnels de la Petite Enfance"},"content":{"rendered":"<p>DUNOD partage ici les indicateurs de performance des formations Petite Enfance que nous consid\u00e9rons les plus pertinents pour vous \u00e9clairer dans vos choix de formations.<\/p>\n<p>N. B. Sachez que l&rsquo;efficacit\u00e9 d&rsquo;une formation est un <strong>enjeu d&rsquo;implication de toutes les parties prenantes, de l&rsquo;amont \u00e0 l&rsquo;aval<\/strong> : commanditaires, organismes de formation, apprenants. L&rsquo;article <a href=\"https:\/\/dunod-formation.com\/petite-enfance\/conseils-efficacite-formation-digitale\/\">6 conseils pour optimiser la formation en ligne de vos \u00e9quipes<\/a> fournit aux commanditaires de pr\u00e9cieux conseils pour faire vivre les acquis de la formation au-del\u00e0 de sa finalisation. N&rsquo;h\u00e9sitez pas \u00e0 nous contacter pour toute pr\u00e9cision compl\u00e9mentaire : <a href=\"mailto:digital-learning@dunod.com\">digital-learning@dunod.com<\/a>.<\/p>\n<p>Date de mise en vente de cette formation : 16 mars 2022.<\/p>\n<h2>Indicateurs d&rsquo;assiduit\u00e9 et de r\u00e9ussite<\/h2>\n<p><strong>77\u00a0% <\/strong>des participants ont termin\u00e9 le parcours.<\/p>\n<p>Source : plate-forme 360Learning, r\u00e9sultats 2023.<\/p>\n<h2>Taux de validation des parcours<\/h2>\n<p><span style=\"background-color: var(--bs-body-bg); color: var(--bs-body-color); font-family: var(--bs-body-font-family); font-size: var(--bs-body-font-size); font-weight: var(--bs-body-font-weight); text-align: var(--bs-body-text-align);\">Le taux de validation est le pourcentage de participants ayant atteint un score \u2265 50% de bonnes r\u00e9ponses \u00e0 la derni\u00e8re \u00e9valuation du parcours.<\/span><\/p>\n<p><span style=\"background-color: var(--bs-body-bg); color: var(--bs-body-color); font-family: var(--bs-body-font-family); font-size: var(--bs-body-font-size); font-weight: var(--bs-body-font-weight); text-align: var(--bs-body-text-align);\">Consulter le taux de validation de chacun des parcours composant \u00ab\u00a0L&rsquo;Int\u00e9gral des professionnels de la petite enfance<\/span><span style=\"background-color: var(--bs-body-bg); color: var(--bs-body-color); font-family: var(--bs-body-font-family); font-size: var(--bs-body-font-size); font-weight: var(--bs-body-font-weight); text-align: var(--bs-body-text-align);\">\u00ab\u00a0, quels que soient leurs modes de vente (parcours \u00ab\u00a0\u00e0 la carte\u00a0\u00bb, th\u00e9matique\u00a0\u00bb, \u00ab\u00a0multith\u00e9matique\u00a0\u00bb, autres offres sur mesure).<\/span><\/p>\n<p>Depuis ao\u00fbt 2023, \u00ab\u00a0L&rsquo;Int\u00e9gral\u00a0\u00bb comporte 19 parcours :<\/p>\n<p><a href=\"https:\/\/dunod-formation.com\/petite-enfance\/indicateurs-de-resultats-jeux-libres\/\">Taux de validation du parcours Jeux libres et activit\u00e9s<\/a><br \/>\n<a href=\"https:\/\/dunod-formation.com\/petite-enfance\/indicateurs-de-resultats-espaces-de-jeux\/\">Taux de validation du parcours Am\u00e9nager et \u00e9quiper les espaces de jeux<\/a><br \/>\n<a href=\"https:\/\/dunod-formation.com\/petite-enfance\/indicateurs-de-resultats-emotions\/\">Taux de validation du parcours Comprendre et accompagner les \u00e9motions de l&rsquo;enfant<\/a><br \/>\n<a href=\"https:\/\/dunod-formation.com\/petite-enfance\/indicateurs-de-resultats-agressivite-enfants\/\">Taux de validation du parcours Tout-petits qui tapent, poussent, mordent ou griffent : comment r\u00e9agir \u00e0 l&rsquo;agressivit\u00e9 ?<\/a><br \/>\n<a href=\"https:\/\/dunod-formation.com\/petite-enfance\/indicateurs-de-resultats-communication-positive\/\">Taux de validation du parcours La communication positive<\/a><br \/>\n<a href=\"https:\/\/dunod-formation.com\/petite-enfance\/indicateurs-de-resultats-communication-langage\/\">Taux de validation du parcours Communication et d\u00e9veloppement du langage de 0 \u00e0 3 ans<\/a><br \/>\n<a href=\"https:\/\/dunod-formation.com\/petite-enfance\/indicateurs-de-resultats-communication-gestuelle-associee-parole\/\">Taux de validation du parcours La communication gestuelle associ\u00e9e \u00e0 la parole<\/a><br \/>\n<a href=\"https:\/\/dunod-formation.com\/petite-enfance\/indicateurs-de-resultats-psychomoteur-avant-marche\/\">Taux de validation du parcours Le d\u00e9veloppement psychomoteur avant la marche<\/a><br \/>\n<a href=\"https:\/\/dunod-formation.com\/petite-enfance\/indicateurs-de-resultats-psychomoteur-apres-marche\/\">Taux de validation du parcours Le d\u00e9veloppement psychomoteur apr\u00e8s la marche<\/a><br \/>\n<a href=\"https:\/\/dunod-formation.com\/petite-enfance\/indicateurs-de-resultats-proprete\/\">Taux de validation du parcours Accompagner l&rsquo;enfant dans l&rsquo;acquisition de la propret\u00e9<\/a><br \/>\n<a href=\"https:\/\/dunod-formation.com\/petite-enfance\/indicateurs-de-resultats-portage\/\">Taux de validation du parcours Portage psychique et physique<\/a><br \/>\n<a href=\"https:\/\/dunod-formation.com\/petite-enfance\/indicateurs-de-resultats-transmissions\/\">Taux de validation du parcours Les transmissions aux parents<\/a><br \/>\n<a href=\"https:\/\/dunod-formation.com\/petite-enfance\/indicateurs-de-resultats-parentalite\/\">Taux de validation du parcours Accompagner la parentalit\u00e9<\/a><br \/>\n<a href=\"https:\/\/dunod-formation.com\/petite-enfance\/indicateurs-de-resultats-systeme-reference\/\">Taux de validation du parcours Mettre en place le syst\u00e8me de r\u00e9f\u00e9rence<\/a><br \/>\n<a href=\"https:\/\/dunod-formation.com\/petite-enfance\/indicateurs-de-resultats-alimentation\/\">Taux de validation du parcours L&rsquo;alimentation de 0 \u00e0 3 ans<\/a><br \/>\n<a href=\"https:\/\/dunod-formation.com\/petite-enfance\/indicateurs-de-resultats-handicap\/\">Taux de validation du parcours Accueillir un enfant en situation de handicap<\/a><br \/>\n<a href=\"https:\/\/dunod-formation.com\/petite-enfance\/formation\/se-liberer-du-stress-et-retrouver-son-energie\/\">Taux de validation du parcours Se lib\u00e9rer du stress et retrouver son \u00e9nergie : respiration, yoga, relaxation<\/a><br \/>\n<a href=\"https:\/\/dunod-formation.com\/petite-enfance\/indicateurs-de-resultats-eveil-a-la-nature\/\">Taux de validation du parcours \u00c9veil \u00e0 la nature : des bienfaits d\u00e8s la petite enfance<\/a><br \/>\n<a href=\"https:\/\/dunod-formation.com\/petite-enfance\/indicateurs-de-resultats-eveil-sensoriel-approche-snoezelen\/\">Taux de validation du parcours \u00c9veil sensoriel de l\u2019enfant et approche Snoezelen<\/a><\/p>\n<h2>\u00c9valuation de la satisfaction des apprenants<\/h2>\n<p>Les apprenants sont <strong>globalement tr\u00e8s satisfaits<\/strong> de\u00a0 la formation (note moyenne <strong>3,8\/4<\/strong>) ;<\/p>\n<p>Les apprenants consid\u00e8rent que la formation leur <strong>sera d&rsquo;une grande utilit\u00e9 en situation de travail<\/strong> (note moyenne de <strong>3,7\/4<\/strong>) ;<\/p>\n<p>Les apprenants recommanderaient vivement cette formation \u00e0 un(e) coll\u00e8gue (note moyenne de <strong>7,3\/8<\/strong>).<\/p>\n<p>Source : questionnaires de satisfaction apprenants re\u00e7us en 2023.<\/p>\n<h2>T\u00e9moignages utilisateurs (apprenants, commanditaires)<\/h2>\n<p>Consultez les t\u00e9moignages des personnes form\u00e9es au fil de leur mise en ligne.<\/p>\n<p>Ces t\u00e9moignages figurent en bas de la <a href=\"https:\/\/dunod-formation.com\/petite-enfance\/formation\/lintegral-des-professionnels-de-la-petite-enfance\/\">fiche de pr\u00e9sentation de cette formation<\/a>.<\/p>\n<p>&nbsp;<\/p>\n<p>Date de derni\u00e8re mise \u00e0 jour de cette page : 17 mai 2024.<\/p>\n","protected":false},"excerpt":{"rendered":"<p>DUNOD partage ici les indicateurs de performance des formations Petite Enfance que nous consid\u00e9rons les plus pertinents pour vous \u00e9clairer dans vos choix de formations. N. B. Sachez que l&rsquo;efficacit\u00e9 d&rsquo;une formation est un enjeu d&rsquo;implication de toutes les parties prenantes, de l&rsquo;amont \u00e0 l&rsquo;aval : commanditaires, organismes de formation, apprenants. L&rsquo;article 6 conseils pour [&#8230;]<\/p>\n<p><a class=\"btn btn-secondary understrap-read-more-link\" href=\"https:\/\/dunod-formation.com\/petite-enfance\/indicateurs-de-resultats-integral-professionnels-petite-enfance\/\">Lire la suite\u2026<span class=\"screen-reader-text\"> from L\u2019int\u00e9gral des Professionnels de la Petite Enfance<\/span><\/a><\/p>\n","protected":false},"author":11,"featured_media":2132,"parent":0,"menu_order":0,"comment_status":"closed","ping_status":"closed","template":"page-templates\/template-indicateurs.php","meta":[],"acf":[],"yoast_head":"<!-- This site is optimized with the Yoast SEO plugin v20.8 - https:\/\/yoast.com\/wordpress\/plugins\/seo\/ -->\n<title>L\u2019int\u00e9gral des Professionnels de la Petite Enfance - Dunod Formation Petite Enfance<\/title>\n<meta name=\"robots\" content=\"index, follow, max-snippet:-1, max-image-preview:large, max-video-preview:-1\" \/>\n<link rel=\"canonical\" href=\"https:\/\/dunod-formation.com\/petite-enfance\/indicateurs-de-resultats-integral-professionnels-petite-enfance\/\" \/>\n<meta property=\"og:locale\" content=\"fr_FR\" \/>\n<meta property=\"og:type\" content=\"article\" \/>\n<meta property=\"og:title\" content=\"L\u2019int\u00e9gral des Professionnels de la Petite Enfance - Dunod Formation Petite Enfance\" \/>\n<meta property=\"og:description\" content=\"DUNOD partage ici les indicateurs de performance des formations Petite Enfance que nous consid\u00e9rons les plus pertinents pour vous \u00e9clairer dans vos choix de formations. N. B. Sachez que l&rsquo;efficacit\u00e9 d&rsquo;une formation est un enjeu d&rsquo;implication de toutes les parties prenantes, de l&rsquo;amont \u00e0 l&rsquo;aval : commanditaires, organismes de formation, apprenants. L&rsquo;article 6 conseils pour [...]Lire la suite\u2026 from L\u2019int\u00e9gral des Professionnels de la Petite Enfance\" \/>\n<meta property=\"og:url\" content=\"https:\/\/dunod-formation.com\/petite-enfance\/indicateurs-de-resultats-integral-professionnels-petite-enfance\/\" \/>\n<meta property=\"og:site_name\" content=\"Dunod Formation Petite Enfance\" \/>\n<meta property=\"article:modified_time\" content=\"2024-05-19T15:24:40+00:00\" \/>\n<meta property=\"og:image\" content=\"https:\/\/dunod-formation.com\/petite-enfance\/wp-content\/uploads\/2021\/03\/FAQ-Formations-Dunod-Petite-enfance.png\" \/>\n\t<meta property=\"og:image:width\" content=\"1440\" \/>\n\t<meta property=\"og:image:height\" content=\"480\" \/>\n\t<meta property=\"og:image:type\" content=\"image\/png\" \/>\n<meta name=\"twitter:card\" content=\"summary_large_image\" \/>\n<script type=\"application\/ld+json\" class=\"yoast-schema-graph\">{\"@context\":\"https:\/\/schema.org\",\"@graph\":[{\"@type\":\"WebPage\",\"@id\":\"https:\/\/dunod-formation.com\/petite-enfance\/indicateurs-de-resultats-integral-professionnels-petite-enfance\/\",\"url\":\"https:\/\/dunod-formation.com\/petite-enfance\/indicateurs-de-resultats-integral-professionnels-petite-enfance\/\",\"name\":\"L\u2019int\u00e9gral des Professionnels de la Petite Enfance - Dunod Formation Petite Enfance\",\"isPartOf\":{\"@id\":\"https:\/\/dunod-formation.com\/petite-enfance\/#website\"},\"datePublished\":\"2023-02-27T08:53:55+00:00\",\"dateModified\":\"2024-05-19T15:24:40+00:00\",\"breadcrumb\":{\"@id\":\"https:\/\/dunod-formation.com\/petite-enfance\/indicateurs-de-resultats-integral-professionnels-petite-enfance\/#breadcrumb\"},\"inLanguage\":\"fr-FR\",\"potentialAction\":[{\"@type\":\"ReadAction\",\"target\":[\"https:\/\/dunod-formation.com\/petite-enfance\/indicateurs-de-resultats-integral-professionnels-petite-enfance\/\"]}]},{\"@type\":\"BreadcrumbList\",\"@id\":\"https:\/\/dunod-formation.com\/petite-enfance\/indicateurs-de-resultats-integral-professionnels-petite-enfance\/#breadcrumb\",\"itemListElement\":[{\"@type\":\"ListItem\",\"position\":1,\"name\":\"Accueil\",\"item\":\"https:\/\/dunod-formation.com\/petite-enfance\/\"},{\"@type\":\"ListItem\",\"position\":2,\"name\":\"L\u2019int\u00e9gral des Professionnels de la Petite Enfance\"}]},{\"@type\":\"WebSite\",\"@id\":\"https:\/\/dunod-formation.com\/petite-enfance\/#website\",\"url\":\"https:\/\/dunod-formation.com\/petite-enfance\/\",\"name\":\"Dunod Formation Petite Enfance\",\"description\":\"La formation 100% en ligne pour les professionnels de la petite enfance\",\"potentialAction\":[{\"@type\":\"SearchAction\",\"target\":{\"@type\":\"EntryPoint\",\"urlTemplate\":\"https:\/\/dunod-formation.com\/petite-enfance\/?s={search_term_string}\"},\"query-input\":\"required name=search_term_string\"}],\"inLanguage\":\"fr-FR\"}]}<\/script>\n<!-- \/ Yoast SEO plugin. -->","yoast_head_json":{"title":"L\u2019int\u00e9gral des Professionnels de la Petite Enfance - Dunod Formation Petite Enfance","robots":{"index":"index","follow":"follow","max-snippet":"max-snippet:-1","max-image-preview":"max-image-preview:large","max-video-preview":"max-video-preview:-1"},"canonical":"https:\/\/dunod-formation.com\/petite-enfance\/indicateurs-de-resultats-integral-professionnels-petite-enfance\/","og_locale":"fr_FR","og_type":"article","og_title":"L\u2019int\u00e9gral des Professionnels de la Petite Enfance - Dunod Formation Petite Enfance","og_description":"DUNOD partage ici les indicateurs de performance des formations Petite Enfance que nous consid\u00e9rons les plus pertinents pour vous \u00e9clairer dans vos choix de formations. N. B. Sachez que l&rsquo;efficacit\u00e9 d&rsquo;une formation est un enjeu d&rsquo;implication de toutes les parties prenantes, de l&rsquo;amont \u00e0 l&rsquo;aval : commanditaires, organismes de formation, apprenants. L&rsquo;article 6 conseils pour [...]Lire la suite\u2026 from L\u2019int\u00e9gral des Professionnels de la Petite Enfance","og_url":"https:\/\/dunod-formation.com\/petite-enfance\/indicateurs-de-resultats-integral-professionnels-petite-enfance\/","og_site_name":"Dunod Formation Petite Enfance","article_modified_time":"2024-05-19T15:24:40+00:00","og_image":[{"width":1440,"height":480,"url":"https:\/\/dunod-formation.com\/petite-enfance\/wp-content\/uploads\/2021\/03\/FAQ-Formations-Dunod-Petite-enfance.png","type":"image\/png"}],"twitter_card":"summary_large_image","schema":{"@context":"https:\/\/schema.org","@graph":[{"@type":"WebPage","@id":"https:\/\/dunod-formation.com\/petite-enfance\/indicateurs-de-resultats-integral-professionnels-petite-enfance\/","url":"https:\/\/dunod-formation.com\/petite-enfance\/indicateurs-de-resultats-integral-professionnels-petite-enfance\/","name":"L\u2019int\u00e9gral des Professionnels de la Petite Enfance - Dunod Formation Petite Enfance","isPartOf":{"@id":"https:\/\/dunod-formation.com\/petite-enfance\/#website"},"datePublished":"2023-02-27T08:53:55+00:00","dateModified":"2024-05-19T15:24:40+00:00","breadcrumb":{"@id":"https:\/\/dunod-formation.com\/petite-enfance\/indicateurs-de-resultats-integral-professionnels-petite-enfance\/#breadcrumb"},"inLanguage":"fr-FR","potentialAction":[{"@type":"ReadAction","target":["https:\/\/dunod-formation.com\/petite-enfance\/indicateurs-de-resultats-integral-professionnels-petite-enfance\/"]}]},{"@type":"BreadcrumbList","@id":"https:\/\/dunod-formation.com\/petite-enfance\/indicateurs-de-resultats-integral-professionnels-petite-enfance\/#breadcrumb","itemListElement":[{"@type":"ListItem","position":1,"name":"Accueil","item":"https:\/\/dunod-formation.com\/petite-enfance\/"},{"@type":"ListItem","position":2,"name":"L\u2019int\u00e9gral des Professionnels de la Petite Enfance"}]},{"@type":"WebSite","@id":"https:\/\/dunod-formation.com\/petite-enfance\/#website","url":"https:\/\/dunod-formation.com\/petite-enfance\/","name":"Dunod Formation Petite Enfance","description":"La formation 100% en ligne pour les professionnels de la petite enfance","potentialAction":[{"@type":"SearchAction","target":{"@type":"EntryPoint","urlTemplate":"https:\/\/dunod-formation.com\/petite-enfance\/?s={search_term_string}"},"query-input":"required name=search_term_string"}],"inLanguage":"fr-FR"}]}},"_links":{"self":[{"href":"https:\/\/dunod-formation.com\/petite-enfance\/wp-json\/wp\/v2\/pages\/5106"}],"collection":[{"href":"https:\/\/dunod-formation.com\/petite-enfance\/wp-json\/wp\/v2\/pages"}],"about":[{"href":"https:\/\/dunod-formation.com\/petite-enfance\/wp-json\/wp\/v2\/types\/page"}],"author":[{"embeddable":true,"href":"https:\/\/dunod-formation.com\/petite-enfance\/wp-json\/wp\/v2\/users\/11"}],"replies":[{"embeddable":true,"href":"https:\/\/dunod-formation.com\/petite-enfance\/wp-json\/wp\/v2\/comments?post=5106"}],"version-history":[{"count":19,"href":"https:\/\/dunod-formation.com\/petite-enfance\/wp-json\/wp\/v2\/pages\/5106\/revisions"}],"predecessor-version":[{"id":7295,"href":"https:\/\/dunod-formation.com\/petite-enfance\/wp-json\/wp\/v2\/pages\/5106\/revisions\/7295"}],"wp:featuredmedia":[{"embeddable":true,"href":"https:\/\/dunod-formation.com\/petite-enfance\/wp-json\/wp\/v2\/media\/2132"}],"wp:attachment":[{"href":"https:\/\/dunod-formation.com\/petite-enfance\/wp-json\/wp\/v2\/media?parent=5106"}],"curies":[{"name":"wp","href":"https:\/\/api.w.org\/{rel}","templated":true}]}}