{"id":5726,"date":"2023-06-14T13:23:53","date_gmt":"2023-06-14T11:23:53","guid":{"rendered":"https:\/\/dunod-formation.com\/petite-enfance\/?page_id=5726"},"modified":"2023-06-14T13:31:03","modified_gmt":"2023-06-14T11:31:03","slug":"pre-inscription-effectuee","status":"publish","type":"page","link":"https:\/\/dunod-formation.com\/petite-enfance\/pre-inscription-effectuee\/","title":{"rendered":"Pr\u00e9-inscription effectu\u00e9e"},"content":{"rendered":"<p>Merci pour ces informations, nous venons de vous adresser un e-mail pour finaliser votre inscription !<\/p>\n<p>Vous pouvez \u00e9galement le faire d\u00e8s maintenant en compl\u00e9tant ce dernier formulaire<\/p>\n<p><a class=\"btn btn-secondary btn-sm\" href=\"https:\/\/dunod-formation.com\/petite-enfance\/inscription-complete\/\">Finaliser mon inscription<\/a><\/p>\n","protected":false},"excerpt":{"rendered":"<p>Merci pour ces informations, nous venons de vous adresser un e-mail pour finaliser votre inscription ! Vous pouvez \u00e9galement le faire d\u00e8s maintenant en compl\u00e9tant ce dernier formulaire Finaliser mon inscription [&#8230;]<\/p>\n<p><a class=\"btn btn-secondary understrap-read-more-link\" href=\"https:\/\/dunod-formation.com\/petite-enfance\/pre-inscription-effectuee\/\">Lire la suite\u2026<span class=\"screen-reader-text\"> from Pr\u00e9-inscription effectu\u00e9e<\/span><\/a><\/p>\n","protected":false},"author":8,"featured_media":5620,"parent":0,"menu_order":0,"comment_status":"closed","ping_status":"closed","template":"","meta":[],"acf":[],"yoast_head":"<!-- This site is optimized with the Yoast SEO plugin v20.8 - https:\/\/yoast.com\/wordpress\/plugins\/seo\/ -->\n<title>Pr\u00e9-inscription effectu\u00e9e - Dunod Formation Petite Enfance<\/title>\n<meta name=\"robots\" content=\"index, follow, max-snippet:-1, max-image-preview:large, max-video-preview:-1\" \/>\n<link rel=\"canonical\" href=\"https:\/\/dunod-formation.com\/petite-enfance\/pre-inscription-effectuee\/\" \/>\n<meta property=\"og:locale\" content=\"fr_FR\" \/>\n<meta property=\"og:type\" content=\"article\" \/>\n<meta property=\"og:title\" content=\"Pr\u00e9-inscription effectu\u00e9e - Dunod Formation Petite Enfance\" \/>\n<meta property=\"og:description\" content=\"Merci pour ces informations, nous venons de vous adresser un e-mail pour finaliser votre inscription ! Vous pouvez \u00e9galement le faire d\u00e8s maintenant en compl\u00e9tant ce dernier formulaire Finaliser mon inscription [...]Lire la suite\u2026 from Pr\u00e9-inscription effectu\u00e9e\" \/>\n<meta property=\"og:url\" content=\"https:\/\/dunod-formation.com\/petite-enfance\/pre-inscription-effectuee\/\" \/>\n<meta property=\"og:site_name\" content=\"Dunod Formation Petite Enfance\" \/>\n<meta property=\"article:modified_time\" content=\"2023-06-14T11:31:03+00:00\" \/>\n<meta property=\"og:image\" content=\"https:\/\/dunod-formation.com\/petite-enfance\/wp-content\/uploads\/2023\/06\/inscription.jpg\" \/>\n\t<meta property=\"og:image:width\" content=\"1000\" \/>\n\t<meta property=\"og:image:height\" content=\"646\" \/>\n\t<meta property=\"og:image:type\" content=\"image\/jpeg\" \/>\n<meta name=\"twitter:card\" content=\"summary_large_image\" \/>\n<script type=\"application\/ld+json\" class=\"yoast-schema-graph\">{\"@context\":\"https:\/\/schema.org\",\"@graph\":[{\"@type\":\"WebPage\",\"@id\":\"https:\/\/dunod-formation.com\/petite-enfance\/pre-inscription-effectuee\/\",\"url\":\"https:\/\/dunod-formation.com\/petite-enfance\/pre-inscription-effectuee\/\",\"name\":\"Pr\u00e9-inscription effectu\u00e9e - Dunod Formation Petite Enfance\",\"isPartOf\":{\"@id\":\"https:\/\/dunod-formation.com\/petite-enfance\/#website\"},\"datePublished\":\"2023-06-14T11:23:53+00:00\",\"dateModified\":\"2023-06-14T11:31:03+00:00\",\"breadcrumb\":{\"@id\":\"https:\/\/dunod-formation.com\/petite-enfance\/pre-inscription-effectuee\/#breadcrumb\"},\"inLanguage\":\"fr-FR\",\"potentialAction\":[{\"@type\":\"ReadAction\",\"target\":[\"https:\/\/dunod-formation.com\/petite-enfance\/pre-inscription-effectuee\/\"]}]},{\"@type\":\"BreadcrumbList\",\"@id\":\"https:\/\/dunod-formation.com\/petite-enfance\/pre-inscription-effectuee\/#breadcrumb\",\"itemListElement\":[{\"@type\":\"ListItem\",\"position\":1,\"name\":\"Accueil\",\"item\":\"https:\/\/dunod-formation.com\/petite-enfance\/\"},{\"@type\":\"ListItem\",\"position\":2,\"name\":\"Pr\u00e9-inscription effectu\u00e9e\"}]},{\"@type\":\"WebSite\",\"@id\":\"https:\/\/dunod-formation.com\/petite-enfance\/#website\",\"url\":\"https:\/\/dunod-formation.com\/petite-enfance\/\",\"name\":\"Dunod Formation Petite Enfance\",\"description\":\"La formation 100% en ligne pour les professionnels de la petite enfance\",\"potentialAction\":[{\"@type\":\"SearchAction\",\"target\":{\"@type\":\"EntryPoint\",\"urlTemplate\":\"https:\/\/dunod-formation.com\/petite-enfance\/?s={search_term_string}\"},\"query-input\":\"required name=search_term_string\"}],\"inLanguage\":\"fr-FR\"}]}<\/script>\n<!-- \/ Yoast SEO plugin. -->","yoast_head_json":{"title":"Pr\u00e9-inscription effectu\u00e9e - Dunod Formation Petite Enfance","robots":{"index":"index","follow":"follow","max-snippet":"max-snippet:-1","max-image-preview":"max-image-preview:large","max-video-preview":"max-video-preview:-1"},"canonical":"https:\/\/dunod-formation.com\/petite-enfance\/pre-inscription-effectuee\/","og_locale":"fr_FR","og_type":"article","og_title":"Pr\u00e9-inscription effectu\u00e9e - Dunod Formation Petite Enfance","og_description":"Merci pour ces informations, nous venons de vous adresser un e-mail pour finaliser votre inscription ! Vous pouvez \u00e9galement le faire d\u00e8s maintenant en compl\u00e9tant ce dernier formulaire Finaliser mon inscription [...]Lire la suite\u2026 from Pr\u00e9-inscription effectu\u00e9e","og_url":"https:\/\/dunod-formation.com\/petite-enfance\/pre-inscription-effectuee\/","og_site_name":"Dunod Formation Petite Enfance","article_modified_time":"2023-06-14T11:31:03+00:00","og_image":[{"width":1000,"height":646,"url":"https:\/\/dunod-formation.com\/petite-enfance\/wp-content\/uploads\/2023\/06\/inscription.jpg","type":"image\/jpeg"}],"twitter_card":"summary_large_image","schema":{"@context":"https:\/\/schema.org","@graph":[{"@type":"WebPage","@id":"https:\/\/dunod-formation.com\/petite-enfance\/pre-inscription-effectuee\/","url":"https:\/\/dunod-formation.com\/petite-enfance\/pre-inscription-effectuee\/","name":"Pr\u00e9-inscription effectu\u00e9e - Dunod Formation Petite Enfance","isPartOf":{"@id":"https:\/\/dunod-formation.com\/petite-enfance\/#website"},"datePublished":"2023-06-14T11:23:53+00:00","dateModified":"2023-06-14T11:31:03+00:00","breadcrumb":{"@id":"https:\/\/dunod-formation.com\/petite-enfance\/pre-inscription-effectuee\/#breadcrumb"},"inLanguage":"fr-FR","potentialAction":[{"@type":"ReadAction","target":["https:\/\/dunod-formation.com\/petite-enfance\/pre-inscription-effectuee\/"]}]},{"@type":"BreadcrumbList","@id":"https:\/\/dunod-formation.com\/petite-enfance\/pre-inscription-effectuee\/#breadcrumb","itemListElement":[{"@type":"ListItem","position":1,"name":"Accueil","item":"https:\/\/dunod-formation.com\/petite-enfance\/"},{"@type":"ListItem","position":2,"name":"Pr\u00e9-inscription effectu\u00e9e"}]},{"@type":"WebSite","@id":"https:\/\/dunod-formation.com\/petite-enfance\/#website","url":"https:\/\/dunod-formation.com\/petite-enfance\/","name":"Dunod Formation Petite Enfance","description":"La formation 100% en ligne pour les professionnels de la petite enfance","potentialAction":[{"@type":"SearchAction","target":{"@type":"EntryPoint","urlTemplate":"https:\/\/dunod-formation.com\/petite-enfance\/?s={search_term_string}"},"query-input":"required name=search_term_string"}],"inLanguage":"fr-FR"}]}},"_links":{"self":[{"href":"https:\/\/dunod-formation.com\/petite-enfance\/wp-json\/wp\/v2\/pages\/5726"}],"collection":[{"href":"https:\/\/dunod-formation.com\/petite-enfance\/wp-json\/wp\/v2\/pages"}],"about":[{"href":"https:\/\/dunod-formation.com\/petite-enfance\/wp-json\/wp\/v2\/types\/page"}],"author":[{"embeddable":true,"href":"https:\/\/dunod-formation.com\/petite-enfance\/wp-json\/wp\/v2\/users\/8"}],"replies":[{"embeddable":true,"href":"https:\/\/dunod-formation.com\/petite-enfance\/wp-json\/wp\/v2\/comments?post=5726"}],"version-history":[{"count":4,"href":"https:\/\/dunod-formation.com\/petite-enfance\/wp-json\/wp\/v2\/pages\/5726\/revisions"}],"predecessor-version":[{"id":5730,"href":"https:\/\/dunod-formation.com\/petite-enfance\/wp-json\/wp\/v2\/pages\/5726\/revisions\/5730"}],"wp:featuredmedia":[{"embeddable":true,"href":"https:\/\/dunod-formation.com\/petite-enfance\/wp-json\/wp\/v2\/media\/5620"}],"wp:attachment":[{"href":"https:\/\/dunod-formation.com\/petite-enfance\/wp-json\/wp\/v2\/media?parent=5726"}],"curies":[{"name":"wp","href":"https:\/\/api.w.org\/{rel}","templated":true}]}}