{"id":609,"date":"2020-11-04T17:50:57","date_gmt":"2020-11-04T16:50:57","guid":{"rendered":"https:\/\/dunod-petite-enfance.churchill.fr\/?page_id=609"},"modified":"2026-03-16T16:03:19","modified_gmt":"2026-03-16T15:03:19","slug":"qui-sommes-nous","status":"publish","type":"page","link":"https:\/\/dunod-formation.com\/petite-enfance\/qui-sommes-nous\/","title":{"rendered":"Qui sommes-nous ?"},"content":{"rendered":"<p>Formation des professionnels de la Petite Enfance, d\u00e9veloppement des comp\u00e9tences transversales (\u00ab\u00a0soft skills pour un monde en transition\u00a0\u00bb) : <a href=\"https:\/\/dunod-formation.com\/portail\/qui-sommes-nous\/\" target=\"_blank\" rel=\"noopener\"><strong>d\u00e9couvrez Dunod Formation, l&rsquo;organisme de formation, l&rsquo;organisme de formation de Dunod \u00c9diteur<\/strong><\/a>.<\/p>\n<p>Pour toute \u00e9change sur sur vos besoins de d\u00e9veloppement des comp\u00e9tences, contactez-nous : <a href=\"mailto:digital-learning@dunod.com\">digital-learning@dunod.com<\/a>.<\/p>\n<p>Notre \u00e9quipe sera \u00e0 votre \u00e9coute pour r\u00e9pondre au mieux \u00e0 vos attentes.<\/p>\n<p>&nbsp;<\/p>\n<p>Date de derni\u00e8re modification : 11 f\u00e9vrier 2026.<\/p>\n","protected":false},"excerpt":{"rendered":"<p>Formation des professionnels de la Petite Enfance, d\u00e9veloppement des comp\u00e9tences transversales (\u00ab\u00a0soft skills pour un monde en transition\u00a0\u00bb) : d\u00e9couvrez Dunod Formation, l&rsquo;organisme de formation, l&rsquo;organisme de formation de Dunod \u00c9diteur. Pour toute \u00e9change sur sur vos besoins de d\u00e9veloppement des comp\u00e9tences, contactez-nous : digital-learning@dunod.com. Notre \u00e9quipe sera \u00e0 votre \u00e9coute pour r\u00e9pondre au mieux [&#8230;]<\/p>\n<p><a class=\"btn btn-secondary understrap-read-more-link\" href=\"https:\/\/dunod-formation.com\/petite-enfance\/qui-sommes-nous\/\">Lire la suite\u2026<span class=\"screen-reader-text\"> from Qui sommes-nous ?<\/span><\/a><\/p>\n","protected":false},"author":8,"featured_media":872,"parent":0,"menu_order":0,"comment_status":"closed","ping_status":"closed","template":"","meta":[],"acf":[],"yoast_head":"<!-- This site is optimized with the Yoast SEO plugin v20.8 - https:\/\/yoast.com\/wordpress\/plugins\/seo\/ -->\n<title>Qui sommes-nous ? - Dunod Formation Petite Enfance<\/title>\n<meta name=\"robots\" content=\"index, follow, max-snippet:-1, max-image-preview:large, max-video-preview:-1\" \/>\n<link rel=\"canonical\" href=\"https:\/\/dunod-formation.com\/petite-enfance\/qui-sommes-nous\/\" \/>\n<meta property=\"og:locale\" content=\"fr_FR\" \/>\n<meta property=\"og:type\" content=\"article\" \/>\n<meta property=\"og:title\" content=\"Qui sommes-nous ? - Dunod Formation Petite Enfance\" \/>\n<meta property=\"og:description\" content=\"Formation des professionnels de la Petite Enfance, d\u00e9veloppement des comp\u00e9tences transversales (\u00ab\u00a0soft skills pour un monde en transition\u00a0\u00bb) : d\u00e9couvrez Dunod Formation, l&rsquo;organisme de formation, l&rsquo;organisme de formation de Dunod \u00c9diteur. Pour toute \u00e9change sur sur vos besoins de d\u00e9veloppement des comp\u00e9tences, contactez-nous : digital-learning@dunod.com. Notre \u00e9quipe sera \u00e0 votre \u00e9coute pour r\u00e9pondre au mieux [...]Lire la suite\u2026 from Qui sommes-nous ?\" \/>\n<meta property=\"og:url\" content=\"https:\/\/dunod-formation.com\/petite-enfance\/qui-sommes-nous\/\" \/>\n<meta property=\"og:site_name\" content=\"Dunod Formation Petite Enfance\" \/>\n<meta property=\"article:modified_time\" content=\"2026-03-16T15:03:19+00:00\" \/>\n<meta property=\"og:image\" content=\"https:\/\/dunod-formation.com\/petite-enfance\/wp-content\/uploads\/2020\/11\/AdobeStock_254137517-scaled.jpeg\" \/>\n\t<meta property=\"og:image:width\" content=\"2560\" \/>\n\t<meta property=\"og:image:height\" content=\"853\" \/>\n\t<meta property=\"og:image:type\" content=\"image\/jpeg\" \/>\n<meta name=\"twitter:card\" content=\"summary_large_image\" \/>\n<script type=\"application\/ld+json\" class=\"yoast-schema-graph\">{\"@context\":\"https:\/\/schema.org\",\"@graph\":[{\"@type\":\"WebPage\",\"@id\":\"https:\/\/dunod-formation.com\/petite-enfance\/qui-sommes-nous\/\",\"url\":\"https:\/\/dunod-formation.com\/petite-enfance\/qui-sommes-nous\/\",\"name\":\"Qui sommes-nous ? - Dunod Formation Petite Enfance\",\"isPartOf\":{\"@id\":\"https:\/\/dunod-formation.com\/petite-enfance\/#website\"},\"datePublished\":\"2020-11-04T16:50:57+00:00\",\"dateModified\":\"2026-03-16T15:03:19+00:00\",\"breadcrumb\":{\"@id\":\"https:\/\/dunod-formation.com\/petite-enfance\/qui-sommes-nous\/#breadcrumb\"},\"inLanguage\":\"fr-FR\",\"potentialAction\":[{\"@type\":\"ReadAction\",\"target\":[\"https:\/\/dunod-formation.com\/petite-enfance\/qui-sommes-nous\/\"]}]},{\"@type\":\"BreadcrumbList\",\"@id\":\"https:\/\/dunod-formation.com\/petite-enfance\/qui-sommes-nous\/#breadcrumb\",\"itemListElement\":[{\"@type\":\"ListItem\",\"position\":1,\"name\":\"Accueil\",\"item\":\"https:\/\/dunod-formation.com\/petite-enfance\/\"},{\"@type\":\"ListItem\",\"position\":2,\"name\":\"Qui sommes-nous ?\"}]},{\"@type\":\"WebSite\",\"@id\":\"https:\/\/dunod-formation.com\/petite-enfance\/#website\",\"url\":\"https:\/\/dunod-formation.com\/petite-enfance\/\",\"name\":\"Dunod Formation Petite Enfance\",\"description\":\"La formation 100% en ligne pour les professionnels de la petite enfance\",\"potentialAction\":[{\"@type\":\"SearchAction\",\"target\":{\"@type\":\"EntryPoint\",\"urlTemplate\":\"https:\/\/dunod-formation.com\/petite-enfance\/?s={search_term_string}\"},\"query-input\":\"required name=search_term_string\"}],\"inLanguage\":\"fr-FR\"}]}<\/script>\n<!-- \/ Yoast SEO plugin. -->","yoast_head_json":{"title":"Qui sommes-nous ? - Dunod Formation Petite Enfance","robots":{"index":"index","follow":"follow","max-snippet":"max-snippet:-1","max-image-preview":"max-image-preview:large","max-video-preview":"max-video-preview:-1"},"canonical":"https:\/\/dunod-formation.com\/petite-enfance\/qui-sommes-nous\/","og_locale":"fr_FR","og_type":"article","og_title":"Qui sommes-nous ? - Dunod Formation Petite Enfance","og_description":"Formation des professionnels de la Petite Enfance, d\u00e9veloppement des comp\u00e9tences transversales (\u00ab\u00a0soft skills pour un monde en transition\u00a0\u00bb) : d\u00e9couvrez Dunod Formation, l&rsquo;organisme de formation, l&rsquo;organisme de formation de Dunod \u00c9diteur. Pour toute \u00e9change sur sur vos besoins de d\u00e9veloppement des comp\u00e9tences, contactez-nous : digital-learning@dunod.com. Notre \u00e9quipe sera \u00e0 votre \u00e9coute pour r\u00e9pondre au mieux [...]Lire la suite\u2026 from Qui sommes-nous ?","og_url":"https:\/\/dunod-formation.com\/petite-enfance\/qui-sommes-nous\/","og_site_name":"Dunod Formation Petite Enfance","article_modified_time":"2026-03-16T15:03:19+00:00","og_image":[{"width":2560,"height":853,"url":"https:\/\/dunod-formation.com\/petite-enfance\/wp-content\/uploads\/2020\/11\/AdobeStock_254137517-scaled.jpeg","type":"image\/jpeg"}],"twitter_card":"summary_large_image","schema":{"@context":"https:\/\/schema.org","@graph":[{"@type":"WebPage","@id":"https:\/\/dunod-formation.com\/petite-enfance\/qui-sommes-nous\/","url":"https:\/\/dunod-formation.com\/petite-enfance\/qui-sommes-nous\/","name":"Qui sommes-nous ? - Dunod Formation Petite Enfance","isPartOf":{"@id":"https:\/\/dunod-formation.com\/petite-enfance\/#website"},"datePublished":"2020-11-04T16:50:57+00:00","dateModified":"2026-03-16T15:03:19+00:00","breadcrumb":{"@id":"https:\/\/dunod-formation.com\/petite-enfance\/qui-sommes-nous\/#breadcrumb"},"inLanguage":"fr-FR","potentialAction":[{"@type":"ReadAction","target":["https:\/\/dunod-formation.com\/petite-enfance\/qui-sommes-nous\/"]}]},{"@type":"BreadcrumbList","@id":"https:\/\/dunod-formation.com\/petite-enfance\/qui-sommes-nous\/#breadcrumb","itemListElement":[{"@type":"ListItem","position":1,"name":"Accueil","item":"https:\/\/dunod-formation.com\/petite-enfance\/"},{"@type":"ListItem","position":2,"name":"Qui sommes-nous ?"}]},{"@type":"WebSite","@id":"https:\/\/dunod-formation.com\/petite-enfance\/#website","url":"https:\/\/dunod-formation.com\/petite-enfance\/","name":"Dunod Formation Petite Enfance","description":"La formation 100% en ligne pour les professionnels de la petite enfance","potentialAction":[{"@type":"SearchAction","target":{"@type":"EntryPoint","urlTemplate":"https:\/\/dunod-formation.com\/petite-enfance\/?s={search_term_string}"},"query-input":"required name=search_term_string"}],"inLanguage":"fr-FR"}]}},"_links":{"self":[{"href":"https:\/\/dunod-formation.com\/petite-enfance\/wp-json\/wp\/v2\/pages\/609"}],"collection":[{"href":"https:\/\/dunod-formation.com\/petite-enfance\/wp-json\/wp\/v2\/pages"}],"about":[{"href":"https:\/\/dunod-formation.com\/petite-enfance\/wp-json\/wp\/v2\/types\/page"}],"author":[{"embeddable":true,"href":"https:\/\/dunod-formation.com\/petite-enfance\/wp-json\/wp\/v2\/users\/8"}],"replies":[{"embeddable":true,"href":"https:\/\/dunod-formation.com\/petite-enfance\/wp-json\/wp\/v2\/comments?post=609"}],"version-history":[{"count":36,"href":"https:\/\/dunod-formation.com\/petite-enfance\/wp-json\/wp\/v2\/pages\/609\/revisions"}],"predecessor-version":[{"id":8604,"href":"https:\/\/dunod-formation.com\/petite-enfance\/wp-json\/wp\/v2\/pages\/609\/revisions\/8604"}],"wp:featuredmedia":[{"embeddable":true,"href":"https:\/\/dunod-formation.com\/petite-enfance\/wp-json\/wp\/v2\/media\/872"}],"wp:attachment":[{"href":"https:\/\/dunod-formation.com\/petite-enfance\/wp-json\/wp\/v2\/media?parent=609"}],"curies":[{"name":"wp","href":"https:\/\/api.w.org\/{rel}","templated":true}]}}