{"id":6807,"date":"2024-03-22T15:08:01","date_gmt":"2024-03-22T14:08:01","guid":{"rendered":"https:\/\/dunod-formation.com\/petite-enfance\/?page_id=6807"},"modified":"2024-05-19T16:40:44","modified_gmt":"2024-05-19T14:40:44","slug":"indicateurs-de-resultats-essentiels-eveil-sensoriel","status":"publish","type":"page","link":"https:\/\/dunod-formation.com\/petite-enfance\/indicateurs-de-resultats-essentiels-eveil-sensoriel\/","title":{"rendered":"Les essentiels de l&rsquo;\u00e9veil sensoriel"},"content":{"rendered":"<p>DUNOD partage ici les indicateurs de performance des formations Petite Enfance que nous consid\u00e9rons les plus pertinents pour vous \u00e9clairer dans vos choix de formations.<\/p>\n<p>N. B. Sachez que l&rsquo;efficacit\u00e9 d&rsquo;une formation est un <strong>enjeu d&rsquo;implication de toutes les parties prenantes, de l&rsquo;amont \u00e0 l&rsquo;aval<\/strong> : commanditaires, organismes de formation, apprenants. L&rsquo;article <a href=\"https:\/\/dunod-formation.com\/petite-enfance\/conseils-efficacite-formation-digitale\/\">6 conseils pour optimiser la formation en ligne de vos \u00e9quipes<\/a> fournit aux commanditaires de pr\u00e9cieux conseils pour faire vivre les acquis de la formation au-del\u00e0 de sa finalisation. N&rsquo;h\u00e9sitez pas \u00e0 nous contacter pour toute pr\u00e9cision compl\u00e9mentaire : <a href=\"mailto:digital-learning@dunod.com\">digital-learning@dunod.com<\/a>.<\/p>\n<p>Date de mise en vente de cette formation : 3 juillet 2023.<\/p>\n<h2>Indicateurs d&rsquo;assiduit\u00e9 et de r\u00e9ussite<\/h2>\n<p><strong>100\u00a0% <\/strong>des participants ont termin\u00e9 le parcours.<\/p>\n<p>Source : plate-forme 360Learning, r\u00e9sultats 2023.<\/p>\n<h2>Taux de validation des parcours<\/h2>\n<p><span style=\"background-color: var(--bs-body-bg); color: var(--bs-body-color); font-family: var(--bs-body-font-family); font-size: var(--bs-body-font-size); font-weight: var(--bs-body-font-weight); text-align: var(--bs-body-text-align);\">Le taux de validation est le pourcentage de participants ayant atteint un score \u2265 50% de bonnes r\u00e9ponses \u00e0 la derni\u00e8re \u00e9valuation du parcours.<br \/>\n<\/span><span style=\"background-color: var(--bs-body-bg); color: var(--bs-body-color); font-family: var(--bs-body-font-family); font-size: var(--bs-body-font-size); font-weight: var(--bs-body-font-weight); text-align: var(--bs-body-text-align);\">Consulter le taux de validation de chacun des parcours composant \u00ab\u00a0Les essentiels de la relation avec l&rsquo;enfant<\/span><span style=\"background-color: var(--bs-body-bg); color: var(--bs-body-color); font-family: var(--bs-body-font-family); font-size: var(--bs-body-font-size); font-weight: var(--bs-body-font-weight); text-align: var(--bs-body-text-align);\">\u00ab\u00a0, quels que soient leurs modes de vente (parcours \u00ab\u00a0\u00e0 la carte\u00a0\u00bb, th\u00e9matique\u00a0\u00bb, \u00ab\u00a0multith\u00e9matique\u00a0\u00bb, autres offres sur mesure) :<\/span><\/p>\n<p><a href=\"https:\/\/dunod-formation.com\/petite-enfance\/indicateurs-de-resultats-eveil-a-la-nature\/\">Taux de validation du parcours \u00c9veil \u00e0 la nature<\/a><\/p>\n<p><a href=\"https:\/\/dunod-formation.com\/petite-enfance\/indicateurs-de-resultats-eveil-sensoriel-approche-snoezelen\/\">Taux de validation du parcours \u00c9veil sensoriel de l&rsquo;enfant et approche Snoezelen<\/a><\/p>\n<h2>\u00c9valuation de la satisfaction des apprenants<\/h2>\n<p>Les apprenants sont globalement <strong>satisfaits de\u00a0 la formation<\/strong> (note moyenne<b> 3\/4<\/b>)\u00a0;<\/p>\n<p>les apprenants consid\u00e8rent que la formation leur sera <strong>utile en situation de travail<\/strong> (note moyenne de <strong>3\/4<\/strong>) ;<\/p>\n<p>Les apprenants ont l&rsquo;intention de recommander cette formation \u00e0 un(e) coll\u00e8gue (note moyenne de <strong>6\/8).<\/strong><\/p>\n<p>Source : questionnaires de satisfaction apprenants re\u00e7us en 2023.<\/p>\n<p>&nbsp;<\/p>\n<h2>T\u00e9moignages utilisateurs (apprenants, commanditaires)<\/h2>\n<p>Consultez les t\u00e9moignages des personnes form\u00e9es au fil de leur mise en ligne.<\/p>\n<p>Ces t\u00e9moignages figurent en bas de la <a href=\"https:\/\/dunod-formation.com\/petite-enfance\/formation\/les-essentiels-de-la-relation-avec-lenfant\/\">fiche de pr\u00e9sentation de cette formation<\/a>.<\/p>\n<p>&nbsp;<\/p>\n<p>Date de derni\u00e8re mise \u00e0 jour de cette page : 18 mai 2024.<\/p>\n","protected":false},"excerpt":{"rendered":"<p>DUNOD partage ici les indicateurs de performance des formations Petite Enfance que nous consid\u00e9rons les plus pertinents pour vous \u00e9clairer dans vos choix de formations. N. B. Sachez que l&rsquo;efficacit\u00e9 d&rsquo;une formation est un enjeu d&rsquo;implication de toutes les parties prenantes, de l&rsquo;amont \u00e0 l&rsquo;aval : commanditaires, organismes de formation, apprenants. L&rsquo;article 6 conseils pour [&#8230;]<\/p>\n<p><a class=\"btn btn-secondary understrap-read-more-link\" href=\"https:\/\/dunod-formation.com\/petite-enfance\/indicateurs-de-resultats-essentiels-eveil-sensoriel\/\">Lire la suite\u2026<span class=\"screen-reader-text\"> from Les essentiels de l&rsquo;\u00e9veil sensoriel<\/span><\/a><\/p>\n","protected":false},"author":18,"featured_media":2132,"parent":0,"menu_order":0,"comment_status":"closed","ping_status":"closed","template":"page-templates\/template-indicateurs.php","meta":[],"acf":[],"yoast_head":"<!-- This site is optimized with the Yoast SEO plugin v20.8 - https:\/\/yoast.com\/wordpress\/plugins\/seo\/ -->\n<title>Les essentiels de l&#039;\u00e9veil sensoriel - Dunod Formation Petite Enfance<\/title>\n<meta name=\"robots\" content=\"index, follow, max-snippet:-1, max-image-preview:large, max-video-preview:-1\" \/>\n<link rel=\"canonical\" href=\"https:\/\/dunod-formation.com\/petite-enfance\/indicateurs-de-resultats-essentiels-eveil-sensoriel\/\" \/>\n<meta property=\"og:locale\" content=\"fr_FR\" \/>\n<meta property=\"og:type\" content=\"article\" \/>\n<meta property=\"og:title\" content=\"Les essentiels de l&#039;\u00e9veil sensoriel - Dunod Formation Petite Enfance\" \/>\n<meta property=\"og:description\" content=\"DUNOD partage ici les indicateurs de performance des formations Petite Enfance que nous consid\u00e9rons les plus pertinents pour vous \u00e9clairer dans vos choix de formations. N. B. Sachez que l&rsquo;efficacit\u00e9 d&rsquo;une formation est un enjeu d&rsquo;implication de toutes les parties prenantes, de l&rsquo;amont \u00e0 l&rsquo;aval : commanditaires, organismes de formation, apprenants. L&rsquo;article 6 conseils pour [...]Lire la suite\u2026 from Les essentiels de l&rsquo;\u00e9veil sensoriel\" \/>\n<meta property=\"og:url\" content=\"https:\/\/dunod-formation.com\/petite-enfance\/indicateurs-de-resultats-essentiels-eveil-sensoriel\/\" \/>\n<meta property=\"og:site_name\" content=\"Dunod Formation Petite Enfance\" \/>\n<meta property=\"article:modified_time\" content=\"2024-05-19T14:40:44+00:00\" \/>\n<meta property=\"og:image\" content=\"https:\/\/dunod-formation.com\/petite-enfance\/wp-content\/uploads\/2021\/03\/FAQ-Formations-Dunod-Petite-enfance.png\" \/>\n\t<meta property=\"og:image:width\" content=\"1440\" \/>\n\t<meta property=\"og:image:height\" content=\"480\" \/>\n\t<meta property=\"og:image:type\" content=\"image\/png\" \/>\n<meta name=\"twitter:card\" content=\"summary_large_image\" \/>\n<script type=\"application\/ld+json\" class=\"yoast-schema-graph\">{\"@context\":\"https:\/\/schema.org\",\"@graph\":[{\"@type\":\"WebPage\",\"@id\":\"https:\/\/dunod-formation.com\/petite-enfance\/indicateurs-de-resultats-essentiels-eveil-sensoriel\/\",\"url\":\"https:\/\/dunod-formation.com\/petite-enfance\/indicateurs-de-resultats-essentiels-eveil-sensoriel\/\",\"name\":\"Les essentiels de l'\u00e9veil sensoriel - Dunod Formation Petite Enfance\",\"isPartOf\":{\"@id\":\"https:\/\/dunod-formation.com\/petite-enfance\/#website\"},\"datePublished\":\"2024-03-22T14:08:01+00:00\",\"dateModified\":\"2024-05-19T14:40:44+00:00\",\"breadcrumb\":{\"@id\":\"https:\/\/dunod-formation.com\/petite-enfance\/indicateurs-de-resultats-essentiels-eveil-sensoriel\/#breadcrumb\"},\"inLanguage\":\"fr-FR\",\"potentialAction\":[{\"@type\":\"ReadAction\",\"target\":[\"https:\/\/dunod-formation.com\/petite-enfance\/indicateurs-de-resultats-essentiels-eveil-sensoriel\/\"]}]},{\"@type\":\"BreadcrumbList\",\"@id\":\"https:\/\/dunod-formation.com\/petite-enfance\/indicateurs-de-resultats-essentiels-eveil-sensoriel\/#breadcrumb\",\"itemListElement\":[{\"@type\":\"ListItem\",\"position\":1,\"name\":\"Accueil\",\"item\":\"https:\/\/dunod-formation.com\/petite-enfance\/\"},{\"@type\":\"ListItem\",\"position\":2,\"name\":\"Les essentiels de l&rsquo;\u00e9veil sensoriel\"}]},{\"@type\":\"WebSite\",\"@id\":\"https:\/\/dunod-formation.com\/petite-enfance\/#website\",\"url\":\"https:\/\/dunod-formation.com\/petite-enfance\/\",\"name\":\"Dunod Formation Petite Enfance\",\"description\":\"La formation 100% en ligne pour les professionnels de la petite enfance\",\"potentialAction\":[{\"@type\":\"SearchAction\",\"target\":{\"@type\":\"EntryPoint\",\"urlTemplate\":\"https:\/\/dunod-formation.com\/petite-enfance\/?s={search_term_string}\"},\"query-input\":\"required name=search_term_string\"}],\"inLanguage\":\"fr-FR\"}]}<\/script>\n<!-- \/ Yoast SEO plugin. -->","yoast_head_json":{"title":"Les essentiels de l'\u00e9veil sensoriel - Dunod Formation Petite Enfance","robots":{"index":"index","follow":"follow","max-snippet":"max-snippet:-1","max-image-preview":"max-image-preview:large","max-video-preview":"max-video-preview:-1"},"canonical":"https:\/\/dunod-formation.com\/petite-enfance\/indicateurs-de-resultats-essentiels-eveil-sensoriel\/","og_locale":"fr_FR","og_type":"article","og_title":"Les essentiels de l'\u00e9veil sensoriel - Dunod Formation Petite Enfance","og_description":"DUNOD partage ici les indicateurs de performance des formations Petite Enfance que nous consid\u00e9rons les plus pertinents pour vous \u00e9clairer dans vos choix de formations. N. B. Sachez que l&rsquo;efficacit\u00e9 d&rsquo;une formation est un enjeu d&rsquo;implication de toutes les parties prenantes, de l&rsquo;amont \u00e0 l&rsquo;aval : commanditaires, organismes de formation, apprenants. L&rsquo;article 6 conseils pour [...]Lire la suite\u2026 from Les essentiels de l&rsquo;\u00e9veil sensoriel","og_url":"https:\/\/dunod-formation.com\/petite-enfance\/indicateurs-de-resultats-essentiels-eveil-sensoriel\/","og_site_name":"Dunod Formation Petite Enfance","article_modified_time":"2024-05-19T14:40:44+00:00","og_image":[{"width":1440,"height":480,"url":"https:\/\/dunod-formation.com\/petite-enfance\/wp-content\/uploads\/2021\/03\/FAQ-Formations-Dunod-Petite-enfance.png","type":"image\/png"}],"twitter_card":"summary_large_image","schema":{"@context":"https:\/\/schema.org","@graph":[{"@type":"WebPage","@id":"https:\/\/dunod-formation.com\/petite-enfance\/indicateurs-de-resultats-essentiels-eveil-sensoriel\/","url":"https:\/\/dunod-formation.com\/petite-enfance\/indicateurs-de-resultats-essentiels-eveil-sensoriel\/","name":"Les essentiels de l'\u00e9veil sensoriel - Dunod Formation Petite Enfance","isPartOf":{"@id":"https:\/\/dunod-formation.com\/petite-enfance\/#website"},"datePublished":"2024-03-22T14:08:01+00:00","dateModified":"2024-05-19T14:40:44+00:00","breadcrumb":{"@id":"https:\/\/dunod-formation.com\/petite-enfance\/indicateurs-de-resultats-essentiels-eveil-sensoriel\/#breadcrumb"},"inLanguage":"fr-FR","potentialAction":[{"@type":"ReadAction","target":["https:\/\/dunod-formation.com\/petite-enfance\/indicateurs-de-resultats-essentiels-eveil-sensoriel\/"]}]},{"@type":"BreadcrumbList","@id":"https:\/\/dunod-formation.com\/petite-enfance\/indicateurs-de-resultats-essentiels-eveil-sensoriel\/#breadcrumb","itemListElement":[{"@type":"ListItem","position":1,"name":"Accueil","item":"https:\/\/dunod-formation.com\/petite-enfance\/"},{"@type":"ListItem","position":2,"name":"Les essentiels de l&rsquo;\u00e9veil sensoriel"}]},{"@type":"WebSite","@id":"https:\/\/dunod-formation.com\/petite-enfance\/#website","url":"https:\/\/dunod-formation.com\/petite-enfance\/","name":"Dunod Formation Petite Enfance","description":"La formation 100% en ligne pour les professionnels de la petite enfance","potentialAction":[{"@type":"SearchAction","target":{"@type":"EntryPoint","urlTemplate":"https:\/\/dunod-formation.com\/petite-enfance\/?s={search_term_string}"},"query-input":"required name=search_term_string"}],"inLanguage":"fr-FR"}]}},"_links":{"self":[{"href":"https:\/\/dunod-formation.com\/petite-enfance\/wp-json\/wp\/v2\/pages\/6807"}],"collection":[{"href":"https:\/\/dunod-formation.com\/petite-enfance\/wp-json\/wp\/v2\/pages"}],"about":[{"href":"https:\/\/dunod-formation.com\/petite-enfance\/wp-json\/wp\/v2\/types\/page"}],"author":[{"embeddable":true,"href":"https:\/\/dunod-formation.com\/petite-enfance\/wp-json\/wp\/v2\/users\/18"}],"replies":[{"embeddable":true,"href":"https:\/\/dunod-formation.com\/petite-enfance\/wp-json\/wp\/v2\/comments?post=6807"}],"version-history":[{"count":4,"href":"https:\/\/dunod-formation.com\/petite-enfance\/wp-json\/wp\/v2\/pages\/6807\/revisions"}],"predecessor-version":[{"id":7290,"href":"https:\/\/dunod-formation.com\/petite-enfance\/wp-json\/wp\/v2\/pages\/6807\/revisions\/7290"}],"wp:featuredmedia":[{"embeddable":true,"href":"https:\/\/dunod-formation.com\/petite-enfance\/wp-json\/wp\/v2\/media\/2132"}],"wp:attachment":[{"href":"https:\/\/dunod-formation.com\/petite-enfance\/wp-json\/wp\/v2\/media?parent=6807"}],"curies":[{"name":"wp","href":"https:\/\/api.w.org\/{rel}","templated":true}]}}