{"id":7060,"date":"2024-04-29T16:26:41","date_gmt":"2024-04-29T14:26:41","guid":{"rendered":"https:\/\/dunod-formation.com\/petite-enfance\/?page_id=7060"},"modified":"2024-10-08T16:09:48","modified_gmt":"2024-10-08T14:09:48","slug":"indicateurs-de-resultats-alimentation-et-prise-de-repas-de-lenfant","status":"publish","type":"page","link":"https:\/\/dunod-formation.com\/petite-enfance\/indicateurs-de-resultats-alimentation-et-prise-de-repas-de-lenfant\/","title":{"rendered":"Alimentation et prise de repas de l&rsquo;enfant"},"content":{"rendered":"<p>DUNOD partage ici les indicateurs de performance des formations Petite Enfance que nous consid\u00e9rons les plus pertinents pour vous \u00e9clairer dans vos choix de formations.<\/p>\n<p>Ces indicateurs sont actualis\u00e9s tous les 6 mois et de nouveaux cas d&rsquo;usage clients sont mis en ligne au fil de leur r\u00e9ception<\/p>\n<p>N&rsquo;h\u00e9sitez pas \u00e0 nous contacter pour toute pr\u00e9cision compl\u00e9mentaire : <a href=\"mailto:digital-learning@dunod.com\">digital-learning@dunod.com<\/a>.<\/p>\n<p>Date de mise en vente de cette formation : 9 novembre 2023.<\/p>\n<h2>Assiduit\u00e9 et r\u00e9ussite<\/h2>\n<p><strong>Taux de compl\u00e9tion :<\/strong> <strong>98 %<\/strong> des participants ont termin\u00e9 le parcours.<\/p>\n<p><strong>Taux de validation\u00a0 : 100 %<\/strong> des participants \u00e0 l&rsquo;\u00e9valuation finale ont termin\u00e9 le parcours et atteint le score de validation (score \u2265 50% de bonnes r\u00e9ponses).<\/p>\n<p>Source : plate-forme 360Learning.<\/p>\n<h2>\u00c9valuation de la satisfaction des apprenants<\/h2>\n<ul>\n<li>Les apprenants sont globalement <strong>tr\u00e8s satisfaits de la formation<\/strong> (note moyenne de <strong>9\/10<\/strong>).<\/li>\n<li>Les apprenants consid\u00e8rent que la formation leur s<strong>era d&rsquo;une grande utilit\u00e9 en situation de travail<\/strong> (note moyenne de <strong>8,8\/10<\/strong>).<\/li>\n<li>Les apprenants <strong>recommanderaient vivement cette formation<\/strong> \u00e0 un autre professionnel du secteur (note moyenne de <strong>9\/10<\/strong>).<\/li>\n<\/ul>\n<p>Source : IPERIA.<\/p>\n<p>Date de derni\u00e8re mise \u00e0 jour de cette page : 23 mai 2024.<\/p>\n","protected":false},"excerpt":{"rendered":"<p>DUNOD partage ici les indicateurs de performance des formations Petite Enfance que nous consid\u00e9rons les plus pertinents pour vous \u00e9clairer dans vos choix de formations. Ces indicateurs sont actualis\u00e9s tous les 6 mois et de nouveaux cas d&rsquo;usage clients sont mis en ligne au fil de leur r\u00e9ception N&rsquo;h\u00e9sitez pas \u00e0 nous contacter pour toute [&#8230;]<\/p>\n<p><a class=\"btn btn-secondary understrap-read-more-link\" href=\"https:\/\/dunod-formation.com\/petite-enfance\/indicateurs-de-resultats-alimentation-et-prise-de-repas-de-lenfant\/\">Lire la suite\u2026<span class=\"screen-reader-text\"> from Alimentation et prise de repas de l&rsquo;enfant<\/span><\/a><\/p>\n","protected":false},"author":18,"featured_media":2132,"parent":0,"menu_order":0,"comment_status":"closed","ping_status":"closed","template":"page-templates\/template-indicateurs.php","meta":[],"acf":[],"yoast_head":"<!-- This site is optimized with the Yoast SEO plugin v20.8 - https:\/\/yoast.com\/wordpress\/plugins\/seo\/ -->\n<title>Alimentation et prise de repas de l&#039;enfant - Dunod Formation Petite Enfance<\/title>\n<meta name=\"robots\" content=\"index, follow, max-snippet:-1, max-image-preview:large, max-video-preview:-1\" \/>\n<link rel=\"canonical\" href=\"https:\/\/dunod-formation.com\/petite-enfance\/indicateurs-de-resultats-alimentation-et-prise-de-repas-de-lenfant\/\" \/>\n<meta property=\"og:locale\" content=\"fr_FR\" \/>\n<meta property=\"og:type\" content=\"article\" \/>\n<meta property=\"og:title\" content=\"Alimentation et prise de repas de l&#039;enfant - Dunod Formation Petite Enfance\" \/>\n<meta property=\"og:description\" content=\"DUNOD partage ici les indicateurs de performance des formations Petite Enfance que nous consid\u00e9rons les plus pertinents pour vous \u00e9clairer dans vos choix de formations. Ces indicateurs sont actualis\u00e9s tous les 6 mois et de nouveaux cas d&rsquo;usage clients sont mis en ligne au fil de leur r\u00e9ception N&rsquo;h\u00e9sitez pas \u00e0 nous contacter pour toute [...]Lire la suite\u2026 from Alimentation et prise de repas de l&rsquo;enfant\" \/>\n<meta property=\"og:url\" content=\"https:\/\/dunod-formation.com\/petite-enfance\/indicateurs-de-resultats-alimentation-et-prise-de-repas-de-lenfant\/\" \/>\n<meta property=\"og:site_name\" content=\"Dunod Formation Petite Enfance\" \/>\n<meta property=\"article:modified_time\" content=\"2024-10-08T14:09:48+00:00\" \/>\n<meta property=\"og:image\" content=\"https:\/\/dunod-formation.com\/petite-enfance\/wp-content\/uploads\/2021\/03\/FAQ-Formations-Dunod-Petite-enfance.png\" \/>\n\t<meta property=\"og:image:width\" content=\"1440\" \/>\n\t<meta property=\"og:image:height\" content=\"480\" \/>\n\t<meta property=\"og:image:type\" content=\"image\/png\" \/>\n<meta name=\"twitter:card\" content=\"summary_large_image\" \/>\n<script type=\"application\/ld+json\" class=\"yoast-schema-graph\">{\"@context\":\"https:\/\/schema.org\",\"@graph\":[{\"@type\":\"WebPage\",\"@id\":\"https:\/\/dunod-formation.com\/petite-enfance\/indicateurs-de-resultats-alimentation-et-prise-de-repas-de-lenfant\/\",\"url\":\"https:\/\/dunod-formation.com\/petite-enfance\/indicateurs-de-resultats-alimentation-et-prise-de-repas-de-lenfant\/\",\"name\":\"Alimentation et prise de repas de l'enfant - Dunod Formation Petite Enfance\",\"isPartOf\":{\"@id\":\"https:\/\/dunod-formation.com\/petite-enfance\/#website\"},\"datePublished\":\"2024-04-29T14:26:41+00:00\",\"dateModified\":\"2024-10-08T14:09:48+00:00\",\"breadcrumb\":{\"@id\":\"https:\/\/dunod-formation.com\/petite-enfance\/indicateurs-de-resultats-alimentation-et-prise-de-repas-de-lenfant\/#breadcrumb\"},\"inLanguage\":\"fr-FR\",\"potentialAction\":[{\"@type\":\"ReadAction\",\"target\":[\"https:\/\/dunod-formation.com\/petite-enfance\/indicateurs-de-resultats-alimentation-et-prise-de-repas-de-lenfant\/\"]}]},{\"@type\":\"BreadcrumbList\",\"@id\":\"https:\/\/dunod-formation.com\/petite-enfance\/indicateurs-de-resultats-alimentation-et-prise-de-repas-de-lenfant\/#breadcrumb\",\"itemListElement\":[{\"@type\":\"ListItem\",\"position\":1,\"name\":\"Accueil\",\"item\":\"https:\/\/dunod-formation.com\/petite-enfance\/\"},{\"@type\":\"ListItem\",\"position\":2,\"name\":\"Alimentation et prise de repas de l&rsquo;enfant\"}]},{\"@type\":\"WebSite\",\"@id\":\"https:\/\/dunod-formation.com\/petite-enfance\/#website\",\"url\":\"https:\/\/dunod-formation.com\/petite-enfance\/\",\"name\":\"Dunod Formation Petite Enfance\",\"description\":\"La formation 100% en ligne pour les professionnels de la petite enfance\",\"potentialAction\":[{\"@type\":\"SearchAction\",\"target\":{\"@type\":\"EntryPoint\",\"urlTemplate\":\"https:\/\/dunod-formation.com\/petite-enfance\/?s={search_term_string}\"},\"query-input\":\"required name=search_term_string\"}],\"inLanguage\":\"fr-FR\"}]}<\/script>\n<!-- \/ Yoast SEO plugin. -->","yoast_head_json":{"title":"Alimentation et prise de repas de l'enfant - Dunod Formation Petite Enfance","robots":{"index":"index","follow":"follow","max-snippet":"max-snippet:-1","max-image-preview":"max-image-preview:large","max-video-preview":"max-video-preview:-1"},"canonical":"https:\/\/dunod-formation.com\/petite-enfance\/indicateurs-de-resultats-alimentation-et-prise-de-repas-de-lenfant\/","og_locale":"fr_FR","og_type":"article","og_title":"Alimentation et prise de repas de l'enfant - Dunod Formation Petite Enfance","og_description":"DUNOD partage ici les indicateurs de performance des formations Petite Enfance que nous consid\u00e9rons les plus pertinents pour vous \u00e9clairer dans vos choix de formations. Ces indicateurs sont actualis\u00e9s tous les 6 mois et de nouveaux cas d&rsquo;usage clients sont mis en ligne au fil de leur r\u00e9ception N&rsquo;h\u00e9sitez pas \u00e0 nous contacter pour toute [...]Lire la suite\u2026 from Alimentation et prise de repas de l&rsquo;enfant","og_url":"https:\/\/dunod-formation.com\/petite-enfance\/indicateurs-de-resultats-alimentation-et-prise-de-repas-de-lenfant\/","og_site_name":"Dunod Formation Petite Enfance","article_modified_time":"2024-10-08T14:09:48+00:00","og_image":[{"width":1440,"height":480,"url":"https:\/\/dunod-formation.com\/petite-enfance\/wp-content\/uploads\/2021\/03\/FAQ-Formations-Dunod-Petite-enfance.png","type":"image\/png"}],"twitter_card":"summary_large_image","schema":{"@context":"https:\/\/schema.org","@graph":[{"@type":"WebPage","@id":"https:\/\/dunod-formation.com\/petite-enfance\/indicateurs-de-resultats-alimentation-et-prise-de-repas-de-lenfant\/","url":"https:\/\/dunod-formation.com\/petite-enfance\/indicateurs-de-resultats-alimentation-et-prise-de-repas-de-lenfant\/","name":"Alimentation et prise de repas de l'enfant - Dunod Formation Petite Enfance","isPartOf":{"@id":"https:\/\/dunod-formation.com\/petite-enfance\/#website"},"datePublished":"2024-04-29T14:26:41+00:00","dateModified":"2024-10-08T14:09:48+00:00","breadcrumb":{"@id":"https:\/\/dunod-formation.com\/petite-enfance\/indicateurs-de-resultats-alimentation-et-prise-de-repas-de-lenfant\/#breadcrumb"},"inLanguage":"fr-FR","potentialAction":[{"@type":"ReadAction","target":["https:\/\/dunod-formation.com\/petite-enfance\/indicateurs-de-resultats-alimentation-et-prise-de-repas-de-lenfant\/"]}]},{"@type":"BreadcrumbList","@id":"https:\/\/dunod-formation.com\/petite-enfance\/indicateurs-de-resultats-alimentation-et-prise-de-repas-de-lenfant\/#breadcrumb","itemListElement":[{"@type":"ListItem","position":1,"name":"Accueil","item":"https:\/\/dunod-formation.com\/petite-enfance\/"},{"@type":"ListItem","position":2,"name":"Alimentation et prise de repas de l&rsquo;enfant"}]},{"@type":"WebSite","@id":"https:\/\/dunod-formation.com\/petite-enfance\/#website","url":"https:\/\/dunod-formation.com\/petite-enfance\/","name":"Dunod Formation Petite Enfance","description":"La formation 100% en ligne pour les professionnels de la petite enfance","potentialAction":[{"@type":"SearchAction","target":{"@type":"EntryPoint","urlTemplate":"https:\/\/dunod-formation.com\/petite-enfance\/?s={search_term_string}"},"query-input":"required name=search_term_string"}],"inLanguage":"fr-FR"}]}},"_links":{"self":[{"href":"https:\/\/dunod-formation.com\/petite-enfance\/wp-json\/wp\/v2\/pages\/7060"}],"collection":[{"href":"https:\/\/dunod-formation.com\/petite-enfance\/wp-json\/wp\/v2\/pages"}],"about":[{"href":"https:\/\/dunod-formation.com\/petite-enfance\/wp-json\/wp\/v2\/types\/page"}],"author":[{"embeddable":true,"href":"https:\/\/dunod-formation.com\/petite-enfance\/wp-json\/wp\/v2\/users\/18"}],"replies":[{"embeddable":true,"href":"https:\/\/dunod-formation.com\/petite-enfance\/wp-json\/wp\/v2\/comments?post=7060"}],"version-history":[{"count":7,"href":"https:\/\/dunod-formation.com\/petite-enfance\/wp-json\/wp\/v2\/pages\/7060\/revisions"}],"predecessor-version":[{"id":7458,"href":"https:\/\/dunod-formation.com\/petite-enfance\/wp-json\/wp\/v2\/pages\/7060\/revisions\/7458"}],"wp:featuredmedia":[{"embeddable":true,"href":"https:\/\/dunod-formation.com\/petite-enfance\/wp-json\/wp\/v2\/media\/2132"}],"wp:attachment":[{"href":"https:\/\/dunod-formation.com\/petite-enfance\/wp-json\/wp\/v2\/media?parent=7060"}],"curies":[{"name":"wp","href":"https:\/\/api.w.org\/{rel}","templated":true}]}}