{"id":456,"date":"2020-11-02T11:37:11","date_gmt":"2020-11-02T10:37:11","guid":{"rendered":"https:\/\/dunod-formation.com\/portail\/?page_id=456"},"modified":"2020-11-16T14:00:37","modified_gmt":"2020-11-16T13:00:37","slug":"modalites-dacces","status":"publish","type":"page","link":"https:\/\/dunod-formation.com\/portail\/modalites-dacces\/","title":{"rendered":"Modalit\u00e9s d&rsquo;acc\u00e8s"},"content":{"rendered":"<div>\n<h5>Notre plate-forme de formation en ligne est accessible depuis un ordinateur (recommand\u00e9), une tablette ou un smartphone.<\/h5>\n<p>&nbsp;<\/p>\n<h5>Les inscriptions sont permanentes, fond\u00e9es sur les dates de d\u00e9but de formation choisie par chaque Client.<\/h5>\n<p>&nbsp;<\/p>\n<\/div>\n<h5>Dunod Formation donne acc\u00e8s aux formations et aux contenus p\u00e9dagogiques pendant un an \u00e0 compter de l&rsquo;envoi des invitations aux apprenants.<\/h5>\n<h5><\/h5>\n<p>&nbsp;<\/p>\n<h5><\/h5>\n<h5>Cas sp\u00e9cifiques ayant un impact sur la dur\u00e9e d&rsquo;acc\u00e8s aux formations :<\/h5>\n<div><\/div>\n<p style=\"padding-left: 40px;\">Dans les cas de demande de prise en charge des frais de formation par l&rsquo;OPCO <strong>sans subrogation<\/strong> : les dates de d\u00e9but et de fin de formation souhait\u00e9es sont \u00e0 fixer en accord avec votre OPCO. Les apprenants devront avoir finalis\u00e9 la formation pour que la structure\/l&rsquo;\u00e9tablissement puisse se faire rembourser 100% du montant de la formation.<\/p>\n<p style=\"padding-left: 40px;\">Dans les cas de demande de prise en charge des frais de formation par l&rsquo;OPCO <strong>avec subrogation<\/strong> : les apprenants devront avoir finalis\u00e9 leur formation dans les 3 mois au plus tard pour que Dunod Formation puisse facturer l&rsquo;OPCO (voir nos <a href=\"https:\/\/dunod-formation.com\/portail\/cgv\/\">Conditions g\u00e9n\u00e9rales de vente<\/a> pour plus d&rsquo;information \u00e0 ce sujet).<\/p>\n<h4><\/h4>\n<h4>Dans tous les cas, les apprenants ont acc\u00e8s aux contenus p\u00e9dagogiques pendant un an.<\/h4>\n","protected":false},"excerpt":{"rendered":"<p>Notre plate-forme de formation en ligne est accessible depuis un ordinateur (recommand\u00e9), une tablette ou un smartphone. &nbsp; Les inscriptions sont permanentes, fond\u00e9es sur les dates de d\u00e9but de formation choisie par chaque Client. &nbsp; Dunod Formation donne acc\u00e8s aux formations et aux contenus p\u00e9dagogiques pendant un an \u00e0 compter de l&rsquo;envoi des invitations aux [&#8230;]<\/p>\n<p><a class=\"btn btn-secondary understrap-read-more-link\" href=\"https:\/\/dunod-formation.com\/portail\/modalites-dacces\/\">Lire la suite\u2026<span class=\"screen-reader-text\"> from Modalit\u00e9s d&rsquo;acc\u00e8s<\/span><\/a><\/p>\n","protected":false},"author":1,"featured_media":0,"parent":0,"menu_order":0,"comment_status":"closed","ping_status":"closed","template":"","meta":{"footnotes":""},"class_list":["post-456","page","type-page","status-publish","hentry"],"yoast_head":"<!-- This site is optimized with the Yoast SEO plugin v19.13 - https:\/\/yoast.com\/wordpress\/plugins\/seo\/ -->\n<title>Modalit\u00e9s d&#039;acc\u00e8s - Dunod Formation<\/title>\n<meta name=\"robots\" content=\"index, follow, max-snippet:-1, max-image-preview:large, max-video-preview:-1\" \/>\n<link rel=\"canonical\" href=\"https:\/\/dunod-formation.com\/portail\/modalites-dacces\/\" \/>\n<meta property=\"og:locale\" content=\"fr_FR\" \/>\n<meta property=\"og:type\" content=\"article\" \/>\n<meta property=\"og:title\" content=\"Modalit\u00e9s d&#039;acc\u00e8s - Dunod Formation\" \/>\n<meta property=\"og:description\" content=\"Notre plate-forme de formation en ligne est accessible depuis un ordinateur (recommand\u00e9), une tablette ou un smartphone. &nbsp; Les inscriptions sont permanentes, fond\u00e9es sur les dates de d\u00e9but de formation choisie par chaque Client. &nbsp; Dunod Formation donne acc\u00e8s aux formations et aux contenus p\u00e9dagogiques pendant un an \u00e0 compter de l&rsquo;envoi des invitations aux [...]Lire la suite\u2026 from Modalit\u00e9s d&rsquo;acc\u00e8s\" \/>\n<meta property=\"og:url\" content=\"https:\/\/dunod-formation.com\/portail\/modalites-dacces\/\" \/>\n<meta property=\"og:site_name\" content=\"Dunod Formation\" \/>\n<meta property=\"article:modified_time\" content=\"2020-11-16T13:00:37+00:00\" \/>\n<meta name=\"twitter:card\" content=\"summary_large_image\" \/>\n<script type=\"application\/ld+json\" class=\"yoast-schema-graph\">{\"@context\":\"https:\/\/schema.org\",\"@graph\":[{\"@type\":\"WebPage\",\"@id\":\"https:\/\/dunod-formation.com\/portail\/modalites-dacces\/\",\"url\":\"https:\/\/dunod-formation.com\/portail\/modalites-dacces\/\",\"name\":\"Modalit\u00e9s d'acc\u00e8s - Dunod Formation\",\"isPartOf\":{\"@id\":\"https:\/\/dunod-formation.com\/portail\/#website\"},\"datePublished\":\"2020-11-02T10:37:11+00:00\",\"dateModified\":\"2020-11-16T13:00:37+00:00\",\"breadcrumb\":{\"@id\":\"https:\/\/dunod-formation.com\/portail\/modalites-dacces\/#breadcrumb\"},\"inLanguage\":\"fr-FR\",\"potentialAction\":[{\"@type\":\"ReadAction\",\"target\":[\"https:\/\/dunod-formation.com\/portail\/modalites-dacces\/\"]}]},{\"@type\":\"BreadcrumbList\",\"@id\":\"https:\/\/dunod-formation.com\/portail\/modalites-dacces\/#breadcrumb\",\"itemListElement\":[{\"@type\":\"ListItem\",\"position\":1,\"name\":\"Accueil\",\"item\":\"https:\/\/dunod-formation.com\/portail\/\"},{\"@type\":\"ListItem\",\"position\":2,\"name\":\"Modalit\u00e9s d&rsquo;acc\u00e8s\"}]},{\"@type\":\"WebSite\",\"@id\":\"https:\/\/dunod-formation.com\/portail\/#website\",\"url\":\"https:\/\/dunod-formation.com\/portail\/\",\"name\":\"Dunod Formation\",\"description\":\"La formation 100% en ligne pour les professionnels\",\"potentialAction\":[{\"@type\":\"SearchAction\",\"target\":{\"@type\":\"EntryPoint\",\"urlTemplate\":\"https:\/\/dunod-formation.com\/portail\/?s={search_term_string}\"},\"query-input\":\"required name=search_term_string\"}],\"inLanguage\":\"fr-FR\"}]}<\/script>\n<!-- \/ Yoast SEO plugin. -->","yoast_head_json":{"title":"Modalit\u00e9s d'acc\u00e8s - Dunod Formation","robots":{"index":"index","follow":"follow","max-snippet":"max-snippet:-1","max-image-preview":"max-image-preview:large","max-video-preview":"max-video-preview:-1"},"canonical":"https:\/\/dunod-formation.com\/portail\/modalites-dacces\/","og_locale":"fr_FR","og_type":"article","og_title":"Modalit\u00e9s d'acc\u00e8s - Dunod Formation","og_description":"Notre plate-forme de formation en ligne est accessible depuis un ordinateur (recommand\u00e9), une tablette ou un smartphone. &nbsp; Les inscriptions sont permanentes, fond\u00e9es sur les dates de d\u00e9but de formation choisie par chaque Client. &nbsp; Dunod Formation donne acc\u00e8s aux formations et aux contenus p\u00e9dagogiques pendant un an \u00e0 compter de l&rsquo;envoi des invitations aux [...]Lire la suite\u2026 from Modalit\u00e9s d&rsquo;acc\u00e8s","og_url":"https:\/\/dunod-formation.com\/portail\/modalites-dacces\/","og_site_name":"Dunod Formation","article_modified_time":"2020-11-16T13:00:37+00:00","twitter_card":"summary_large_image","schema":{"@context":"https:\/\/schema.org","@graph":[{"@type":"WebPage","@id":"https:\/\/dunod-formation.com\/portail\/modalites-dacces\/","url":"https:\/\/dunod-formation.com\/portail\/modalites-dacces\/","name":"Modalit\u00e9s d'acc\u00e8s - Dunod Formation","isPartOf":{"@id":"https:\/\/dunod-formation.com\/portail\/#website"},"datePublished":"2020-11-02T10:37:11+00:00","dateModified":"2020-11-16T13:00:37+00:00","breadcrumb":{"@id":"https:\/\/dunod-formation.com\/portail\/modalites-dacces\/#breadcrumb"},"inLanguage":"fr-FR","potentialAction":[{"@type":"ReadAction","target":["https:\/\/dunod-formation.com\/portail\/modalites-dacces\/"]}]},{"@type":"BreadcrumbList","@id":"https:\/\/dunod-formation.com\/portail\/modalites-dacces\/#breadcrumb","itemListElement":[{"@type":"ListItem","position":1,"name":"Accueil","item":"https:\/\/dunod-formation.com\/portail\/"},{"@type":"ListItem","position":2,"name":"Modalit\u00e9s d&rsquo;acc\u00e8s"}]},{"@type":"WebSite","@id":"https:\/\/dunod-formation.com\/portail\/#website","url":"https:\/\/dunod-formation.com\/portail\/","name":"Dunod Formation","description":"La formation 100% en ligne pour les professionnels","potentialAction":[{"@type":"SearchAction","target":{"@type":"EntryPoint","urlTemplate":"https:\/\/dunod-formation.com\/portail\/?s={search_term_string}"},"query-input":"required name=search_term_string"}],"inLanguage":"fr-FR"}]}},"_links":{"self":[{"href":"https:\/\/dunod-formation.com\/portail\/wp-json\/wp\/v2\/pages\/456","targetHints":{"allow":["GET"]}}],"collection":[{"href":"https:\/\/dunod-formation.com\/portail\/wp-json\/wp\/v2\/pages"}],"about":[{"href":"https:\/\/dunod-formation.com\/portail\/wp-json\/wp\/v2\/types\/page"}],"author":[{"embeddable":true,"href":"https:\/\/dunod-formation.com\/portail\/wp-json\/wp\/v2\/users\/1"}],"replies":[{"embeddable":true,"href":"https:\/\/dunod-formation.com\/portail\/wp-json\/wp\/v2\/comments?post=456"}],"version-history":[{"count":16,"href":"https:\/\/dunod-formation.com\/portail\/wp-json\/wp\/v2\/pages\/456\/revisions"}],"predecessor-version":[{"id":1189,"href":"https:\/\/dunod-formation.com\/portail\/wp-json\/wp\/v2\/pages\/456\/revisions\/1189"}],"wp:attachment":[{"href":"https:\/\/dunod-formation.com\/portail\/wp-json\/wp\/v2\/media?parent=456"}],"curies":[{"name":"wp","href":"https:\/\/api.w.org\/{rel}","templated":true}]}}