{"id":461,"date":"2020-11-02T11:43:10","date_gmt":"2020-11-02T10:43:10","guid":{"rendered":"https:\/\/dunod-formation.com\/portail\/?page_id=461"},"modified":"2026-02-06T18:57:08","modified_gmt":"2026-02-06T17:57:08","slug":"financement","status":"publish","type":"page","link":"https:\/\/dunod-formation.com\/portail\/financement\/","title":{"rendered":"Financement des formations"},"content":{"rendered":"<p><a href=\"https:\/\/dunod-formation.com\/petite-enfance\/financement-formations\/\" target=\"_blank\" rel=\"noopener\">Dunod Formation Petite Enfance : financements 2026<\/a><\/p>\n<p><a href=\"https:\/\/dunod-formation.com\/soft-skills\/financement\/\" target=\"_blank\" rel=\"noopener\">Dunod Formation Soft Skills : financements 2026<\/a><\/p>\n<p>&nbsp;<\/p>\n<p>Date de derni\u00e8re mise \u00e0 jour : 6 f\u00e9vrier 2026.<\/p>\n","protected":false},"excerpt":{"rendered":"<p>Dunod Formation Petite Enfance : financements 2026 Dunod Formation Soft Skills : financements 2026 &nbsp; Date de derni\u00e8re mise \u00e0 jour : 6 f\u00e9vrier 2026. [&#8230;]<\/p>\n<p><a class=\"btn btn-secondary understrap-read-more-link\" href=\"https:\/\/dunod-formation.com\/portail\/financement\/\">Lire la suite\u2026<span class=\"screen-reader-text\"> from Financement des formations<\/span><\/a><\/p>\n","protected":false},"author":1,"featured_media":0,"parent":0,"menu_order":0,"comment_status":"closed","ping_status":"closed","template":"","meta":{"footnotes":""},"class_list":["post-461","page","type-page","status-publish","hentry"],"yoast_head":"<!-- This site is optimized with the Yoast SEO plugin v19.13 - https:\/\/yoast.com\/wordpress\/plugins\/seo\/ -->\n<title>Financement des formations - Dunod Formation<\/title>\n<meta name=\"robots\" content=\"index, follow, max-snippet:-1, max-image-preview:large, max-video-preview:-1\" \/>\n<link rel=\"canonical\" href=\"https:\/\/dunod-formation.com\/portail\/financement\/\" \/>\n<meta property=\"og:locale\" content=\"fr_FR\" \/>\n<meta property=\"og:type\" content=\"article\" \/>\n<meta property=\"og:title\" content=\"Financement des formations - Dunod Formation\" \/>\n<meta property=\"og:description\" content=\"Dunod Formation Petite Enfance : financements 2026 Dunod Formation Soft Skills : financements 2026 &nbsp; Date de derni\u00e8re mise \u00e0 jour : 6 f\u00e9vrier 2026. [...]Lire la suite\u2026 from Financement des formations\" \/>\n<meta property=\"og:url\" content=\"https:\/\/dunod-formation.com\/portail\/financement\/\" \/>\n<meta property=\"og:site_name\" content=\"Dunod Formation\" \/>\n<meta property=\"article:modified_time\" content=\"2026-02-06T17:57:08+00:00\" \/>\n<meta name=\"twitter:card\" content=\"summary_large_image\" \/>\n<script type=\"application\/ld+json\" class=\"yoast-schema-graph\">{\"@context\":\"https:\/\/schema.org\",\"@graph\":[{\"@type\":\"WebPage\",\"@id\":\"https:\/\/dunod-formation.com\/portail\/financement\/\",\"url\":\"https:\/\/dunod-formation.com\/portail\/financement\/\",\"name\":\"Financement des formations - Dunod Formation\",\"isPartOf\":{\"@id\":\"https:\/\/dunod-formation.com\/portail\/#website\"},\"datePublished\":\"2020-11-02T10:43:10+00:00\",\"dateModified\":\"2026-02-06T17:57:08+00:00\",\"breadcrumb\":{\"@id\":\"https:\/\/dunod-formation.com\/portail\/financement\/#breadcrumb\"},\"inLanguage\":\"fr-FR\",\"potentialAction\":[{\"@type\":\"ReadAction\",\"target\":[\"https:\/\/dunod-formation.com\/portail\/financement\/\"]}]},{\"@type\":\"BreadcrumbList\",\"@id\":\"https:\/\/dunod-formation.com\/portail\/financement\/#breadcrumb\",\"itemListElement\":[{\"@type\":\"ListItem\",\"position\":1,\"name\":\"Accueil\",\"item\":\"https:\/\/dunod-formation.com\/portail\/\"},{\"@type\":\"ListItem\",\"position\":2,\"name\":\"Financement des formations\"}]},{\"@type\":\"WebSite\",\"@id\":\"https:\/\/dunod-formation.com\/portail\/#website\",\"url\":\"https:\/\/dunod-formation.com\/portail\/\",\"name\":\"Dunod Formation\",\"description\":\"La formation 100% en ligne pour les professionnels\",\"potentialAction\":[{\"@type\":\"SearchAction\",\"target\":{\"@type\":\"EntryPoint\",\"urlTemplate\":\"https:\/\/dunod-formation.com\/portail\/?s={search_term_string}\"},\"query-input\":\"required name=search_term_string\"}],\"inLanguage\":\"fr-FR\"}]}<\/script>\n<!-- \/ Yoast SEO plugin. -->","yoast_head_json":{"title":"Financement des formations - Dunod Formation","robots":{"index":"index","follow":"follow","max-snippet":"max-snippet:-1","max-image-preview":"max-image-preview:large","max-video-preview":"max-video-preview:-1"},"canonical":"https:\/\/dunod-formation.com\/portail\/financement\/","og_locale":"fr_FR","og_type":"article","og_title":"Financement des formations - Dunod Formation","og_description":"Dunod Formation Petite Enfance : financements 2026 Dunod Formation Soft Skills : financements 2026 &nbsp; Date de derni\u00e8re mise \u00e0 jour : 6 f\u00e9vrier 2026. [...]Lire la suite\u2026 from Financement des formations","og_url":"https:\/\/dunod-formation.com\/portail\/financement\/","og_site_name":"Dunod Formation","article_modified_time":"2026-02-06T17:57:08+00:00","twitter_card":"summary_large_image","schema":{"@context":"https:\/\/schema.org","@graph":[{"@type":"WebPage","@id":"https:\/\/dunod-formation.com\/portail\/financement\/","url":"https:\/\/dunod-formation.com\/portail\/financement\/","name":"Financement des formations - Dunod Formation","isPartOf":{"@id":"https:\/\/dunod-formation.com\/portail\/#website"},"datePublished":"2020-11-02T10:43:10+00:00","dateModified":"2026-02-06T17:57:08+00:00","breadcrumb":{"@id":"https:\/\/dunod-formation.com\/portail\/financement\/#breadcrumb"},"inLanguage":"fr-FR","potentialAction":[{"@type":"ReadAction","target":["https:\/\/dunod-formation.com\/portail\/financement\/"]}]},{"@type":"BreadcrumbList","@id":"https:\/\/dunod-formation.com\/portail\/financement\/#breadcrumb","itemListElement":[{"@type":"ListItem","position":1,"name":"Accueil","item":"https:\/\/dunod-formation.com\/portail\/"},{"@type":"ListItem","position":2,"name":"Financement des formations"}]},{"@type":"WebSite","@id":"https:\/\/dunod-formation.com\/portail\/#website","url":"https:\/\/dunod-formation.com\/portail\/","name":"Dunod Formation","description":"La formation 100% en ligne pour les professionnels","potentialAction":[{"@type":"SearchAction","target":{"@type":"EntryPoint","urlTemplate":"https:\/\/dunod-formation.com\/portail\/?s={search_term_string}"},"query-input":"required name=search_term_string"}],"inLanguage":"fr-FR"}]}},"_links":{"self":[{"href":"https:\/\/dunod-formation.com\/portail\/wp-json\/wp\/v2\/pages\/461","targetHints":{"allow":["GET"]}}],"collection":[{"href":"https:\/\/dunod-formation.com\/portail\/wp-json\/wp\/v2\/pages"}],"about":[{"href":"https:\/\/dunod-formation.com\/portail\/wp-json\/wp\/v2\/types\/page"}],"author":[{"embeddable":true,"href":"https:\/\/dunod-formation.com\/portail\/wp-json\/wp\/v2\/users\/1"}],"replies":[{"embeddable":true,"href":"https:\/\/dunod-formation.com\/portail\/wp-json\/wp\/v2\/comments?post=461"}],"version-history":[{"count":11,"href":"https:\/\/dunod-formation.com\/portail\/wp-json\/wp\/v2\/pages\/461\/revisions"}],"predecessor-version":[{"id":1772,"href":"https:\/\/dunod-formation.com\/portail\/wp-json\/wp\/v2\/pages\/461\/revisions\/1772"}],"wp:attachment":[{"href":"https:\/\/dunod-formation.com\/portail\/wp-json\/wp\/v2\/media?parent=461"}],"curies":[{"name":"wp","href":"https:\/\/api.w.org\/{rel}","templated":true}]}}