{"id":609,"date":"2020-11-04T17:50:57","date_gmt":"2020-11-04T16:50:57","guid":{"rendered":"https:\/\/dunod-formation.com\/portail\/?page_id=609"},"modified":"2026-03-16T16:18:15","modified_gmt":"2026-03-16T15:18:15","slug":"qui-sommes-nous","status":"publish","type":"page","link":"https:\/\/dunod-formation.com\/portail\/qui-sommes-nous\/","title":{"rendered":"Qui sommes-nous ?"},"content":{"rendered":"<p><span data-contrast=\"auto\">Maison d\u2019\u00e9dition\u202fdu groupe Hachette Livre,\u202f<\/span><a href=\"https:\/\/www.dunod.com\/\"><span data-contrast=\"none\">Dunod \u00c9diteur,<\/span><\/a><span data-contrast=\"none\"> depuis sa cr\u00e9ation en 1791,<\/span><b><span data-contrast=\"auto\">\u00a0n\u2019a jamais cess\u00e9 d\u2019innover.<\/span><\/b><span data-ccp-props=\"{}\">\u00a0<\/span><\/p>\n<p>Depuis des d\u00e9cennies, Dunod \u00c9diteur forme des g\u00e9n\u00e9rations d\u2019\u00e9tudiants et accompagne les professionnels dans la pratique de leurs m\u00e9tiers. Avec plus de 8 000 r\u00e9f\u00e9rences, notre catalogue de livres est adoss\u00e9 \u00e0 4 marques embl\u00e9matiques \u2013 Dunod, Armand Colin, Inter\u00c9ditions, Maxima et Ediscience, <span data-contrast=\"auto\">et couvre un large champ de savoirs incluant\u00a0<\/span><a href=\"https:\/\/www.dunod.com\/entreprise-et-economie\"><span data-contrast=\"none\">l\u2019entreprise et l\u2019\u00e9conomie<\/span><\/a><span data-contrast=\"auto\">, mais aussi\u00a0<\/span><a href=\"https:\/\/www.dunod.com\/sciences-techniques\"><span data-contrast=\"none\">les sciences et techniques<\/span><\/a><span data-contrast=\"auto\">\u00a0et\u00a0<\/span><a href=\"https:\/\/www.dunod.com\/sciences-humaines-et-sociales\"><span data-contrast=\"none\">les sciences humaines et sociales<\/span><\/a><span data-contrast=\"auto\">.<\/span><span data-ccp-props=\"{}\">\u00a0<\/span><\/p>\n<p>Le d\u00e9veloppement de notre propre activit\u00e9 de formation, d\u2019abord digitale, est une r\u00e9ponse \u00e0 l\u2019<strong>\u00e9volution des modes d\u2019apprentissage<\/strong> de nos clients.<\/p>\n<h2><strong>1. 2017 : coup d\u2019envoi de l\u2019activit\u00e9 de formation digitale de Dunod<\/strong><\/h2>\n<p>Notre maison d\u2019\u00e9dition \u2013 et c\u2019est assez original pour le souligner \u2013 recrute alors une \u00e9quipe d\u2019ing\u00e9nieurs p\u00e9dagogiques d\u00e9di\u00e9e, avec l\u2019ambition de\u00a0cr\u00e9er un organisme de formation digital, au c\u0153ur de la maison d\u2019\u00e9dition.<\/p>\n<p>En 2018, Dunod \u00c9diteur devient ainsi officiellement organisme de formation, en plus de son activit\u00e9 d&rsquo;\u00e9dition de livres.<\/p>\n<p>Notre activit\u00e9 de formation est, \u00e0 ce stade, partie int\u00e9grante de DUNOD \u00c9DITEUR. Cette activit\u00e9 est donc rattach\u00e9e au N\u00b0 de SIRET de DUNOD \u00c9DITEUR (316 053 628 00152).<\/p>\n<p>DUNOD \u00c9DITEUR est d\u00e9clar\u00e9 comme organisme de formation aupr\u00e8s de la DRIEETS. N\u00b0 de D\u00e9claration d\u2019Activit\u00e9 attribu\u00e9 le 17 juillet 2018 : 11922225992.<\/p>\n<p>Nous accompagnons les organisations dans leurs besoins de d\u00e9veloppement des comp\u00e9tences sur des th\u00e9matiques m\u00e9tiers mais aussi sur des\u202fsoft skills\u202f(<strong>comp\u00e9tences transversales<\/strong> au service de la <strong>performance durable des organisations <\/strong>dans un contexte de transformation rapide et de transitions num\u00e9riques, \u00e9cologiques et soci\u00e9tales) : coop\u00e9ration, leadership, cr\u00e9ativit\u00e9, confiance en soi, gestion du stress, gestion du temps\u2026, avec une <strong>p\u00e9dagogie \u00e9prouv\u00e9e<\/strong>.<\/p>\n<p>Au fil du temps, la mission de Dunod est rest\u00e9e la m\u00eame : accompagner l\u2019envie d\u2019apprendre tout au long de la vie, promouvoir les connaissances et d\u00e9velopper les comp\u00e9tences de tous.<\/p>\n<h2><strong>2. Nos secteurs d\u2019intervention actuels<\/strong><\/h2>\n<h3><b><span data-contrast=\"auto\">2.1\u00a0 Le d\u00e9veloppement des comp\u00e9tences Soft skills : <\/span><\/b><b><span data-contrast=\"none\">Dunod Formation Soft Skills<\/span><\/b><span data-contrast=\"none\">\u202f<\/span><span data-ccp-props=\"{}\">\u00a0<\/span><\/h3>\n<p><span data-contrast=\"auto\"><br \/>\n<\/span><b><span data-contrast=\"auto\">Premier \u00e9diteur de livres <\/span><\/b><span data-contrast=\"auto\">\u202fen France \u00e0 destination des<strong> entreprises<\/strong>, Dunod se d\u00e9marque a<\/span><span data-contrast=\"auto\">vec des signatures fortes comme\u202f<\/span><b><span data-contrast=\"auto\">Mercator, Strategor, Communicator<\/span><\/b><span data-contrast=\"auto\">\u202fet des collections embl\u00e9matiques, comme \u00ab\u00a0La Bo\u00eete \u00e0 outils\u00a0\u00bb.<\/span><\/p>\n<p><span data-contrast=\"auto\">NOUVEAUT\u00c9 2026 ! D\u00e9couvrez les <\/span><a href=\"https:\/\/dunod-formation.com\/soft-skills\/formations\/\" target=\"_blank\" rel=\"noopener\"><b><span data-contrast=\"none\">parcours de formation accompagn\u00e9s<\/span><\/b><\/a><span data-contrast=\"auto\">, en 100% distanciel, sur 9 semaines ainsi que notre catalogue de <\/span><a href=\"https:\/\/dunod-formation.com\/soft-skills\/le-catalogue-micro-learning\/\" target=\"_blank\" rel=\"noopener\"><b><span data-contrast=\"none\">capsules de formation en microlearning<\/span><\/b><\/a><span data-contrast=\"auto\"> pour acculturer les collaborateurs en entreprise aux soft skills. L&rsquo;objectif est de cr\u00e9er un concentr\u00e9 de comp\u00e9tences humaines pour <strong>accompagner les transitions et renforcer la coop\u00e9ration<\/strong>.\u00a0<\/span><\/p>\n<p><a href=\"https:\/\/dunod-formation.com\/soft-skills\/\" target=\"_blank\" rel=\"noopener\"><strong>D\u00e9couvrir le site Dunod Formation Soft Skills<\/strong><\/a><\/p>\n<p><span data-contrast=\"auto\">Sur les th\u00e9matiques soft skills, Dunod propose \u00e9galement depuis 2018\u00a0<\/span>des catalogues de formation exclusifs \u2013 couvrant<b><span data-contrast=\"auto\"> pr\u00e8s de 60 th\u00e9matiques soft skills\u00a0 \u2013 <\/span><\/b><span data-contrast=\"auto\">en partenariat avec des plateformes comme\u00a0<\/span><b><span data-contrast=\"auto\">Coorpacademy et LinkedIn Learning<\/span><\/b><span data-contrast=\"auto\">.<\/span><span data-ccp-props=\"{&quot;335559685&quot;:708}\">\u00a0<\/span><\/p>\n<p><strong><a href=\"https:\/\/www.linkedin.com\/showcase\/dunod-formation\/\" target=\"_blank\" rel=\"noopener\">Actualit\u00e9 des comp\u00e9tences en transition : suivre la nouvelle page Dunod Formation Soft Skills sur LinkedIn<\/a><\/strong><\/p>\n<h3><span data-ccp-props=\"{&quot;335559685&quot;:1440}\"><strong>2.2. <\/strong><\/span><b><span data-contrast=\"auto\">La formation des professionnels de la Petite Enfance :<\/span><\/b><span data-contrast=\"auto\">\u00a0<\/span><strong>Dunod Formation Petite Enfance\u202f\u00a0<\/strong><\/h3>\n<p><span data-contrast=\"none\">Gr\u00e2ce \u00e0 la s\u00e9lection de <a href=\"https:\/\/dunod-formation.com\/petite-enfance\/formateurs\/\" target=\"_blank\" rel=\"noopener\">formateurs<\/a><\/span><span data-contrast=\"auto\">\u00a0reconnus et exp\u00e9riment\u00e9s, nous proposons aujourd\u2019hui\u202faux professionnels de la Petite Enfance travaillant en accueil collectif ou individuel, un large catalogue sur des th\u00e9matiques psycho-\u00e9ducatives et manag\u00e9riales<\/span><b><span data-contrast=\"auto\">\u00a0pour d\u00e9velopper le savoir-\u00eatre, la posture et la r\u00e9flexivit\u00e9 des professionnels dans leur relation \u00e0 l\u2019enfant, aux familles et aux autres professionnels.<\/span><\/b><span data-ccp-props=\"{&quot;335559685&quot;:720}\">\u00a0<\/span><\/p>\n<p>Dunod \u00c9diteur propose \u00e9galement un catalogue de <a href=\"https:\/\/dunod-formation.com\/petite-enfance\/formations-assistantes-maternelles\/\" target=\"_blank\" rel=\"noopener\"><b><span data-contrast=\"none\">formations e-learning d\u00e9di\u00e9 aux assistantes maternelles<\/span><\/b><\/a><b><span data-contrast=\"auto\">.<\/span><\/b><span data-ccp-props=\"{&quot;335559685&quot;:720}\">\u00a0<\/span><\/p>\n<p><span data-contrast=\"auto\">D\u00e9couvrez la richesse du\u00a0<\/span><a href=\"https:\/\/dunod-formation.com\/petite-enfance\/catalogue-formations-digitales-petite-enfance\/\" target=\"_blank\" rel=\"noopener\"><span data-contrast=\"none\"><strong>catalogue Dunod Formation Petite Enfance<\/strong> <\/span><\/a><span data-contrast=\"auto\">: e-learning, journ\u00e9es p\u00e9dagogiques, analyses de la pratique professionnelle\u2026\u00a0<\/span><\/p>\n<p><strong>Comp\u00e9tences Petite Enfance : <a href=\"https:\/\/www.linkedin.com\/showcase\/dunod-formation-soft-skills\/\" target=\"_blank\" rel=\"noopener\">rejoindre la communaut\u00e9 Dunod Formation Petite Enfance sur LinkedIn<\/a><\/strong>.<\/p>\n<h2><strong>3. D\u00e9marche qualit\u00e9 de Dunod, organisme de formation<\/strong><\/h2>\n<p>DUNOD \u00c9DITEUR est un organisme de formation enregistr\u00e9 dans le Datadock puis certifi\u00e9 Qualiopi, cat\u00e9gorie \u00ab\u00a0Actions de formation, le 24\/12\/2021 (audit initial). Audit de renouvellement : nouveau certificat valide depuis le 24\/12\/2024.<\/p>\n<p>Pour la formation des Assistantes maternelles, DUNOD \u00c9DITEUR est \u00e9galement labellis\u00e9 IPERIA depuis le 22 mars 2023. Labellisation renouvel\u00e9e le 25 janvier 2024. Le label Iperia est d\u00e9livr\u00e9 par la branche professionnelle du secteur des particuliers employeurs et de l&#8217;emploi \u00e0 domicile.<\/p>\n<p><a href=\"https:\/\/dunod-formation.com\/portail\/demarche-qualite\/\"><strong>D\u00e9couvrez la d\u00e9marche qualit\u00e9 de Dunod Formation<\/strong><\/a>.<\/p>\n<h2><strong>4. Contacts<\/strong><\/h2>\n<p>Pour toute information sur nos prestations de formation, n\u2019h\u00e9sitez pas \u00e0 nous contacter :<\/p>\n<p><a href=\"mailto:digital-learning@dunod.com\">digital-learning@dunod.com<\/a>.<\/p>\n<p>Notre \u00e9quipe est \u00e0 votre \u00e9coute pour r\u00e9pondre au mieux \u00e0 vos besoins de d\u00e9veloppement des comp\u00e9tences.<\/p>\n<p>&nbsp;<\/p>\n<p>Date de derni\u00e8re mise \u00e0 jour : 5 f\u00e9vrier 2026.<\/p>\n<p>&nbsp;<\/p>\n","protected":false},"excerpt":{"rendered":"<p>Maison d\u2019\u00e9dition\u202fdu groupe Hachette Livre,\u202fDunod \u00c9diteur, depuis sa cr\u00e9ation en 1791,\u00a0n\u2019a jamais cess\u00e9 d\u2019innover.\u00a0 Depuis des d\u00e9cennies, Dunod \u00c9diteur forme des g\u00e9n\u00e9rations d\u2019\u00e9tudiants et accompagne les professionnels dans la pratique de leurs m\u00e9tiers. Avec plus de 8 000 r\u00e9f\u00e9rences, notre catalogue de livres est adoss\u00e9 \u00e0 4 marques embl\u00e9matiques \u2013 Dunod, Armand Colin, Inter\u00c9ditions, Maxima [&#8230;]<\/p>\n<p><a class=\"btn btn-secondary understrap-read-more-link\" href=\"https:\/\/dunod-formation.com\/portail\/qui-sommes-nous\/\">Lire la suite\u2026<span class=\"screen-reader-text\"> from Qui sommes-nous ?<\/span><\/a><\/p>\n","protected":false},"author":1,"featured_media":0,"parent":0,"menu_order":0,"comment_status":"closed","ping_status":"closed","template":"","meta":{"footnotes":""},"class_list":["post-609","page","type-page","status-publish","hentry"],"yoast_head":"<!-- This site is optimized with the Yoast SEO plugin v19.13 - https:\/\/yoast.com\/wordpress\/plugins\/seo\/ -->\n<title>Qui sommes-nous ? - Dunod Formation<\/title>\n<meta name=\"robots\" content=\"index, follow, max-snippet:-1, max-image-preview:large, max-video-preview:-1\" \/>\n<link rel=\"canonical\" href=\"https:\/\/dunod-formation.com\/portail\/qui-sommes-nous\/\" \/>\n<meta property=\"og:locale\" content=\"fr_FR\" \/>\n<meta property=\"og:type\" content=\"article\" \/>\n<meta property=\"og:title\" content=\"Qui sommes-nous ? - Dunod Formation\" \/>\n<meta property=\"og:description\" content=\"Maison d\u2019\u00e9dition\u202fdu groupe Hachette Livre,\u202fDunod \u00c9diteur, depuis sa cr\u00e9ation en 1791,\u00a0n\u2019a jamais cess\u00e9 d\u2019innover.\u00a0 Depuis des d\u00e9cennies, Dunod \u00c9diteur forme des g\u00e9n\u00e9rations d\u2019\u00e9tudiants et accompagne les professionnels dans la pratique de leurs m\u00e9tiers. Avec plus de 8 000 r\u00e9f\u00e9rences, notre catalogue de livres est adoss\u00e9 \u00e0 4 marques embl\u00e9matiques \u2013 Dunod, Armand Colin, Inter\u00c9ditions, Maxima [...]Lire la suite\u2026 from Qui sommes-nous ?\" \/>\n<meta property=\"og:url\" content=\"https:\/\/dunod-formation.com\/portail\/qui-sommes-nous\/\" \/>\n<meta property=\"og:site_name\" content=\"Dunod Formation\" \/>\n<meta property=\"article:modified_time\" content=\"2026-03-16T15:18:15+00:00\" \/>\n<meta name=\"twitter:card\" content=\"summary_large_image\" \/>\n<script type=\"application\/ld+json\" class=\"yoast-schema-graph\">{\"@context\":\"https:\/\/schema.org\",\"@graph\":[{\"@type\":\"WebPage\",\"@id\":\"https:\/\/dunod-formation.com\/portail\/qui-sommes-nous\/\",\"url\":\"https:\/\/dunod-formation.com\/portail\/qui-sommes-nous\/\",\"name\":\"Qui sommes-nous ? - Dunod Formation\",\"isPartOf\":{\"@id\":\"https:\/\/dunod-formation.com\/portail\/#website\"},\"datePublished\":\"2020-11-04T16:50:57+00:00\",\"dateModified\":\"2026-03-16T15:18:15+00:00\",\"breadcrumb\":{\"@id\":\"https:\/\/dunod-formation.com\/portail\/qui-sommes-nous\/#breadcrumb\"},\"inLanguage\":\"fr-FR\",\"potentialAction\":[{\"@type\":\"ReadAction\",\"target\":[\"https:\/\/dunod-formation.com\/portail\/qui-sommes-nous\/\"]}]},{\"@type\":\"BreadcrumbList\",\"@id\":\"https:\/\/dunod-formation.com\/portail\/qui-sommes-nous\/#breadcrumb\",\"itemListElement\":[{\"@type\":\"ListItem\",\"position\":1,\"name\":\"Accueil\",\"item\":\"https:\/\/dunod-formation.com\/portail\/\"},{\"@type\":\"ListItem\",\"position\":2,\"name\":\"Qui sommes-nous ?\"}]},{\"@type\":\"WebSite\",\"@id\":\"https:\/\/dunod-formation.com\/portail\/#website\",\"url\":\"https:\/\/dunod-formation.com\/portail\/\",\"name\":\"Dunod Formation\",\"description\":\"La formation 100% en ligne pour les professionnels\",\"potentialAction\":[{\"@type\":\"SearchAction\",\"target\":{\"@type\":\"EntryPoint\",\"urlTemplate\":\"https:\/\/dunod-formation.com\/portail\/?s={search_term_string}\"},\"query-input\":\"required name=search_term_string\"}],\"inLanguage\":\"fr-FR\"}]}<\/script>\n<!-- \/ Yoast SEO plugin. -->","yoast_head_json":{"title":"Qui sommes-nous ? - Dunod Formation","robots":{"index":"index","follow":"follow","max-snippet":"max-snippet:-1","max-image-preview":"max-image-preview:large","max-video-preview":"max-video-preview:-1"},"canonical":"https:\/\/dunod-formation.com\/portail\/qui-sommes-nous\/","og_locale":"fr_FR","og_type":"article","og_title":"Qui sommes-nous ? - Dunod Formation","og_description":"Maison d\u2019\u00e9dition\u202fdu groupe Hachette Livre,\u202fDunod \u00c9diteur, depuis sa cr\u00e9ation en 1791,\u00a0n\u2019a jamais cess\u00e9 d\u2019innover.\u00a0 Depuis des d\u00e9cennies, Dunod \u00c9diteur forme des g\u00e9n\u00e9rations d\u2019\u00e9tudiants et accompagne les professionnels dans la pratique de leurs m\u00e9tiers. Avec plus de 8 000 r\u00e9f\u00e9rences, notre catalogue de livres est adoss\u00e9 \u00e0 4 marques embl\u00e9matiques \u2013 Dunod, Armand Colin, Inter\u00c9ditions, Maxima [...]Lire la suite\u2026 from Qui sommes-nous ?","og_url":"https:\/\/dunod-formation.com\/portail\/qui-sommes-nous\/","og_site_name":"Dunod Formation","article_modified_time":"2026-03-16T15:18:15+00:00","twitter_card":"summary_large_image","schema":{"@context":"https:\/\/schema.org","@graph":[{"@type":"WebPage","@id":"https:\/\/dunod-formation.com\/portail\/qui-sommes-nous\/","url":"https:\/\/dunod-formation.com\/portail\/qui-sommes-nous\/","name":"Qui sommes-nous ? - Dunod Formation","isPartOf":{"@id":"https:\/\/dunod-formation.com\/portail\/#website"},"datePublished":"2020-11-04T16:50:57+00:00","dateModified":"2026-03-16T15:18:15+00:00","breadcrumb":{"@id":"https:\/\/dunod-formation.com\/portail\/qui-sommes-nous\/#breadcrumb"},"inLanguage":"fr-FR","potentialAction":[{"@type":"ReadAction","target":["https:\/\/dunod-formation.com\/portail\/qui-sommes-nous\/"]}]},{"@type":"BreadcrumbList","@id":"https:\/\/dunod-formation.com\/portail\/qui-sommes-nous\/#breadcrumb","itemListElement":[{"@type":"ListItem","position":1,"name":"Accueil","item":"https:\/\/dunod-formation.com\/portail\/"},{"@type":"ListItem","position":2,"name":"Qui sommes-nous ?"}]},{"@type":"WebSite","@id":"https:\/\/dunod-formation.com\/portail\/#website","url":"https:\/\/dunod-formation.com\/portail\/","name":"Dunod Formation","description":"La formation 100% en ligne pour les professionnels","potentialAction":[{"@type":"SearchAction","target":{"@type":"EntryPoint","urlTemplate":"https:\/\/dunod-formation.com\/portail\/?s={search_term_string}"},"query-input":"required name=search_term_string"}],"inLanguage":"fr-FR"}]}},"_links":{"self":[{"href":"https:\/\/dunod-formation.com\/portail\/wp-json\/wp\/v2\/pages\/609","targetHints":{"allow":["GET"]}}],"collection":[{"href":"https:\/\/dunod-formation.com\/portail\/wp-json\/wp\/v2\/pages"}],"about":[{"href":"https:\/\/dunod-formation.com\/portail\/wp-json\/wp\/v2\/types\/page"}],"author":[{"embeddable":true,"href":"https:\/\/dunod-formation.com\/portail\/wp-json\/wp\/v2\/users\/1"}],"replies":[{"embeddable":true,"href":"https:\/\/dunod-formation.com\/portail\/wp-json\/wp\/v2\/comments?post=609"}],"version-history":[{"count":47,"href":"https:\/\/dunod-formation.com\/portail\/wp-json\/wp\/v2\/pages\/609\/revisions"}],"predecessor-version":[{"id":1779,"href":"https:\/\/dunod-formation.com\/portail\/wp-json\/wp\/v2\/pages\/609\/revisions\/1779"}],"wp:attachment":[{"href":"https:\/\/dunod-formation.com\/portail\/wp-json\/wp\/v2\/media?parent=609"}],"curies":[{"name":"wp","href":"https:\/\/api.w.org\/{rel}","templated":true}]}}