{"id":614,"date":"2020-11-04T17:54:35","date_gmt":"2020-11-04T16:54:35","guid":{"rendered":"https:\/\/dunod-formation.com\/portail\/?page_id=614"},"modified":"2026-02-05T12:31:04","modified_gmt":"2026-02-05T11:31:04","slug":"demarche-qualite","status":"publish","type":"page","link":"https:\/\/dunod-formation.com\/portail\/demarche-qualite\/","title":{"rendered":"D\u00e9marche qualit\u00e9"},"content":{"rendered":"<p style=\"text-align: right;\"><em><span style=\"font-size: 16px;\">\u00ab L\u2019excellence est un art que l\u2019on n\u2019atteint que par l\u2019exercice constant. Nous sommes ce que nous faisons de mani\u00e8re r\u00e9p\u00e9t\u00e9e. L\u2019excellence n\u2019est donc pas une action, mais une habitude. \u00bb <\/span><\/em><\/p>\n<p style=\"text-align: right;\"><span style=\"font-size: 16px;\">Aristote, <em>\u00c9thique \u00e0 Nicomaque<\/em>, Livre II, chap. 1.<\/span><\/p>\n<p>&nbsp;<\/p>\n<p>Depuis le 24 d\u00e9cembre 2021, DUNOD \u00c9DITEUR est titulaire de la <strong>certification Qualiopi<\/strong> selon les exigences de la certification vis\u00e9es \u00e0 l\u2019article L.6316-1 du code du travail, pour son processus de r\u00e9alisation des cat\u00e9gories d\u2019actions de d\u00e9veloppement des comp\u00e9tences suivantes : \u00ab <strong>Actions de formation \u00bb<\/strong>.<strong><br \/>\n<\/strong><br \/>\nLes rapports du certificateur des diff\u00e9rentes \u00e9tapes du premier cycles d\u2019audit (24 d\u00e9cembre 2021-23 d\u00e9cembre 2024) et le rapport de l\u2019audit de renouvellement valid\u00e9 le 3 juillet 2024 n\u2019ont indiqu\u00e9 aucune non-conformit\u00e9.<\/p>\n<p><img loading=\"lazy\" decoding=\"async\" class=\"alignnone size-medium wp-image-1721\" src=\"https:\/\/dunod-formation.com\/portail\/wp-content\/uploads\/2026\/02\/certificat_qualiopi_dec24-300x212.png\" alt=\"\" width=\"300\" height=\"212\" srcset=\"https:\/\/dunod-formation.com\/portail\/wp-content\/uploads\/2026\/02\/certificat_qualiopi_dec24-300x212.png 300w, https:\/\/dunod-formation.com\/portail\/wp-content\/uploads\/2026\/02\/certificat_qualiopi_dec24-1024x724.png 1024w, https:\/\/dunod-formation.com\/portail\/wp-content\/uploads\/2026\/02\/certificat_qualiopi_dec24-768x543.png 768w, https:\/\/dunod-formation.com\/portail\/wp-content\/uploads\/2026\/02\/certificat_qualiopi_dec24.png 1117w\" sizes=\"auto, (max-width: 300px) 100vw, 300px\" \/><\/p>\n<p>&nbsp;<\/p>\n<p><a href=\"https:\/\/dunod-formation.com\/petite-enfance\/demarche-qualite\/\" target=\"_blank\" rel=\"noopener\">Consultez les engagements qualit\u00e9 de Dunod Formation Petite Enfance<\/a><\/p>\n<p><a href=\"https:\/\/dunod-formation.com\/soft-skills\/demarche-qualite\/\" target=\"_blank\" rel=\"noopener\">Consultez les engagements qualit\u00e9 de Dunod Formation Soft Skills<\/a><\/p>\n<p>&nbsp;<\/p>\n<p>Date de derni\u00e8re mise \u00e0 jour : 5 f\u00e9vrier 2026.<\/p>\n","protected":false},"excerpt":{"rendered":"<p>\u00ab L\u2019excellence est un art que l\u2019on n\u2019atteint que par l\u2019exercice constant. Nous sommes ce que nous faisons de mani\u00e8re r\u00e9p\u00e9t\u00e9e. L\u2019excellence n\u2019est donc pas une action, mais une habitude. \u00bb Aristote, \u00c9thique \u00e0 Nicomaque, Livre II, chap. 1. &nbsp; Depuis le 24 d\u00e9cembre 2021, DUNOD \u00c9DITEUR est titulaire de la certification Qualiopi selon les [&#8230;]<\/p>\n<p><a class=\"btn btn-secondary understrap-read-more-link\" href=\"https:\/\/dunod-formation.com\/portail\/demarche-qualite\/\">Lire la suite\u2026<span class=\"screen-reader-text\"> from D\u00e9marche qualit\u00e9<\/span><\/a><\/p>\n","protected":false},"author":1,"featured_media":0,"parent":0,"menu_order":0,"comment_status":"closed","ping_status":"closed","template":"","meta":{"footnotes":""},"class_list":["post-614","page","type-page","status-publish","hentry"],"yoast_head":"<!-- This site is optimized with the Yoast SEO plugin v19.13 - https:\/\/yoast.com\/wordpress\/plugins\/seo\/ -->\n<title>D\u00e9marche qualit\u00e9 - Dunod Formation<\/title>\n<meta name=\"robots\" content=\"index, follow, max-snippet:-1, max-image-preview:large, max-video-preview:-1\" \/>\n<link rel=\"canonical\" href=\"https:\/\/dunod-formation.com\/portail\/demarche-qualite\/\" \/>\n<meta property=\"og:locale\" content=\"fr_FR\" \/>\n<meta property=\"og:type\" content=\"article\" \/>\n<meta property=\"og:title\" content=\"D\u00e9marche qualit\u00e9 - Dunod Formation\" \/>\n<meta property=\"og:description\" content=\"\u00ab L\u2019excellence est un art que l\u2019on n\u2019atteint que par l\u2019exercice constant. Nous sommes ce que nous faisons de mani\u00e8re r\u00e9p\u00e9t\u00e9e. L\u2019excellence n\u2019est donc pas une action, mais une habitude. \u00bb Aristote, \u00c9thique \u00e0 Nicomaque, Livre II, chap. 1. &nbsp; Depuis le 24 d\u00e9cembre 2021, DUNOD \u00c9DITEUR est titulaire de la certification Qualiopi selon les [...]Lire la suite\u2026 from D\u00e9marche qualit\u00e9\" \/>\n<meta property=\"og:url\" content=\"https:\/\/dunod-formation.com\/portail\/demarche-qualite\/\" \/>\n<meta property=\"og:site_name\" content=\"Dunod Formation\" \/>\n<meta property=\"article:modified_time\" content=\"2026-02-05T11:31:04+00:00\" \/>\n<meta property=\"og:image\" content=\"https:\/\/dunod-formation.com\/portail\/wp-content\/uploads\/2026\/02\/certificat_qualiopi_dec24-300x212.png\" \/>\n<meta name=\"twitter:card\" content=\"summary_large_image\" \/>\n<script type=\"application\/ld+json\" class=\"yoast-schema-graph\">{\"@context\":\"https:\/\/schema.org\",\"@graph\":[{\"@type\":\"WebPage\",\"@id\":\"https:\/\/dunod-formation.com\/portail\/demarche-qualite\/\",\"url\":\"https:\/\/dunod-formation.com\/portail\/demarche-qualite\/\",\"name\":\"D\u00e9marche qualit\u00e9 - Dunod Formation\",\"isPartOf\":{\"@id\":\"https:\/\/dunod-formation.com\/portail\/#website\"},\"datePublished\":\"2020-11-04T16:54:35+00:00\",\"dateModified\":\"2026-02-05T11:31:04+00:00\",\"breadcrumb\":{\"@id\":\"https:\/\/dunod-formation.com\/portail\/demarche-qualite\/#breadcrumb\"},\"inLanguage\":\"fr-FR\",\"potentialAction\":[{\"@type\":\"ReadAction\",\"target\":[\"https:\/\/dunod-formation.com\/portail\/demarche-qualite\/\"]}]},{\"@type\":\"BreadcrumbList\",\"@id\":\"https:\/\/dunod-formation.com\/portail\/demarche-qualite\/#breadcrumb\",\"itemListElement\":[{\"@type\":\"ListItem\",\"position\":1,\"name\":\"Accueil\",\"item\":\"https:\/\/dunod-formation.com\/portail\/\"},{\"@type\":\"ListItem\",\"position\":2,\"name\":\"D\u00e9marche qualit\u00e9\"}]},{\"@type\":\"WebSite\",\"@id\":\"https:\/\/dunod-formation.com\/portail\/#website\",\"url\":\"https:\/\/dunod-formation.com\/portail\/\",\"name\":\"Dunod Formation\",\"description\":\"La formation 100% en ligne pour les professionnels\",\"potentialAction\":[{\"@type\":\"SearchAction\",\"target\":{\"@type\":\"EntryPoint\",\"urlTemplate\":\"https:\/\/dunod-formation.com\/portail\/?s={search_term_string}\"},\"query-input\":\"required name=search_term_string\"}],\"inLanguage\":\"fr-FR\"}]}<\/script>\n<!-- \/ Yoast SEO plugin. -->","yoast_head_json":{"title":"D\u00e9marche qualit\u00e9 - Dunod Formation","robots":{"index":"index","follow":"follow","max-snippet":"max-snippet:-1","max-image-preview":"max-image-preview:large","max-video-preview":"max-video-preview:-1"},"canonical":"https:\/\/dunod-formation.com\/portail\/demarche-qualite\/","og_locale":"fr_FR","og_type":"article","og_title":"D\u00e9marche qualit\u00e9 - Dunod Formation","og_description":"\u00ab L\u2019excellence est un art que l\u2019on n\u2019atteint que par l\u2019exercice constant. Nous sommes ce que nous faisons de mani\u00e8re r\u00e9p\u00e9t\u00e9e. L\u2019excellence n\u2019est donc pas une action, mais une habitude. \u00bb Aristote, \u00c9thique \u00e0 Nicomaque, Livre II, chap. 1. &nbsp; Depuis le 24 d\u00e9cembre 2021, DUNOD \u00c9DITEUR est titulaire de la certification Qualiopi selon les [...]Lire la suite\u2026 from D\u00e9marche qualit\u00e9","og_url":"https:\/\/dunod-formation.com\/portail\/demarche-qualite\/","og_site_name":"Dunod Formation","article_modified_time":"2026-02-05T11:31:04+00:00","og_image":[{"url":"https:\/\/dunod-formation.com\/portail\/wp-content\/uploads\/2026\/02\/certificat_qualiopi_dec24-300x212.png"}],"twitter_card":"summary_large_image","schema":{"@context":"https:\/\/schema.org","@graph":[{"@type":"WebPage","@id":"https:\/\/dunod-formation.com\/portail\/demarche-qualite\/","url":"https:\/\/dunod-formation.com\/portail\/demarche-qualite\/","name":"D\u00e9marche qualit\u00e9 - Dunod Formation","isPartOf":{"@id":"https:\/\/dunod-formation.com\/portail\/#website"},"datePublished":"2020-11-04T16:54:35+00:00","dateModified":"2026-02-05T11:31:04+00:00","breadcrumb":{"@id":"https:\/\/dunod-formation.com\/portail\/demarche-qualite\/#breadcrumb"},"inLanguage":"fr-FR","potentialAction":[{"@type":"ReadAction","target":["https:\/\/dunod-formation.com\/portail\/demarche-qualite\/"]}]},{"@type":"BreadcrumbList","@id":"https:\/\/dunod-formation.com\/portail\/demarche-qualite\/#breadcrumb","itemListElement":[{"@type":"ListItem","position":1,"name":"Accueil","item":"https:\/\/dunod-formation.com\/portail\/"},{"@type":"ListItem","position":2,"name":"D\u00e9marche qualit\u00e9"}]},{"@type":"WebSite","@id":"https:\/\/dunod-formation.com\/portail\/#website","url":"https:\/\/dunod-formation.com\/portail\/","name":"Dunod Formation","description":"La formation 100% en ligne pour les professionnels","potentialAction":[{"@type":"SearchAction","target":{"@type":"EntryPoint","urlTemplate":"https:\/\/dunod-formation.com\/portail\/?s={search_term_string}"},"query-input":"required name=search_term_string"}],"inLanguage":"fr-FR"}]}},"_links":{"self":[{"href":"https:\/\/dunod-formation.com\/portail\/wp-json\/wp\/v2\/pages\/614","targetHints":{"allow":["GET"]}}],"collection":[{"href":"https:\/\/dunod-formation.com\/portail\/wp-json\/wp\/v2\/pages"}],"about":[{"href":"https:\/\/dunod-formation.com\/portail\/wp-json\/wp\/v2\/types\/page"}],"author":[{"embeddable":true,"href":"https:\/\/dunod-formation.com\/portail\/wp-json\/wp\/v2\/users\/1"}],"replies":[{"embeddable":true,"href":"https:\/\/dunod-formation.com\/portail\/wp-json\/wp\/v2\/comments?post=614"}],"version-history":[{"count":28,"href":"https:\/\/dunod-formation.com\/portail\/wp-json\/wp\/v2\/pages\/614\/revisions"}],"predecessor-version":[{"id":1724,"href":"https:\/\/dunod-formation.com\/portail\/wp-json\/wp\/v2\/pages\/614\/revisions\/1724"}],"wp:attachment":[{"href":"https:\/\/dunod-formation.com\/portail\/wp-json\/wp\/v2\/media?parent=614"}],"curies":[{"name":"wp","href":"https:\/\/api.w.org\/{rel}","templated":true}]}}