{"id":616,"date":"2020-11-04T17:54:49","date_gmt":"2020-11-04T16:54:49","guid":{"rendered":"https:\/\/dunod-formation.com\/portail\/?page_id=616"},"modified":"2026-03-16T18:11:04","modified_gmt":"2026-03-16T17:11:04","slug":"mentions-legales-cgu","status":"publish","type":"page","link":"https:\/\/dunod-formation.com\/portail\/mentions-legales-cgu\/","title":{"rendered":"Mentions l\u00e9gales"},"content":{"rendered":"<p>Bienvenue sur le site dunod-formation.com, un service de DUNOD \u00c9DITEUR.<\/p>\n<p>En acc\u00e9dant au site dunod-formation.com (le \u00ab\u00a0Site\u00a0\u00bb), vous acceptez les pr\u00e9sentes Mentions l\u00e9gales.<\/p>\n<h2 class=\"pb-3\">1. PR\u00c9SENTATION DU SITE ET MENTIONS L\u00c9GALES<\/h2>\n<p>Le Site est \u00e9dit\u00e9 et est la propri\u00e9t\u00e9 de la soci\u00e9t\u00e9 DUNOD \u00c9DITEUR , Soci\u00e9t\u00e9 Anonyme au capital de 1.039.605 Euros, inscrite au RCS de Nanterre 316 053 628, Siret 316 053 628 00152, dont le si\u00e8ge est situ\u00e9 au 11 rue Paul Bert \u2013 92240 Malakoff &#8211; France.<\/p>\n<p>Directrice de publication du Site : Mme Anne-Laurence Mon\u00e9ger, Directrice g\u00e9n\u00e9rale de Dunod \u00c9diteur.<\/p>\n<p>H\u00e9bergement : l\u2019h\u00e9bergement du Site est assur\u00e9 par la Soci\u00e9t\u00e9 Microsoft Ireland Ltd, Attn : Data Protection, Carmenhall Road, Sandyford, Dublin 18, Ireland (t\u00e9l\u00e9phone : 003531 706 5000)<\/p>\n<p>Site con\u00e7u et r\u00e9alis\u00e9 par <a href=\"https:\/\/www.agence-churchill.fr\/\">Agence web Churchill<\/a><\/p>\n<h2 class=\"pb-3\">2. MISE EN GARDE G\u00c9N\u00c9RALE<\/h2>\n<p>L\u2019acc\u00e8s au Site implique que vous disposiez d\u2019une connexion Internet et un mat\u00e9riel informatique ad\u00e9quat, dont les co\u00fbts sont \u00e0 votre charge. La responsabilit\u00e9 de DUNOD \u00c9DITEUR ne peut \u00eatre recherch\u00e9e en cas de probl\u00e8me de connexion.<\/p>\n<p>DUNOD \u00c9DITEUR ne saurait \u00eatre tenu pour responsable des dommages qui pourraient r\u00e9sulter de l&rsquo;acc\u00e8s ou de l&rsquo;utilisation du Site, incluant toutes d\u00e9t\u00e9riorations ou virus qui pourraient infecter votre \u00e9quipement informatique ou tout autre bien.<\/p>\n<p>Bien que DUNOD \u00c9DITEUR s&rsquo;efforce raisonnablement de mettre \u00e0 jour les informations pr\u00e9cises publi\u00e9es sur le site, DUNOD EDITEUR ne peut garantir l\u2019absence totale d\u2019erreur mat\u00e9rielle ou d&rsquo;omission, de d\u00e9ficience technique ou autre. De m\u00eame, aucune garantie ne peut \u00eatre fournie quant \u00e0 la compatibilit\u00e9 du Site avec vos besoins. DUNOD \u00c9DITEUR ne saurait \u00eatre tenu pour responsable d\u2019un dommage quelconque li\u00e9 \u00e0 l\u2019utilisation de son Site.<\/p>\n<p>En particulier, DUNOD \u00c9DITEUR ne garantit pas la continuit\u00e9 et la qualit\u00e9 des services disponibles sur le Site.<\/p>\n<p>DUNOD \u00c9DITEUR ne garantit pas non plus que le Site sera en permanence accessible ou que des utilisateurs ne violeront pas les C<a href=\"https:\/\/dunod-formation.com\/portail\/cgv\/\">onditions G\u00e9n\u00e9rales de Vente et d\u2019Utilisation du Site (CGVU)<\/a>.<\/p>\n<h2 class=\"pb-3\">3. LIENS VERS D&rsquo;AUTRES SITES<\/h2>\n<p>DUNOD \u00c9DITEUR peut proposer des liens hypertextes depuis le Site vers d&rsquo;autres sites de tiers.<\/p>\n<p>Ces sites sont ind\u00e9pendants du Site, par cons\u00e9quent, DUNOD \u00c9DITEUR n&rsquo;\u00e9dite pas et ne contr\u00f4le pas ces sites.<\/p>\n<p>D\u00e8s lors, DUNOD \u00c9DITEUR ne saurait \u00eatre responsable de leurs contenus, leurs produits, leurs publicit\u00e9s ou tous \u00e9l\u00e9ments ou services pr\u00e9sent\u00e9s sur ces sites. Nous vous rappelons que ces sites sont soumis \u00e0 leurs propres conditions d&rsquo;utilisation et politiques de protection de la vie priv\u00e9e.<\/p>\n<p>&nbsp;<\/p>\n<p>Date de derni\u00e8re mise \u00e0 jour : 5 f\u00e9vrier 2026.<\/p>\n","protected":false},"excerpt":{"rendered":"<p>Bienvenue sur le site dunod-formation.com, un service de DUNOD \u00c9DITEUR. En acc\u00e9dant au site dunod-formation.com (le \u00ab\u00a0Site\u00a0\u00bb), vous acceptez les pr\u00e9sentes Mentions l\u00e9gales. 1. PR\u00c9SENTATION DU SITE ET MENTIONS L\u00c9GALES Le Site est \u00e9dit\u00e9 et est la propri\u00e9t\u00e9 de la soci\u00e9t\u00e9 DUNOD \u00c9DITEUR , Soci\u00e9t\u00e9 Anonyme au capital de 1.039.605 Euros, inscrite au RCS de [&#8230;]<\/p>\n<p><a class=\"btn btn-secondary understrap-read-more-link\" href=\"https:\/\/dunod-formation.com\/portail\/mentions-legales-cgu\/\">Lire la suite\u2026<span class=\"screen-reader-text\"> from Mentions l\u00e9gales<\/span><\/a><\/p>\n","protected":false},"author":1,"featured_media":0,"parent":0,"menu_order":0,"comment_status":"closed","ping_status":"closed","template":"","meta":{"footnotes":""},"class_list":["post-616","page","type-page","status-publish","hentry"],"yoast_head":"<!-- This site is optimized with the Yoast SEO plugin v19.13 - https:\/\/yoast.com\/wordpress\/plugins\/seo\/ -->\n<title>Mentions l\u00e9gales - Dunod Formation<\/title>\n<meta name=\"robots\" content=\"index, follow, max-snippet:-1, max-image-preview:large, max-video-preview:-1\" \/>\n<link rel=\"canonical\" href=\"https:\/\/dunod-formation.com\/portail\/mentions-legales-cgu\/\" \/>\n<meta property=\"og:locale\" content=\"fr_FR\" \/>\n<meta property=\"og:type\" content=\"article\" \/>\n<meta property=\"og:title\" content=\"Mentions l\u00e9gales - Dunod Formation\" \/>\n<meta property=\"og:description\" content=\"Bienvenue sur le site dunod-formation.com, un service de DUNOD \u00c9DITEUR. En acc\u00e9dant au site dunod-formation.com (le \u00ab\u00a0Site\u00a0\u00bb), vous acceptez les pr\u00e9sentes Mentions l\u00e9gales. 1. PR\u00c9SENTATION DU SITE ET MENTIONS L\u00c9GALES Le Site est \u00e9dit\u00e9 et est la propri\u00e9t\u00e9 de la soci\u00e9t\u00e9 DUNOD \u00c9DITEUR , Soci\u00e9t\u00e9 Anonyme au capital de 1.039.605 Euros, inscrite au RCS de [...]Lire la suite\u2026 from Mentions l\u00e9gales\" \/>\n<meta property=\"og:url\" content=\"https:\/\/dunod-formation.com\/portail\/mentions-legales-cgu\/\" \/>\n<meta property=\"og:site_name\" content=\"Dunod Formation\" \/>\n<meta property=\"article:modified_time\" content=\"2026-03-16T17:11:04+00:00\" \/>\n<meta name=\"twitter:card\" content=\"summary_large_image\" \/>\n<script type=\"application\/ld+json\" class=\"yoast-schema-graph\">{\"@context\":\"https:\/\/schema.org\",\"@graph\":[{\"@type\":\"WebPage\",\"@id\":\"https:\/\/dunod-formation.com\/portail\/mentions-legales-cgu\/\",\"url\":\"https:\/\/dunod-formation.com\/portail\/mentions-legales-cgu\/\",\"name\":\"Mentions l\u00e9gales - Dunod Formation\",\"isPartOf\":{\"@id\":\"https:\/\/dunod-formation.com\/portail\/#website\"},\"datePublished\":\"2020-11-04T16:54:49+00:00\",\"dateModified\":\"2026-03-16T17:11:04+00:00\",\"breadcrumb\":{\"@id\":\"https:\/\/dunod-formation.com\/portail\/mentions-legales-cgu\/#breadcrumb\"},\"inLanguage\":\"fr-FR\",\"potentialAction\":[{\"@type\":\"ReadAction\",\"target\":[\"https:\/\/dunod-formation.com\/portail\/mentions-legales-cgu\/\"]}]},{\"@type\":\"BreadcrumbList\",\"@id\":\"https:\/\/dunod-formation.com\/portail\/mentions-legales-cgu\/#breadcrumb\",\"itemListElement\":[{\"@type\":\"ListItem\",\"position\":1,\"name\":\"Accueil\",\"item\":\"https:\/\/dunod-formation.com\/portail\/\"},{\"@type\":\"ListItem\",\"position\":2,\"name\":\"Mentions l\u00e9gales\"}]},{\"@type\":\"WebSite\",\"@id\":\"https:\/\/dunod-formation.com\/portail\/#website\",\"url\":\"https:\/\/dunod-formation.com\/portail\/\",\"name\":\"Dunod Formation\",\"description\":\"La formation 100% en ligne pour les professionnels\",\"potentialAction\":[{\"@type\":\"SearchAction\",\"target\":{\"@type\":\"EntryPoint\",\"urlTemplate\":\"https:\/\/dunod-formation.com\/portail\/?s={search_term_string}\"},\"query-input\":\"required name=search_term_string\"}],\"inLanguage\":\"fr-FR\"}]}<\/script>\n<!-- \/ Yoast SEO plugin. -->","yoast_head_json":{"title":"Mentions l\u00e9gales - Dunod Formation","robots":{"index":"index","follow":"follow","max-snippet":"max-snippet:-1","max-image-preview":"max-image-preview:large","max-video-preview":"max-video-preview:-1"},"canonical":"https:\/\/dunod-formation.com\/portail\/mentions-legales-cgu\/","og_locale":"fr_FR","og_type":"article","og_title":"Mentions l\u00e9gales - Dunod Formation","og_description":"Bienvenue sur le site dunod-formation.com, un service de DUNOD \u00c9DITEUR. En acc\u00e9dant au site dunod-formation.com (le \u00ab\u00a0Site\u00a0\u00bb), vous acceptez les pr\u00e9sentes Mentions l\u00e9gales. 1. PR\u00c9SENTATION DU SITE ET MENTIONS L\u00c9GALES Le Site est \u00e9dit\u00e9 et est la propri\u00e9t\u00e9 de la soci\u00e9t\u00e9 DUNOD \u00c9DITEUR , Soci\u00e9t\u00e9 Anonyme au capital de 1.039.605 Euros, inscrite au RCS de [...]Lire la suite\u2026 from Mentions l\u00e9gales","og_url":"https:\/\/dunod-formation.com\/portail\/mentions-legales-cgu\/","og_site_name":"Dunod Formation","article_modified_time":"2026-03-16T17:11:04+00:00","twitter_card":"summary_large_image","schema":{"@context":"https:\/\/schema.org","@graph":[{"@type":"WebPage","@id":"https:\/\/dunod-formation.com\/portail\/mentions-legales-cgu\/","url":"https:\/\/dunod-formation.com\/portail\/mentions-legales-cgu\/","name":"Mentions l\u00e9gales - Dunod Formation","isPartOf":{"@id":"https:\/\/dunod-formation.com\/portail\/#website"},"datePublished":"2020-11-04T16:54:49+00:00","dateModified":"2026-03-16T17:11:04+00:00","breadcrumb":{"@id":"https:\/\/dunod-formation.com\/portail\/mentions-legales-cgu\/#breadcrumb"},"inLanguage":"fr-FR","potentialAction":[{"@type":"ReadAction","target":["https:\/\/dunod-formation.com\/portail\/mentions-legales-cgu\/"]}]},{"@type":"BreadcrumbList","@id":"https:\/\/dunod-formation.com\/portail\/mentions-legales-cgu\/#breadcrumb","itemListElement":[{"@type":"ListItem","position":1,"name":"Accueil","item":"https:\/\/dunod-formation.com\/portail\/"},{"@type":"ListItem","position":2,"name":"Mentions l\u00e9gales"}]},{"@type":"WebSite","@id":"https:\/\/dunod-formation.com\/portail\/#website","url":"https:\/\/dunod-formation.com\/portail\/","name":"Dunod Formation","description":"La formation 100% en ligne pour les professionnels","potentialAction":[{"@type":"SearchAction","target":{"@type":"EntryPoint","urlTemplate":"https:\/\/dunod-formation.com\/portail\/?s={search_term_string}"},"query-input":"required name=search_term_string"}],"inLanguage":"fr-FR"}]}},"_links":{"self":[{"href":"https:\/\/dunod-formation.com\/portail\/wp-json\/wp\/v2\/pages\/616","targetHints":{"allow":["GET"]}}],"collection":[{"href":"https:\/\/dunod-formation.com\/portail\/wp-json\/wp\/v2\/pages"}],"about":[{"href":"https:\/\/dunod-formation.com\/portail\/wp-json\/wp\/v2\/types\/page"}],"author":[{"embeddable":true,"href":"https:\/\/dunod-formation.com\/portail\/wp-json\/wp\/v2\/users\/1"}],"replies":[{"embeddable":true,"href":"https:\/\/dunod-formation.com\/portail\/wp-json\/wp\/v2\/comments?post=616"}],"version-history":[{"count":17,"href":"https:\/\/dunod-formation.com\/portail\/wp-json\/wp\/v2\/pages\/616\/revisions"}],"predecessor-version":[{"id":1782,"href":"https:\/\/dunod-formation.com\/portail\/wp-json\/wp\/v2\/pages\/616\/revisions\/1782"}],"wp:attachment":[{"href":"https:\/\/dunod-formation.com\/portail\/wp-json\/wp\/v2\/media?parent=616"}],"curies":[{"name":"wp","href":"https:\/\/api.w.org\/{rel}","templated":true}]}}