{"id":627,"date":"2020-11-04T17:56:31","date_gmt":"2020-11-04T16:56:31","guid":{"rendered":"https:\/\/dunod-formation.com\/portail\/?page_id=627"},"modified":"2026-02-06T17:11:43","modified_gmt":"2026-02-06T16:11:43","slug":"cgv","status":"publish","type":"page","link":"https:\/\/dunod-formation.com\/portail\/cgv\/","title":{"rendered":"Conditions G\u00e9n\u00e9rales de Vente et d&rsquo;Utilisation"},"content":{"rendered":"<p><a href=\"https:\/\/dunod-formation.com\/petite-enfance\/cgv\/\" target=\"_blank\" rel=\"noopener\">Dunod Formation Petite Enfance : Conditions g\u00e9n\u00e9rales de vente et d&rsquo;utilisation des prestations<\/a><\/p>\n<p><a href=\"https:\/\/dunod-formation.com\/soft-skills\/cgv\/\" target=\"_blank\" rel=\"noopener\">Dunod Formation Soft Skills : Conditions g\u00e9n\u00e9rales de vente et d&rsquo;utilisation des prestations<\/a><\/p>\n<p>&nbsp;<\/p>\n<p>Date de derni\u00e8re mise \u00e0 jour : 5 f\u00e9vrier 2026.<\/p>\n<p>&nbsp;<\/p>\n<p>&nbsp;<\/p>\n","protected":false},"excerpt":{"rendered":"<p>Dunod Formation Petite Enfance : Conditions g\u00e9n\u00e9rales de vente et d&rsquo;utilisation des prestations Dunod Formation Soft Skills : Conditions g\u00e9n\u00e9rales de vente et d&rsquo;utilisation des prestations &nbsp; Date de derni\u00e8re mise \u00e0 jour : 5 f\u00e9vrier 2026. &nbsp; &nbsp; [&#8230;]<\/p>\n<p><a class=\"btn btn-secondary understrap-read-more-link\" href=\"https:\/\/dunod-formation.com\/portail\/cgv\/\">Lire la suite\u2026<span class=\"screen-reader-text\"> from Conditions G\u00e9n\u00e9rales de Vente et d&rsquo;Utilisation<\/span><\/a><\/p>\n","protected":false},"author":1,"featured_media":0,"parent":0,"menu_order":0,"comment_status":"closed","ping_status":"closed","template":"","meta":{"footnotes":""},"class_list":["post-627","page","type-page","status-publish","hentry"],"yoast_head":"<!-- This site is optimized with the Yoast SEO plugin v19.13 - https:\/\/yoast.com\/wordpress\/plugins\/seo\/ -->\n<title>Conditions G\u00e9n\u00e9rales de Vente et d&#039;Utilisation - Dunod Formation<\/title>\n<meta name=\"robots\" content=\"index, follow, max-snippet:-1, max-image-preview:large, max-video-preview:-1\" \/>\n<link rel=\"canonical\" href=\"https:\/\/dunod-formation.com\/portail\/cgv\/\" \/>\n<meta property=\"og:locale\" content=\"fr_FR\" \/>\n<meta property=\"og:type\" content=\"article\" \/>\n<meta property=\"og:title\" content=\"Conditions G\u00e9n\u00e9rales de Vente et d&#039;Utilisation - Dunod Formation\" \/>\n<meta property=\"og:description\" content=\"Dunod Formation Petite Enfance : Conditions g\u00e9n\u00e9rales de vente et d&rsquo;utilisation des prestations Dunod Formation Soft Skills : Conditions g\u00e9n\u00e9rales de vente et d&rsquo;utilisation des prestations &nbsp; Date de derni\u00e8re mise \u00e0 jour : 5 f\u00e9vrier 2026. &nbsp; &nbsp; [...]Lire la suite\u2026 from Conditions G\u00e9n\u00e9rales de Vente et d&rsquo;Utilisation\" \/>\n<meta property=\"og:url\" content=\"https:\/\/dunod-formation.com\/portail\/cgv\/\" \/>\n<meta property=\"og:site_name\" content=\"Dunod Formation\" \/>\n<meta property=\"article:modified_time\" content=\"2026-02-06T16:11:43+00:00\" \/>\n<meta name=\"twitter:card\" content=\"summary_large_image\" \/>\n<script type=\"application\/ld+json\" class=\"yoast-schema-graph\">{\"@context\":\"https:\/\/schema.org\",\"@graph\":[{\"@type\":\"WebPage\",\"@id\":\"https:\/\/dunod-formation.com\/portail\/cgv\/\",\"url\":\"https:\/\/dunod-formation.com\/portail\/cgv\/\",\"name\":\"Conditions G\u00e9n\u00e9rales de Vente et d'Utilisation - Dunod Formation\",\"isPartOf\":{\"@id\":\"https:\/\/dunod-formation.com\/portail\/#website\"},\"datePublished\":\"2020-11-04T16:56:31+00:00\",\"dateModified\":\"2026-02-06T16:11:43+00:00\",\"breadcrumb\":{\"@id\":\"https:\/\/dunod-formation.com\/portail\/cgv\/#breadcrumb\"},\"inLanguage\":\"fr-FR\",\"potentialAction\":[{\"@type\":\"ReadAction\",\"target\":[\"https:\/\/dunod-formation.com\/portail\/cgv\/\"]}]},{\"@type\":\"BreadcrumbList\",\"@id\":\"https:\/\/dunod-formation.com\/portail\/cgv\/#breadcrumb\",\"itemListElement\":[{\"@type\":\"ListItem\",\"position\":1,\"name\":\"Accueil\",\"item\":\"https:\/\/dunod-formation.com\/portail\/\"},{\"@type\":\"ListItem\",\"position\":2,\"name\":\"Conditions G\u00e9n\u00e9rales de Vente et d&rsquo;Utilisation\"}]},{\"@type\":\"WebSite\",\"@id\":\"https:\/\/dunod-formation.com\/portail\/#website\",\"url\":\"https:\/\/dunod-formation.com\/portail\/\",\"name\":\"Dunod Formation\",\"description\":\"La formation 100% en ligne pour les professionnels\",\"potentialAction\":[{\"@type\":\"SearchAction\",\"target\":{\"@type\":\"EntryPoint\",\"urlTemplate\":\"https:\/\/dunod-formation.com\/portail\/?s={search_term_string}\"},\"query-input\":\"required name=search_term_string\"}],\"inLanguage\":\"fr-FR\"}]}<\/script>\n<!-- \/ Yoast SEO plugin. -->","yoast_head_json":{"title":"Conditions G\u00e9n\u00e9rales de Vente et d'Utilisation - Dunod Formation","robots":{"index":"index","follow":"follow","max-snippet":"max-snippet:-1","max-image-preview":"max-image-preview:large","max-video-preview":"max-video-preview:-1"},"canonical":"https:\/\/dunod-formation.com\/portail\/cgv\/","og_locale":"fr_FR","og_type":"article","og_title":"Conditions G\u00e9n\u00e9rales de Vente et d'Utilisation - Dunod Formation","og_description":"Dunod Formation Petite Enfance : Conditions g\u00e9n\u00e9rales de vente et d&rsquo;utilisation des prestations Dunod Formation Soft Skills : Conditions g\u00e9n\u00e9rales de vente et d&rsquo;utilisation des prestations &nbsp; Date de derni\u00e8re mise \u00e0 jour : 5 f\u00e9vrier 2026. &nbsp; &nbsp; [...]Lire la suite\u2026 from Conditions G\u00e9n\u00e9rales de Vente et d&rsquo;Utilisation","og_url":"https:\/\/dunod-formation.com\/portail\/cgv\/","og_site_name":"Dunod Formation","article_modified_time":"2026-02-06T16:11:43+00:00","twitter_card":"summary_large_image","schema":{"@context":"https:\/\/schema.org","@graph":[{"@type":"WebPage","@id":"https:\/\/dunod-formation.com\/portail\/cgv\/","url":"https:\/\/dunod-formation.com\/portail\/cgv\/","name":"Conditions G\u00e9n\u00e9rales de Vente et d'Utilisation - Dunod Formation","isPartOf":{"@id":"https:\/\/dunod-formation.com\/portail\/#website"},"datePublished":"2020-11-04T16:56:31+00:00","dateModified":"2026-02-06T16:11:43+00:00","breadcrumb":{"@id":"https:\/\/dunod-formation.com\/portail\/cgv\/#breadcrumb"},"inLanguage":"fr-FR","potentialAction":[{"@type":"ReadAction","target":["https:\/\/dunod-formation.com\/portail\/cgv\/"]}]},{"@type":"BreadcrumbList","@id":"https:\/\/dunod-formation.com\/portail\/cgv\/#breadcrumb","itemListElement":[{"@type":"ListItem","position":1,"name":"Accueil","item":"https:\/\/dunod-formation.com\/portail\/"},{"@type":"ListItem","position":2,"name":"Conditions G\u00e9n\u00e9rales de Vente et d&rsquo;Utilisation"}]},{"@type":"WebSite","@id":"https:\/\/dunod-formation.com\/portail\/#website","url":"https:\/\/dunod-formation.com\/portail\/","name":"Dunod Formation","description":"La formation 100% en ligne pour les professionnels","potentialAction":[{"@type":"SearchAction","target":{"@type":"EntryPoint","urlTemplate":"https:\/\/dunod-formation.com\/portail\/?s={search_term_string}"},"query-input":"required name=search_term_string"}],"inLanguage":"fr-FR"}]}},"_links":{"self":[{"href":"https:\/\/dunod-formation.com\/portail\/wp-json\/wp\/v2\/pages\/627","targetHints":{"allow":["GET"]}}],"collection":[{"href":"https:\/\/dunod-formation.com\/portail\/wp-json\/wp\/v2\/pages"}],"about":[{"href":"https:\/\/dunod-formation.com\/portail\/wp-json\/wp\/v2\/types\/page"}],"author":[{"embeddable":true,"href":"https:\/\/dunod-formation.com\/portail\/wp-json\/wp\/v2\/users\/1"}],"replies":[{"embeddable":true,"href":"https:\/\/dunod-formation.com\/portail\/wp-json\/wp\/v2\/comments?post=627"}],"version-history":[{"count":27,"href":"https:\/\/dunod-formation.com\/portail\/wp-json\/wp\/v2\/pages\/627\/revisions"}],"predecessor-version":[{"id":1768,"href":"https:\/\/dunod-formation.com\/portail\/wp-json\/wp\/v2\/pages\/627\/revisions\/1768"}],"wp:attachment":[{"href":"https:\/\/dunod-formation.com\/portail\/wp-json\/wp\/v2\/media?parent=627"}],"curies":[{"name":"wp","href":"https:\/\/api.w.org\/{rel}","templated":true}]}}