{"id":630,"date":"2020-11-04T17:57:51","date_gmt":"2020-11-04T16:57:51","guid":{"rendered":"https:\/\/dunod-formation.com\/portail\/?page_id=630"},"modified":"2025-06-30T17:29:24","modified_gmt":"2025-06-30T15:29:24","slug":"pourquoi-choisir-dunod-formation","status":"publish","type":"page","link":"https:\/\/dunod-formation.com\/portail\/pourquoi-choisir-dunod-formation\/","title":{"rendered":"Pourquoi choisir Dunod Formation ? Notre p\u00e9dagogie"},"content":{"rendered":"<h1>V\u00e9ritable alternative au tout pr\u00e9sentiel<\/h1>\n<p>&nbsp;<\/p>\n<p>Choisir le distanciel c&rsquo;est se former tout au long de l\u2019ann\u00e9e, sans y consacrer une journ\u00e9e compl\u00e8te et sans se d\u00e9placer !<\/p>\n<h2>Une plateforme e-learning offrant une succession d\u2019activit\u00e9s rythm\u00e9es et vivantes !<\/h2>\n<p><img loading=\"lazy\" decoding=\"async\" class=\"alignnone wp-image-1574\" src=\"https:\/\/dunod-formation.com\/portail\/wp-content\/uploads\/2025\/06\/bandeau_elearning_quisommesnous-300x133.jpg\" alt=\"\" width=\"505\" height=\"224\" srcset=\"https:\/\/dunod-formation.com\/portail\/wp-content\/uploads\/2025\/06\/bandeau_elearning_quisommesnous-300x133.jpg 300w, https:\/\/dunod-formation.com\/portail\/wp-content\/uploads\/2025\/06\/bandeau_elearning_quisommesnous-1024x453.jpg 1024w, https:\/\/dunod-formation.com\/portail\/wp-content\/uploads\/2025\/06\/bandeau_elearning_quisommesnous-768x340.jpg 768w, https:\/\/dunod-formation.com\/portail\/wp-content\/uploads\/2025\/06\/bandeau_elearning_quisommesnous-1536x680.jpg 1536w, https:\/\/dunod-formation.com\/portail\/wp-content\/uploads\/2025\/06\/bandeau_elearning_quisommesnous.jpg 1644w\" sizes=\"auto, (max-width: 505px) 100vw, 505px\" \/><\/p>\n<p>&nbsp;<\/p>\n<h2>Favoriser les interactions en direct avec nos formateurs<\/h2>\n<h2><img loading=\"lazy\" decoding=\"async\" class=\"alignnone wp-image-1575\" src=\"https:\/\/dunod-formation.com\/portail\/wp-content\/uploads\/2025\/06\/bandeau_cv_quisommesnous-300x100.jpg\" alt=\"\" width=\"501\" height=\"167\" srcset=\"https:\/\/dunod-formation.com\/portail\/wp-content\/uploads\/2025\/06\/bandeau_cv_quisommesnous-300x100.jpg 300w, https:\/\/dunod-formation.com\/portail\/wp-content\/uploads\/2025\/06\/bandeau_cv_quisommesnous-1024x341.jpg 1024w, https:\/\/dunod-formation.com\/portail\/wp-content\/uploads\/2025\/06\/bandeau_cv_quisommesnous-768x256.jpg 768w, https:\/\/dunod-formation.com\/portail\/wp-content\/uploads\/2025\/06\/bandeau_cv_quisommesnous.jpg 1113w\" sizes=\"auto, (max-width: 501px) 100vw, 501px\" \/><\/h2>\n<p>&nbsp;<\/p>\n<h2>En r\u00e9sum\u00e9\u202f: 8 bonnes raisons de choisir les formations digitales de Dunod !<\/h2>\n<blockquote>\n<p style=\"text-align: right;\"><em>Conscients de l\u2019enjeu de formation des professionnels de la petite enfance au service d&rsquo;un meilleur accueil des jeunes enfants, nous avons con\u00e7u des formations uniques en leur genre\u202f:<\/em><\/p>\n<\/blockquote>\n<h4><strong>1. P\u00e9dagogiques :\u00a0<\/strong><\/h4>\n<ul>\n<li>pour stimuler le plaisir d\u2019apprendre, dans un environnement graphique chaleureux, propice \u00e0 l&rsquo;\u00e9change ;<\/li>\n<li>donner\u00a0\u00e0 r\u00e9fl\u00e9chir avec des activit\u00e9s\u00a0et ressources p\u00e9dagogiques\u00a0vari\u00e9es\u202f: quiz, vid\u00e9os, dessins, fiches m\u00e9mos, infographies, \u2026<\/li>\n<li>pour permettre de se poser les bonnes questions.<\/li>\n<\/ul>\n<p>&nbsp;<\/p>\n<h4><strong>2. Op\u00e9rationnelles\u202f<\/strong>:<\/h4>\n<ul>\n<li>pour progresser en termes de savoir-faire et de savoir-\u00eatre ;<\/li>\n<li>pour interroger et conforter ses pratiques ;<\/li>\n<li>pour prendre du recul et remettre du sens.<\/li>\n<\/ul>\n<p>&nbsp;<\/p>\n<h4><strong>3. \u00c9conomiques\u202f:<\/strong><\/h4>\n<ul>\n<li>pour se former \u00e0 moindre co\u00fbt ;<\/li>\n<li>des formations actuellement prises en charge \u00e0 100% par les OPCO du secteur.<\/li>\n<\/ul>\n<p>&nbsp;<\/p>\n<h4><strong>4. Flexibles\u202f:\u00a0<\/strong><\/h4>\n<ul>\n<li>pour acqu\u00e9rir des comp\u00e9tences \u00e0 un rythme adapt\u00e9 \u00e0 votre disponibilit\u00e9 ;<\/li>\n<li>acc\u00e8s multi-supports depuis un ordinateur, une tablette ou un smartphone ;<\/li>\n<li>d\u00e9marrage de la formation \u00e0 tout moment ;<\/li>\n<li>les formations sont accessibles 7j\/7 et 24h\/24.<\/li>\n<\/ul>\n<p>&nbsp;<\/p>\n<h4><strong>5. Valorisantes<\/strong>\u202f:<\/h4>\n<p>\u00c0\u00a0l\u2019issue du Grand BabyQuiz, chaque apprenant re\u00e7oit par mail une attestation de r\u00e9ussite nominative le cas \u00e9ch\u00e9ant (au moins 50% de bonnes r\u00e9ponses), gage de son engagement et de son assiduit\u00e9 lors de sa formation.<\/p>\n<p>&nbsp;<\/p>\n<h4><strong>6. Interactives\u202f:\u00a0<\/strong><\/h4>\n<ul>\n<li>La plate-forme favorise les interactions apprenants\u202f: commenter un sujet, poser une question\u00a0 directement sur l&rsquo;activit\u00e9 concern\u00e9e. Nos ing\u00e9nieurs p\u00e9dagogiques y r\u00e9pondent dans la journ\u00e9e. Les managers de cr\u00e8ches et les r\u00e9f\u00e9rents formation peuvent \u00e9galement apporter des r\u00e9ponses, r\u00e9agir et interagir entre eux. Les r\u00e9ponses profitent \u00e0 tous.<\/li>\n<\/ul>\n<ul>\n<li>Les apprenants\u00a0ont\u00a0\u00e9galement\u00a0un acc\u00e8s illimit\u00e9 \u00e0 notre groupe de discussion Facebook pour \u00e9changer pendant et \u00e0 l\u2019issue de la formation<\/li>\n<\/ul>\n<p>&nbsp;<\/p>\n<h4><strong>7. Personnalis\u00e9es\u202f:<\/strong><\/h4>\n<ul>\n<li>Vous\u00a0b\u00e9n\u00e9ficiez\u00a0d\u2019un espace de formation d\u00e9di\u00e9\u00a0\u00e0 votre structure et personnalis\u00e9 pour vos groupes d\u2019apprenants (message d\u2019accueil, logo, \u2026)<\/li>\n<\/ul>\n<p>&nbsp;<\/p>\n<h4><strong>8. \u00c0 l\u2019efficacit\u00e9 mesurable<\/strong>\u202f:<\/h4>\n<ul>\n<li>Les responsables de lieux d\u2019accueil et les r\u00e9f\u00e9rents p\u00e9dagogiques b\u00e9n\u00e9ficient d\u2019acc\u00e8s d\u00e9di\u00e9s \u00e0 la plate-forme pour consulter les tableaux de bord de suivi de la progression des apprenants et maintenir la dynamique de groupe.<\/li>\n<li>Les indicateurs de suivi et d&rsquo;engagement de la plate-forme \u2013 avancement dans la formation, temps pass\u00e9, scores obtenus aux quiz, niveau d&rsquo;activit\u00e9 sociale (questions, commentaires), compl\u00e9tion de la formation, etc. \u2013 vous permettent de piloter vos actions\u00a0 de formation et de mieux en mesurer l&rsquo;impact.<\/li>\n<\/ul>\n<p>&nbsp;<\/p>\n<h2><span data-contrast=\"auto\">D\u00e9marche qualit\u00e9 de Dunod, organisme de formation.<\/span><span data-ccp-props=\"{}\">\u00a0<\/span><\/h2>\n<p>&nbsp;<\/p>\n<p><span data-contrast=\"auto\">Notre num\u00e9ro de d\u00e9claration d\u2019activit\u00e9 en tant qu\u2019organisme de formation est le 11922225992<\/span><span data-ccp-props=\"{}\">\u00a0<\/span><\/p>\n<p><b><span data-contrast=\"auto\">DUNOD \u00c9DITEUR, titulaire de la certification Qualiopi<\/span><\/b><span data-contrast=\"auto\">\u00a0selon les exigences de la certification vis\u00e9es \u00e0 l\u2019article L.6316-1 du code du travail, pour son processus de r\u00e9alisation des cat\u00e9gories d\u2019actions de d\u00e9veloppement des comp\u00e9tences suivantes : \u00ab Actions de formation \u00bb.<\/span><span data-ccp-props=\"{}\">\u00a0<\/span><\/p>\n<p><span data-contrast=\"auto\">D\u00e9couvrez la\u00a0<\/span><a href=\"https:\/\/dunod-formation.com\/petite-enfance\/demarche-qualite\/\"><span data-contrast=\"none\">d\u00e9marche qualit\u00e9<\/span><\/a><span data-contrast=\"auto\">\u00a0de l\u2019organisme de formation de Dunod Editeur.<\/span><span data-ccp-props=\"{}\">\u00a0<\/span><\/p>\n<p>&nbsp;<\/p>\n<p>&nbsp;<\/p>\n<h2><span data-contrast=\"auto\">Vos contacts\u202f<\/span><\/h2>\n<p><span data-contrast=\"auto\">Pour toute information sur nos activit\u00e9s de formation sur \u00e9tag\u00e8re ou sur mesure, n\u2019h\u00e9sitez pas \u00e0\u00a0<a href=\"https:\/\/dunod-formation.com\/soft-skills\/dunod\/digital-learning@dunod.com\">nous contacter<\/a>\u00a0:\u00a0<\/span><a href=\"mailto:digital-learning@dunod.com\"><span data-contrast=\"none\">digital-learning@dunod.com<\/span><\/a><span data-contrast=\"auto\">.<\/span><span data-ccp-props=\"{}\">\u00a0<\/span><\/p>\n<p><span data-contrast=\"auto\">Notre \u00e9quipe sera \u00e0 votre \u00e9coute pour r\u00e9pondre au mieux \u00e0 vos besoins.<\/span><span data-ccp-props=\"{}\">\u00a0<\/span><\/p>\n<p>&nbsp;<\/p>\n<p>&nbsp;<\/p>\n<p>Date de derni\u00e8re modification : 20 juin 2025.<\/p>\n","protected":false},"excerpt":{"rendered":"<p>V\u00e9ritable alternative au tout pr\u00e9sentiel &nbsp; Choisir le distanciel c&rsquo;est se former tout au long de l\u2019ann\u00e9e, sans y consacrer une journ\u00e9e compl\u00e8te et sans se d\u00e9placer ! Une plateforme e-learning offrant une succession d\u2019activit\u00e9s rythm\u00e9es et vivantes ! &nbsp; Favoriser les interactions en direct avec nos formateurs &nbsp; En r\u00e9sum\u00e9\u202f: 8 bonnes raisons de [&#8230;]<\/p>\n<p><a class=\"btn btn-secondary understrap-read-more-link\" href=\"https:\/\/dunod-formation.com\/portail\/pourquoi-choisir-dunod-formation\/\">Lire la suite\u2026<span class=\"screen-reader-text\"> from Pourquoi choisir Dunod Formation ? Notre p\u00e9dagogie<\/span><\/a><\/p>\n","protected":false},"author":1,"featured_media":0,"parent":0,"menu_order":0,"comment_status":"closed","ping_status":"closed","template":"","meta":{"footnotes":""},"class_list":["post-630","page","type-page","status-publish","hentry"],"yoast_head":"<!-- This site is optimized with the Yoast SEO plugin v19.13 - https:\/\/yoast.com\/wordpress\/plugins\/seo\/ -->\n<title>Pourquoi choisir Dunod Formation ? Notre p\u00e9dagogie - Dunod Formation<\/title>\n<meta name=\"robots\" content=\"index, follow, max-snippet:-1, max-image-preview:large, max-video-preview:-1\" \/>\n<link rel=\"canonical\" href=\"https:\/\/dunod-formation.com\/portail\/pourquoi-choisir-dunod-formation\/\" \/>\n<meta property=\"og:locale\" content=\"fr_FR\" \/>\n<meta property=\"og:type\" content=\"article\" \/>\n<meta property=\"og:title\" content=\"Pourquoi choisir Dunod Formation ? Notre p\u00e9dagogie - Dunod Formation\" \/>\n<meta property=\"og:description\" content=\"V\u00e9ritable alternative au tout pr\u00e9sentiel &nbsp; Choisir le distanciel c&rsquo;est se former tout au long de l\u2019ann\u00e9e, sans y consacrer une journ\u00e9e compl\u00e8te et sans se d\u00e9placer ! Une plateforme e-learning offrant une succession d\u2019activit\u00e9s rythm\u00e9es et vivantes ! &nbsp; Favoriser les interactions en direct avec nos formateurs &nbsp; En r\u00e9sum\u00e9\u202f: 8 bonnes raisons de [...]Lire la suite\u2026 from Pourquoi choisir Dunod Formation ? Notre p\u00e9dagogie\" \/>\n<meta property=\"og:url\" content=\"https:\/\/dunod-formation.com\/portail\/pourquoi-choisir-dunod-formation\/\" \/>\n<meta property=\"og:site_name\" content=\"Dunod Formation\" \/>\n<meta property=\"article:modified_time\" content=\"2025-06-30T15:29:24+00:00\" \/>\n<meta property=\"og:image\" content=\"https:\/\/dunod-formation.com\/portail\/wp-content\/uploads\/2025\/06\/bandeau_elearning_quisommesnous-300x133.jpg\" \/>\n<meta name=\"twitter:card\" content=\"summary_large_image\" \/>\n<script type=\"application\/ld+json\" class=\"yoast-schema-graph\">{\"@context\":\"https:\/\/schema.org\",\"@graph\":[{\"@type\":\"WebPage\",\"@id\":\"https:\/\/dunod-formation.com\/portail\/pourquoi-choisir-dunod-formation\/\",\"url\":\"https:\/\/dunod-formation.com\/portail\/pourquoi-choisir-dunod-formation\/\",\"name\":\"Pourquoi choisir Dunod Formation ? Notre p\u00e9dagogie - Dunod Formation\",\"isPartOf\":{\"@id\":\"https:\/\/dunod-formation.com\/portail\/#website\"},\"datePublished\":\"2020-11-04T16:57:51+00:00\",\"dateModified\":\"2025-06-30T15:29:24+00:00\",\"breadcrumb\":{\"@id\":\"https:\/\/dunod-formation.com\/portail\/pourquoi-choisir-dunod-formation\/#breadcrumb\"},\"inLanguage\":\"fr-FR\",\"potentialAction\":[{\"@type\":\"ReadAction\",\"target\":[\"https:\/\/dunod-formation.com\/portail\/pourquoi-choisir-dunod-formation\/\"]}]},{\"@type\":\"BreadcrumbList\",\"@id\":\"https:\/\/dunod-formation.com\/portail\/pourquoi-choisir-dunod-formation\/#breadcrumb\",\"itemListElement\":[{\"@type\":\"ListItem\",\"position\":1,\"name\":\"Accueil\",\"item\":\"https:\/\/dunod-formation.com\/portail\/\"},{\"@type\":\"ListItem\",\"position\":2,\"name\":\"Pourquoi choisir Dunod Formation ? Notre p\u00e9dagogie\"}]},{\"@type\":\"WebSite\",\"@id\":\"https:\/\/dunod-formation.com\/portail\/#website\",\"url\":\"https:\/\/dunod-formation.com\/portail\/\",\"name\":\"Dunod Formation\",\"description\":\"La formation 100% en ligne pour les professionnels\",\"potentialAction\":[{\"@type\":\"SearchAction\",\"target\":{\"@type\":\"EntryPoint\",\"urlTemplate\":\"https:\/\/dunod-formation.com\/portail\/?s={search_term_string}\"},\"query-input\":\"required name=search_term_string\"}],\"inLanguage\":\"fr-FR\"}]}<\/script>\n<!-- \/ Yoast SEO plugin. -->","yoast_head_json":{"title":"Pourquoi choisir Dunod Formation ? Notre p\u00e9dagogie - Dunod Formation","robots":{"index":"index","follow":"follow","max-snippet":"max-snippet:-1","max-image-preview":"max-image-preview:large","max-video-preview":"max-video-preview:-1"},"canonical":"https:\/\/dunod-formation.com\/portail\/pourquoi-choisir-dunod-formation\/","og_locale":"fr_FR","og_type":"article","og_title":"Pourquoi choisir Dunod Formation ? Notre p\u00e9dagogie - Dunod Formation","og_description":"V\u00e9ritable alternative au tout pr\u00e9sentiel &nbsp; Choisir le distanciel c&rsquo;est se former tout au long de l\u2019ann\u00e9e, sans y consacrer une journ\u00e9e compl\u00e8te et sans se d\u00e9placer ! Une plateforme e-learning offrant une succession d\u2019activit\u00e9s rythm\u00e9es et vivantes ! &nbsp; Favoriser les interactions en direct avec nos formateurs &nbsp; En r\u00e9sum\u00e9\u202f: 8 bonnes raisons de [...]Lire la suite\u2026 from Pourquoi choisir Dunod Formation ? Notre p\u00e9dagogie","og_url":"https:\/\/dunod-formation.com\/portail\/pourquoi-choisir-dunod-formation\/","og_site_name":"Dunod Formation","article_modified_time":"2025-06-30T15:29:24+00:00","og_image":[{"url":"https:\/\/dunod-formation.com\/portail\/wp-content\/uploads\/2025\/06\/bandeau_elearning_quisommesnous-300x133.jpg"}],"twitter_card":"summary_large_image","schema":{"@context":"https:\/\/schema.org","@graph":[{"@type":"WebPage","@id":"https:\/\/dunod-formation.com\/portail\/pourquoi-choisir-dunod-formation\/","url":"https:\/\/dunod-formation.com\/portail\/pourquoi-choisir-dunod-formation\/","name":"Pourquoi choisir Dunod Formation ? Notre p\u00e9dagogie - Dunod Formation","isPartOf":{"@id":"https:\/\/dunod-formation.com\/portail\/#website"},"datePublished":"2020-11-04T16:57:51+00:00","dateModified":"2025-06-30T15:29:24+00:00","breadcrumb":{"@id":"https:\/\/dunod-formation.com\/portail\/pourquoi-choisir-dunod-formation\/#breadcrumb"},"inLanguage":"fr-FR","potentialAction":[{"@type":"ReadAction","target":["https:\/\/dunod-formation.com\/portail\/pourquoi-choisir-dunod-formation\/"]}]},{"@type":"BreadcrumbList","@id":"https:\/\/dunod-formation.com\/portail\/pourquoi-choisir-dunod-formation\/#breadcrumb","itemListElement":[{"@type":"ListItem","position":1,"name":"Accueil","item":"https:\/\/dunod-formation.com\/portail\/"},{"@type":"ListItem","position":2,"name":"Pourquoi choisir Dunod Formation ? Notre p\u00e9dagogie"}]},{"@type":"WebSite","@id":"https:\/\/dunod-formation.com\/portail\/#website","url":"https:\/\/dunod-formation.com\/portail\/","name":"Dunod Formation","description":"La formation 100% en ligne pour les professionnels","potentialAction":[{"@type":"SearchAction","target":{"@type":"EntryPoint","urlTemplate":"https:\/\/dunod-formation.com\/portail\/?s={search_term_string}"},"query-input":"required name=search_term_string"}],"inLanguage":"fr-FR"}]}},"_links":{"self":[{"href":"https:\/\/dunod-formation.com\/portail\/wp-json\/wp\/v2\/pages\/630","targetHints":{"allow":["GET"]}}],"collection":[{"href":"https:\/\/dunod-formation.com\/portail\/wp-json\/wp\/v2\/pages"}],"about":[{"href":"https:\/\/dunod-formation.com\/portail\/wp-json\/wp\/v2\/types\/page"}],"author":[{"embeddable":true,"href":"https:\/\/dunod-formation.com\/portail\/wp-json\/wp\/v2\/users\/1"}],"replies":[{"embeddable":true,"href":"https:\/\/dunod-formation.com\/portail\/wp-json\/wp\/v2\/comments?post=630"}],"version-history":[{"count":40,"href":"https:\/\/dunod-formation.com\/portail\/wp-json\/wp\/v2\/pages\/630\/revisions"}],"predecessor-version":[{"id":1584,"href":"https:\/\/dunod-formation.com\/portail\/wp-json\/wp\/v2\/pages\/630\/revisions\/1584"}],"wp:attachment":[{"href":"https:\/\/dunod-formation.com\/portail\/wp-json\/wp\/v2\/media?parent=630"}],"curies":[{"name":"wp","href":"https:\/\/api.w.org\/{rel}","templated":true}]}}