{"id":882,"date":"2020-11-13T15:26:38","date_gmt":"2020-11-13T14:26:38","guid":{"rendered":"https:\/\/dunod-formation.com\/portail\/?page_id=882"},"modified":"2026-04-30T13:16:04","modified_gmt":"2026-04-30T11:16:04","slug":"accessibilite","status":"publish","type":"page","link":"https:\/\/dunod-formation.com\/portail\/accessibilite\/","title":{"rendered":"Accessibilit\u00e9 et compensation du handicap en formation"},"content":{"rendered":"<h2>1\/ Petite Enfance, Soft Skills : une m\u00eame d\u00e9marche de formation inclusive<\/h2>\n<p>Participer \u00e0 la construction d\u2019une<strong> soci\u00e9t\u00e9 inclusive<\/strong> d\u00e8s le plus jeune \u00e2ge est un enjeu essentiel pour tous les m\u00e9tiers.<\/p>\n<p>Former aux soft skills, c\u2019est favoriser la <strong>performance durable des organisations<\/strong>, valoriser ce qui nous rend unique et transformer nos <strong>vuln\u00e9rabilit\u00e9s<\/strong> et exp\u00e9riences de vie en expertises qui <strong>enrichissent le collectif<\/strong>. Les organisations en ont besoin.<\/p>\n<p>\u00c0 ce titre, Dunod souhaite permettre \u00e0 toute personne souhaitant d\u00e9velopper ses <strong>comp\u00e9tences<\/strong> et son <strong>employabilit\u00e9<\/strong> dans les m\u00e9tiers de la petite enfance ou dans d&rsquo;autres m\u00e9tiers de b\u00e9n\u00e9ficier de la meilleure <strong>exp\u00e9rience d\u2019apprentissage<\/strong> possible.<\/p>\n<p>Dunod est une entit\u00e9 du Groupe Hachette Livre. La page <a href=\"https:\/\/dunod-formation.com\/portail\/demarche-qualite\/\" rel=\"noopener noreferrer\">D\u00e9marche qualit\u00e9 de Dunod<\/a>\u00a0rappelle notamment les engagements du Groupe Hachette Livre, au travers de sa <strong>Mission Handicap<\/strong>, pour :<\/p>\n<ul class=\"mb-3\">\n<li>promouvoir la diversit\u00e9 et l\u2019inclusion dans les soci\u00e9t\u00e9s du Groupe ;<\/li>\n<li>promouvoir une qualit\u00e9 d\u2019accueil des personnes en situation de handicap (actions de sensibilisation des collaborateurs, <strong>d\u00e9marche d\u2019accessibilit\u00e9 des services num\u00e9riques<\/strong>) ;<\/li>\n<li>coconstruire les solutions d\u2019adaptation aux situations particuli\u00e8res, en s\u2019appuyant notamment sur un r\u00e9seau de partenaires<\/li>\n<\/ul>\n<p><strong>Notre \u00e9quipe<\/strong> est sensibilis\u00e9e \u00e0 la prise en compte des situations de handicap (permanents, temporaires, visibles, invisibles) en formation, de l&rsquo;audit des besoins \u00e0 l&rsquo;am\u00e9lioration continue des prestations propos\u00e9es. Nos<strong> formateurs<\/strong> nous partagent \u00e9galement chaque ann\u00e9e leurs initiatives de formation et de mise en place de bonnes pratiques en mati\u00e8re d&rsquo;accessibilit\u00e9 et d&rsquo;accompagnement adapt\u00e9.<\/p>\n<h2 class=\"mb-3\">2\/ Partager une m\u00eame qualit\u00e9 d\u2019exp\u00e9rience d\u2019apprentissage : nos engagements<\/h2>\n<p>Dans le cadre de la <a href=\"https:\/\/dunod-formation.com\/portail\/demarche-qualite\/\" target=\"_blank\" rel=\"noopener noreferrer\">certification nationale qualit\u00e9 Qualiopi<\/a>, cat\u00e9gorie \u00ab\u00a0Actions de formation\u00a0\u00bb, Dunod, organisme de formation, renforce sa d\u00e9marche :<\/p>\n<ul class=\"mb-3\">\n<li>de <strong>sensibilisation<\/strong> de ses collaborateurs et parties prenantes aux diff\u00e9rentes situations de handicap ;<\/li>\n<li>de <strong>qualit\u00e9 d\u2019accueil<\/strong> des personnes en situation de handicap souhaitant d\u00e9couvrir nos formations (commanditaire et\/ou r\u00e9f\u00e9rent(s) p\u00e9dagogique(s) et\/ou apprenant(s)) ;<\/li>\n<li>d\u2019<strong>anticipation des besoins d\u2019adaptation et d\u2019accompagnement sp\u00e9cifiques<\/strong> \u00e9ventuellement requis : incitation des personnes \u00e0 faire conna\u00eetre leurs besoins en utilisant la rubrique Contacts de cette page en vue d\u2019\u00e9changes personnalis\u00e9s et\/ou de mises en relation compl\u00e9mentaires ;<\/li>\n<li>de <strong>travail en r\u00e9seau<\/strong>, et notamment avec des experts en compensation du handicap, pour coconcevoir, avec l\u2019accord de la personne concern\u00e9e, les solutions les plus adapt\u00e9es au besoin de compensation rencontr\u00e9, les besoins de financement compl\u00e9mentaires \u00e9ventuellement requis, etc.<\/li>\n<\/ul>\n<h2 class=\"mb-3\">3\/ Accessibilit\u00e9 des formations Dunod Petite Enfance<\/h2>\n<p>Consulter la page <a href=\"https:\/\/dunod-formation.com\/petite-enfance\/accessibilite\/\" target=\"_blank\" rel=\"noopener\">Dunod Formation Petite Enfance : Accessibilit\u00e9 et compensation du handicap en formation<\/a>.<\/p>\n<h2 class=\"mb-3\">4\/ Accessibilit\u00e9 des formations Dunod Soft Skills<\/h2>\n<p>Consulter la page <a href=\"https:\/\/dunod-formation.com\/soft-skills\/accessibilite\/\" target=\"_blank\" rel=\"noopener\">Dunod Formation Soft Skills : Accessibilit\u00e9 et compensation du handicap en formation<\/a>.<\/p>\n<h2 class=\"mb-3\">5\/ Adaptation de la prestation de formation aux situations particuli\u00e8res<\/h2>\n<p>Pour toute <strong>question<\/strong> et\/ou demande d\u2019<strong>adaptation(s)<\/strong> d\u2019une prestation de formation (parcours de formation digitale, classe virtuelle, suivi d&rsquo;une session en pr\u00e9sentiel) \u00e0 des <strong>besoins sp\u00e9cifiques <\/strong>comme, par exemple :<\/p>\n<ul class=\"mb-3\">\n<li>l\u2019acc\u00e8s \u00e0 la formation, qu&rsquo;il s&rsquo;agisse d&rsquo;une <strong>formation \u00e0 distance<\/strong> ou dans un<strong> lieu en pr\u00e9sentiel<\/strong>.<\/li>\n<li>l&rsquo;adaptation de la dur\u00e9e d\u2019acc\u00e8s \u00e0 la formation,<\/li>\n<li>et\/ou l\u2019aide \u00e0 l\u2019am\u00e9nagement du rythme de suivi de la formation,<\/li>\n<li>et\/ou l\u2019adaptation de l\u2019organisation du parcours,<\/li>\n<li>et\/ou l\u2019adaptation des ressources ou supports p\u00e9dagogiques, des quiz d\u2019\u00e9valuation au fil des modules et du quiz d\u2019\u00e9valuation finale,<\/li>\n<li>et\/ou la n\u00e9cessit\u00e9 d&rsquo;un besoin d&rsquo;accompagnement sp\u00e9cifique\u2026<\/li>\n<\/ul>\n<p>Les personnes en situation de handicap peuvent contacter DUNOD \u00c9DITEUR en toute confidentialit\u00e9 en utilisant la rubrique Contacts de cette page. \u00c0 cette occasion, elles peuvent \u00e9galement pr\u00e9ciser si elles souhaitent \u00eatre mises en contact avec un interlocuteur de la <strong>Mission Handicap du Groupe Hachette Livre<\/strong>.<\/p>\n<h2 class=\"mb-3\">6\/ Accessibilit\u00e9 : vos contacts<\/h2>\n<p>Lors de l&rsquo;<strong>\u00e9valuation de vos besoins de formation<\/strong>, nous \u00e9changeons sur vos \u00e9ventuels besoins d&rsquo;adaptation de nos prestations en fonction de votre situation de handicap (parcours de formations \u00e0 distance, classes virtuelles, prestations de formation en pr\u00e9sentiel).<\/p>\n<p>\u00c0 compter du d\u00e9marrage des formations (actions de formation en ligne ou en pr\u00e9sentiel) et dans le cadre de l&rsquo;Assistance p\u00e9dagogique et technique, nous incitons \u00e9galement les apprenants \u00e0 nous contacter pour toute assistance li\u00e9e aux questions d&rsquo;accessibilit\u00e9.<\/p>\n<p>Pour toute remarque ou question compl\u00e9mentaire concernant :<\/p>\n<ul class=\"mb-3\">\n<li>L\u2019accessibilit\u00e9 des informations diffus\u00e9es sur les prestations de formation de Dunod,<\/li>\n<li>L\u2019accessibilit\u00e9 des prestations de formation de Dunod aux personnes en situation de handicap,<\/li>\n<\/ul>\n<p>Vous pouvez utiliser :<\/p>\n<ul class=\"mb-3\">\n<li><a href=\"https:\/\/dunod-formation.com\/petite-enfance\/contact\/\" target=\"_blank\" rel=\"noopener noreferrer\">le formulaire de contact<\/a> du pr\u00e9sent site, en veillant \u00e0 pr\u00e9ciser au maximum votre demande ;<\/li>\n<li>Contacter le<strong> R\u00e9f\u00e9rent Handicap Dunod Formation<\/strong> : Astrid de Roquemaurel :\u00a0<a href=\"mailto:digital-learning@dunod.com\">digital-learning@dunod.com<\/a>.<br \/>\n\u00c0 cette occasion, vous pouvez \u00e9galement pr\u00e9ciser si vous souhaitez \u00eatre mis en relation avec un interlocuteur de la <strong>Mission Handicap du Groupe Hachette Livre.<\/strong><\/li>\n<li>t\u00e9l\u00e9phone Relations Client Dunod : 0 820 800 500 (0.12\u20ac TTC\/minute) du lundi au vendredi de 9h00 \u00e0 12h30 et de 14h00 \u00e0 17h00.<\/li>\n<\/ul>\n<p>Plus g\u00e9n\u00e9ralement, nous pouvons collaborer avec des acteurs sp\u00e9cialis\u00e9s dans la prise en compte de situations sp\u00e9cifiques.<\/p>\n<p>&nbsp;<\/p>\n<p><span style=\"background-color: var(--bs-body-bg); color: var(--bs-body-color); font-family: var(--bs-body-font-family); font-size: var(--bs-body-font-size); font-weight: var(--bs-body-font-weight); text-align: var(--bs-body-text-align);\">Date de derni\u00e8re modification : 5 f\u00e9vrier 2026.<\/span><\/p>\n","protected":false},"excerpt":{"rendered":"<p>1\/ Petite Enfance, Soft Skills : une m\u00eame d\u00e9marche de formation inclusive Participer \u00e0 la construction d\u2019une soci\u00e9t\u00e9 inclusive d\u00e8s le plus jeune \u00e2ge est un enjeu essentiel pour tous les m\u00e9tiers. Former aux soft skills, c\u2019est favoriser la performance durable des organisations, valoriser ce qui nous rend unique et transformer nos vuln\u00e9rabilit\u00e9s et exp\u00e9riences [&#8230;]<\/p>\n<p><a class=\"btn btn-secondary understrap-read-more-link\" href=\"https:\/\/dunod-formation.com\/portail\/accessibilite\/\">Lire la suite\u2026<span class=\"screen-reader-text\"> from Accessibilit\u00e9 et compensation du handicap en formation<\/span><\/a><\/p>\n","protected":false},"author":1,"featured_media":0,"parent":0,"menu_order":0,"comment_status":"closed","ping_status":"closed","template":"","meta":{"footnotes":""},"class_list":["post-882","page","type-page","status-publish","hentry"],"yoast_head":"<!-- This site is optimized with the Yoast SEO plugin v19.13 - https:\/\/yoast.com\/wordpress\/plugins\/seo\/ -->\n<title>Accessibilit\u00e9 et compensation du handicap en formation - Dunod Formation<\/title>\n<meta name=\"robots\" content=\"index, follow, max-snippet:-1, max-image-preview:large, max-video-preview:-1\" \/>\n<link rel=\"canonical\" href=\"https:\/\/dunod-formation.com\/portail\/accessibilite\/\" \/>\n<meta property=\"og:locale\" content=\"fr_FR\" \/>\n<meta property=\"og:type\" content=\"article\" \/>\n<meta property=\"og:title\" content=\"Accessibilit\u00e9 et compensation du handicap en formation - Dunod Formation\" \/>\n<meta property=\"og:description\" content=\"1\/ Petite Enfance, Soft Skills : une m\u00eame d\u00e9marche de formation inclusive Participer \u00e0 la construction d\u2019une soci\u00e9t\u00e9 inclusive d\u00e8s le plus jeune \u00e2ge est un enjeu essentiel pour tous les m\u00e9tiers. Former aux soft skills, c\u2019est favoriser la performance durable des organisations, valoriser ce qui nous rend unique et transformer nos vuln\u00e9rabilit\u00e9s et exp\u00e9riences [...]Lire la suite\u2026 from Accessibilit\u00e9 et compensation du handicap en formation\" \/>\n<meta property=\"og:url\" content=\"https:\/\/dunod-formation.com\/portail\/accessibilite\/\" \/>\n<meta property=\"og:site_name\" content=\"Dunod Formation\" \/>\n<meta property=\"article:modified_time\" content=\"2026-04-30T11:16:04+00:00\" \/>\n<meta name=\"twitter:card\" content=\"summary_large_image\" \/>\n<script type=\"application\/ld+json\" class=\"yoast-schema-graph\">{\"@context\":\"https:\/\/schema.org\",\"@graph\":[{\"@type\":\"WebPage\",\"@id\":\"https:\/\/dunod-formation.com\/portail\/accessibilite\/\",\"url\":\"https:\/\/dunod-formation.com\/portail\/accessibilite\/\",\"name\":\"Accessibilit\u00e9 et compensation du handicap en formation - Dunod Formation\",\"isPartOf\":{\"@id\":\"https:\/\/dunod-formation.com\/portail\/#website\"},\"datePublished\":\"2020-11-13T14:26:38+00:00\",\"dateModified\":\"2026-04-30T11:16:04+00:00\",\"breadcrumb\":{\"@id\":\"https:\/\/dunod-formation.com\/portail\/accessibilite\/#breadcrumb\"},\"inLanguage\":\"fr-FR\",\"potentialAction\":[{\"@type\":\"ReadAction\",\"target\":[\"https:\/\/dunod-formation.com\/portail\/accessibilite\/\"]}]},{\"@type\":\"BreadcrumbList\",\"@id\":\"https:\/\/dunod-formation.com\/portail\/accessibilite\/#breadcrumb\",\"itemListElement\":[{\"@type\":\"ListItem\",\"position\":1,\"name\":\"Accueil\",\"item\":\"https:\/\/dunod-formation.com\/portail\/\"},{\"@type\":\"ListItem\",\"position\":2,\"name\":\"Accessibilit\u00e9 et compensation du handicap en formation\"}]},{\"@type\":\"WebSite\",\"@id\":\"https:\/\/dunod-formation.com\/portail\/#website\",\"url\":\"https:\/\/dunod-formation.com\/portail\/\",\"name\":\"Dunod Formation\",\"description\":\"La formation 100% en ligne pour les professionnels\",\"potentialAction\":[{\"@type\":\"SearchAction\",\"target\":{\"@type\":\"EntryPoint\",\"urlTemplate\":\"https:\/\/dunod-formation.com\/portail\/?s={search_term_string}\"},\"query-input\":\"required name=search_term_string\"}],\"inLanguage\":\"fr-FR\"}]}<\/script>\n<!-- \/ Yoast SEO plugin. -->","yoast_head_json":{"title":"Accessibilit\u00e9 et compensation du handicap en formation - Dunod Formation","robots":{"index":"index","follow":"follow","max-snippet":"max-snippet:-1","max-image-preview":"max-image-preview:large","max-video-preview":"max-video-preview:-1"},"canonical":"https:\/\/dunod-formation.com\/portail\/accessibilite\/","og_locale":"fr_FR","og_type":"article","og_title":"Accessibilit\u00e9 et compensation du handicap en formation - Dunod Formation","og_description":"1\/ Petite Enfance, Soft Skills : une m\u00eame d\u00e9marche de formation inclusive Participer \u00e0 la construction d\u2019une soci\u00e9t\u00e9 inclusive d\u00e8s le plus jeune \u00e2ge est un enjeu essentiel pour tous les m\u00e9tiers. Former aux soft skills, c\u2019est favoriser la performance durable des organisations, valoriser ce qui nous rend unique et transformer nos vuln\u00e9rabilit\u00e9s et exp\u00e9riences [...]Lire la suite\u2026 from Accessibilit\u00e9 et compensation du handicap en formation","og_url":"https:\/\/dunod-formation.com\/portail\/accessibilite\/","og_site_name":"Dunod Formation","article_modified_time":"2026-04-30T11:16:04+00:00","twitter_card":"summary_large_image","schema":{"@context":"https:\/\/schema.org","@graph":[{"@type":"WebPage","@id":"https:\/\/dunod-formation.com\/portail\/accessibilite\/","url":"https:\/\/dunod-formation.com\/portail\/accessibilite\/","name":"Accessibilit\u00e9 et compensation du handicap en formation - Dunod Formation","isPartOf":{"@id":"https:\/\/dunod-formation.com\/portail\/#website"},"datePublished":"2020-11-13T14:26:38+00:00","dateModified":"2026-04-30T11:16:04+00:00","breadcrumb":{"@id":"https:\/\/dunod-formation.com\/portail\/accessibilite\/#breadcrumb"},"inLanguage":"fr-FR","potentialAction":[{"@type":"ReadAction","target":["https:\/\/dunod-formation.com\/portail\/accessibilite\/"]}]},{"@type":"BreadcrumbList","@id":"https:\/\/dunod-formation.com\/portail\/accessibilite\/#breadcrumb","itemListElement":[{"@type":"ListItem","position":1,"name":"Accueil","item":"https:\/\/dunod-formation.com\/portail\/"},{"@type":"ListItem","position":2,"name":"Accessibilit\u00e9 et compensation du handicap en formation"}]},{"@type":"WebSite","@id":"https:\/\/dunod-formation.com\/portail\/#website","url":"https:\/\/dunod-formation.com\/portail\/","name":"Dunod Formation","description":"La formation 100% en ligne pour les professionnels","potentialAction":[{"@type":"SearchAction","target":{"@type":"EntryPoint","urlTemplate":"https:\/\/dunod-formation.com\/portail\/?s={search_term_string}"},"query-input":"required name=search_term_string"}],"inLanguage":"fr-FR"}]}},"_links":{"self":[{"href":"https:\/\/dunod-formation.com\/portail\/wp-json\/wp\/v2\/pages\/882","targetHints":{"allow":["GET"]}}],"collection":[{"href":"https:\/\/dunod-formation.com\/portail\/wp-json\/wp\/v2\/pages"}],"about":[{"href":"https:\/\/dunod-formation.com\/portail\/wp-json\/wp\/v2\/types\/page"}],"author":[{"embeddable":true,"href":"https:\/\/dunod-formation.com\/portail\/wp-json\/wp\/v2\/users\/1"}],"replies":[{"embeddable":true,"href":"https:\/\/dunod-formation.com\/portail\/wp-json\/wp\/v2\/comments?post=882"}],"version-history":[{"count":31,"href":"https:\/\/dunod-formation.com\/portail\/wp-json\/wp\/v2\/pages\/882\/revisions"}],"predecessor-version":[{"id":1789,"href":"https:\/\/dunod-formation.com\/portail\/wp-json\/wp\/v2\/pages\/882\/revisions\/1789"}],"wp:attachment":[{"href":"https:\/\/dunod-formation.com\/portail\/wp-json\/wp\/v2\/media?parent=882"}],"curies":[{"name":"wp","href":"https:\/\/api.w.org\/{rel}","templated":true}]}}