{"id":9,"date":"2020-10-20T15:06:17","date_gmt":"2020-10-20T13:06:17","guid":{"rendered":"https:\/\/dunod-formation.com\/portail\/?page_id=9"},"modified":"2025-08-18T11:35:18","modified_gmt":"2025-08-18T09:35:18","slug":"en-ligne-avec-vous","status":"publish","type":"page","link":"https:\/\/dunod-formation.com\/portail\/","title":{"rendered":"Accueil"},"content":{"rendered":"","protected":false},"excerpt":{"rendered":"<p> [&#8230;]<\/p>\n<p><a class=\"btn btn-secondary understrap-read-more-link\" href=\"https:\/\/dunod-formation.com\/portail\/\">Lire la suite\u2026<span class=\"screen-reader-text\"> from Accueil<\/span><\/a><\/p>\n","protected":false},"author":1,"featured_media":0,"parent":0,"menu_order":0,"comment_status":"closed","ping_status":"closed","template":"page-templates\/template-accueil.php","meta":{"footnotes":""},"class_list":["post-9","page","type-page","status-publish","hentry"],"yoast_head":"<!-- This site is optimized with the Yoast SEO plugin v19.13 - https:\/\/yoast.com\/wordpress\/plugins\/seo\/ -->\n<title>Dunod Formation<\/title>\n<meta name=\"description\" content=\"Face aux transitions soci\u00e9tale, \u00e9cologique et digitale, aux mutations du travail et aux attentes croissantes des \u00e9quipes (fid\u00e9liser les collaborateurs, redonner du sens au travail), il faut embarquer tous les talents !\" \/>\n<meta name=\"robots\" content=\"index, follow, max-snippet:-1, max-image-preview:large, max-video-preview:-1\" \/>\n<link rel=\"canonical\" href=\"https:\/\/dunod-formation.com\/portail\/\" \/>\n<meta property=\"og:locale\" content=\"fr_FR\" \/>\n<meta property=\"og:type\" content=\"article\" \/>\n<meta property=\"og:title\" content=\"Dunod Formation\" \/>\n<meta property=\"og:description\" content=\"Face aux transitions soci\u00e9tale, \u00e9cologique et digitale, aux mutations du travail et aux attentes croissantes des \u00e9quipes (fid\u00e9liser les collaborateurs, redonner du sens au travail), il faut embarquer tous les talents !\" \/>\n<meta property=\"og:url\" content=\"https:\/\/dunod-formation.com\/portail\/\" \/>\n<meta property=\"og:site_name\" content=\"Dunod Formation\" \/>\n<meta property=\"article:modified_time\" content=\"2025-08-18T09:35:18+00:00\" \/>\n<meta name=\"twitter:card\" content=\"summary_large_image\" \/>\n<script type=\"application\/ld+json\" class=\"yoast-schema-graph\">{\"@context\":\"https:\/\/schema.org\",\"@graph\":[{\"@type\":\"WebPage\",\"@id\":\"https:\/\/dunod-formation.com\/portail\/\",\"url\":\"https:\/\/dunod-formation.com\/portail\/\",\"name\":\"Dunod Formation\",\"isPartOf\":{\"@id\":\"https:\/\/dunod-formation.com\/portail\/#website\"},\"datePublished\":\"2020-10-20T13:06:17+00:00\",\"dateModified\":\"2025-08-18T09:35:18+00:00\",\"description\":\"Face aux transitions soci\u00e9tale, \u00e9cologique et digitale, aux mutations du travail et aux attentes croissantes des \u00e9quipes (fid\u00e9liser les collaborateurs, redonner du sens au travail), il faut embarquer tous les talents !\",\"breadcrumb\":{\"@id\":\"https:\/\/dunod-formation.com\/portail\/#breadcrumb\"},\"inLanguage\":\"fr-FR\",\"potentialAction\":[{\"@type\":\"ReadAction\",\"target\":[\"https:\/\/dunod-formation.com\/portail\/\"]}]},{\"@type\":\"BreadcrumbList\",\"@id\":\"https:\/\/dunod-formation.com\/portail\/#breadcrumb\",\"itemListElement\":[{\"@type\":\"ListItem\",\"position\":1,\"name\":\"Accueil\",\"item\":\"https:\/\/dunod-formation.com\/portail\/\"},{\"@type\":\"ListItem\",\"position\":2,\"name\":\"Accueil\"}]},{\"@type\":\"WebSite\",\"@id\":\"https:\/\/dunod-formation.com\/portail\/#website\",\"url\":\"https:\/\/dunod-formation.com\/portail\/\",\"name\":\"Dunod Formation\",\"description\":\"La formation 100% en ligne pour les professionnels\",\"potentialAction\":[{\"@type\":\"SearchAction\",\"target\":{\"@type\":\"EntryPoint\",\"urlTemplate\":\"https:\/\/dunod-formation.com\/portail\/?s={search_term_string}\"},\"query-input\":\"required name=search_term_string\"}],\"inLanguage\":\"fr-FR\"}]}<\/script>\n<!-- \/ Yoast SEO plugin. -->","yoast_head_json":{"title":"Dunod Formation","description":"Face aux transitions soci\u00e9tale, \u00e9cologique et digitale, aux mutations du travail et aux attentes croissantes des \u00e9quipes (fid\u00e9liser les collaborateurs, redonner du sens au travail), il faut embarquer tous les talents !","robots":{"index":"index","follow":"follow","max-snippet":"max-snippet:-1","max-image-preview":"max-image-preview:large","max-video-preview":"max-video-preview:-1"},"canonical":"https:\/\/dunod-formation.com\/portail\/","og_locale":"fr_FR","og_type":"article","og_title":"Dunod Formation","og_description":"Face aux transitions soci\u00e9tale, \u00e9cologique et digitale, aux mutations du travail et aux attentes croissantes des \u00e9quipes (fid\u00e9liser les collaborateurs, redonner du sens au travail), il faut embarquer tous les talents !","og_url":"https:\/\/dunod-formation.com\/portail\/","og_site_name":"Dunod Formation","article_modified_time":"2025-08-18T09:35:18+00:00","twitter_card":"summary_large_image","schema":{"@context":"https:\/\/schema.org","@graph":[{"@type":"WebPage","@id":"https:\/\/dunod-formation.com\/portail\/","url":"https:\/\/dunod-formation.com\/portail\/","name":"Dunod Formation","isPartOf":{"@id":"https:\/\/dunod-formation.com\/portail\/#website"},"datePublished":"2020-10-20T13:06:17+00:00","dateModified":"2025-08-18T09:35:18+00:00","description":"Face aux transitions soci\u00e9tale, \u00e9cologique et digitale, aux mutations du travail et aux attentes croissantes des \u00e9quipes (fid\u00e9liser les collaborateurs, redonner du sens au travail), il faut embarquer tous les talents !","breadcrumb":{"@id":"https:\/\/dunod-formation.com\/portail\/#breadcrumb"},"inLanguage":"fr-FR","potentialAction":[{"@type":"ReadAction","target":["https:\/\/dunod-formation.com\/portail\/"]}]},{"@type":"BreadcrumbList","@id":"https:\/\/dunod-formation.com\/portail\/#breadcrumb","itemListElement":[{"@type":"ListItem","position":1,"name":"Accueil","item":"https:\/\/dunod-formation.com\/portail\/"},{"@type":"ListItem","position":2,"name":"Accueil"}]},{"@type":"WebSite","@id":"https:\/\/dunod-formation.com\/portail\/#website","url":"https:\/\/dunod-formation.com\/portail\/","name":"Dunod Formation","description":"La formation 100% en ligne pour les professionnels","potentialAction":[{"@type":"SearchAction","target":{"@type":"EntryPoint","urlTemplate":"https:\/\/dunod-formation.com\/portail\/?s={search_term_string}"},"query-input":"required name=search_term_string"}],"inLanguage":"fr-FR"}]}},"_links":{"self":[{"href":"https:\/\/dunod-formation.com\/portail\/wp-json\/wp\/v2\/pages\/9","targetHints":{"allow":["GET"]}}],"collection":[{"href":"https:\/\/dunod-formation.com\/portail\/wp-json\/wp\/v2\/pages"}],"about":[{"href":"https:\/\/dunod-formation.com\/portail\/wp-json\/wp\/v2\/types\/page"}],"author":[{"embeddable":true,"href":"https:\/\/dunod-formation.com\/portail\/wp-json\/wp\/v2\/users\/1"}],"replies":[{"embeddable":true,"href":"https:\/\/dunod-formation.com\/portail\/wp-json\/wp\/v2\/comments?post=9"}],"version-history":[{"count":90,"href":"https:\/\/dunod-formation.com\/portail\/wp-json\/wp\/v2\/pages\/9\/revisions"}],"predecessor-version":[{"id":1687,"href":"https:\/\/dunod-formation.com\/portail\/wp-json\/wp\/v2\/pages\/9\/revisions\/1687"}],"wp:attachment":[{"href":"https:\/\/dunod-formation.com\/portail\/wp-json\/wp\/v2\/media?parent=9"}],"curies":[{"name":"wp","href":"https:\/\/api.w.org\/{rel}","templated":true}]}}