{"id":11,"date":"2020-10-20T15:06:49","date_gmt":"2020-10-20T13:06:49","guid":{"rendered":"https:\/\/dunod-formation.com\/soft-skills\/?page_id=11"},"modified":"2025-09-18T10:38:37","modified_gmt":"2025-09-18T08:38:37","slug":"formations","status":"publish","type":"page","link":"https:\/\/dunod-formation.com\/soft-skills\/formations\/","title":{"rendered":"Le catalogue soft skills"},"content":{"rendered":"","protected":false},"excerpt":{"rendered":"<p> [&#8230;]<\/p>\n<p><a class=\"btn btn-secondary understrap-read-more-link\" href=\"https:\/\/dunod-formation.com\/soft-skills\/formations\/\">Lire la suite\u2026<span class=\"screen-reader-text\"> from Le catalogue soft skills<\/span><\/a><\/p>\n","protected":false},"author":1,"featured_media":2854,"parent":0,"menu_order":0,"comment_status":"closed","ping_status":"closed","template":"page-templates\/template-formations.php","meta":{"footnotes":""},"class_list":["post-11","page","type-page","status-publish","has-post-thumbnail","hentry"],"yoast_head":"<!-- This site is optimized with the Yoast SEO plugin v20.0 - https:\/\/yoast.com\/wordpress\/plugins\/seo\/ -->\n<title>Dunod Formation Soft Skills Le catalogue soft skills<\/title>\n<meta name=\"description\" content=\"Soft skills, leadership, efficacit\u00e9 professionnelle, transitions : parcours accompagn\u00e9s, capsules microlearning pour adapter ses comp\u00e9tences\" \/>\n<meta name=\"robots\" content=\"noindex, follow, max-snippet:-1, max-image-preview:large, max-video-preview:-1\" \/>\n<meta property=\"og:locale\" content=\"fr_FR\" \/>\n<meta property=\"og:type\" content=\"article\" \/>\n<meta property=\"og:title\" content=\"Dunod Formation Soft Skills Le catalogue soft skills\" \/>\n<meta property=\"og:description\" content=\"Soft skills, leadership, efficacit\u00e9 professionnelle, transitions : parcours accompagn\u00e9s, capsules microlearning pour adapter ses comp\u00e9tences\" \/>\n<meta property=\"og:url\" content=\"https:\/\/dunod-formation.com\/soft-skills\/formations\/\" \/>\n<meta property=\"og:site_name\" content=\"Dunod Formation Soft Skills\" \/>\n<meta property=\"article:modified_time\" content=\"2025-09-18T08:38:37+00:00\" \/>\n<meta property=\"og:image\" content=\"https:\/\/dunod-formation.com\/soft-skills\/wp-content\/uploads\/2025\/06\/shutterstock_2516372223_1920px.jpg\" \/>\n\t<meta property=\"og:image:width\" content=\"1920\" \/>\n\t<meta property=\"og:image:height\" content=\"1280\" \/>\n\t<meta property=\"og:image:type\" content=\"image\/jpeg\" \/>\n<meta name=\"twitter:card\" content=\"summary_large_image\" \/>\n<script type=\"application\/ld+json\" class=\"yoast-schema-graph\">{\"@context\":\"https:\/\/schema.org\",\"@graph\":[{\"@type\":\"WebPage\",\"@id\":\"https:\/\/dunod-formation.com\/soft-skills\/formations\/\",\"url\":\"https:\/\/dunod-formation.com\/soft-skills\/formations\/\",\"name\":\"Dunod Formation Soft Skills Le catalogue soft skills\",\"isPartOf\":{\"@id\":\"https:\/\/dunod-formation.com\/soft-skills\/#website\"},\"datePublished\":\"2020-10-20T13:06:49+00:00\",\"dateModified\":\"2025-09-18T08:38:37+00:00\",\"description\":\"Soft skills, leadership, efficacit\u00e9 professionnelle, transitions : parcours accompagn\u00e9s, capsules microlearning pour adapter ses comp\u00e9tences\",\"breadcrumb\":{\"@id\":\"https:\/\/dunod-formation.com\/soft-skills\/formations\/#breadcrumb\"},\"inLanguage\":\"fr-FR\",\"potentialAction\":[{\"@type\":\"ReadAction\",\"target\":[\"https:\/\/dunod-formation.com\/soft-skills\/formations\/\"]}]},{\"@type\":\"BreadcrumbList\",\"@id\":\"https:\/\/dunod-formation.com\/soft-skills\/formations\/#breadcrumb\",\"itemListElement\":[{\"@type\":\"ListItem\",\"position\":1,\"name\":\"Accueil\",\"item\":\"https:\/\/dunod-formation.com\/soft-skills\/\"},{\"@type\":\"ListItem\",\"position\":2,\"name\":\"Le catalogue soft skills\"}]},{\"@type\":\"WebSite\",\"@id\":\"https:\/\/dunod-formation.com\/soft-skills\/#website\",\"url\":\"https:\/\/dunod-formation.com\/soft-skills\/\",\"name\":\"Dunod Formation Soft Skills\",\"description\":\"La formation 100% en ligne pour les professionnels de sant\u00e9\",\"potentialAction\":[{\"@type\":\"SearchAction\",\"target\":{\"@type\":\"EntryPoint\",\"urlTemplate\":\"https:\/\/dunod-formation.com\/soft-skills\/?s={search_term_string}\"},\"query-input\":\"required name=search_term_string\"}],\"inLanguage\":\"fr-FR\"}]}<\/script>\n<!-- \/ Yoast SEO plugin. -->","yoast_head_json":{"title":"Dunod Formation Soft Skills Le catalogue soft skills","description":"Soft skills, leadership, efficacit\u00e9 professionnelle, transitions : parcours accompagn\u00e9s, capsules microlearning pour adapter ses comp\u00e9tences","robots":{"index":"noindex","follow":"follow","max-snippet":"max-snippet:-1","max-image-preview":"max-image-preview:large","max-video-preview":"max-video-preview:-1"},"og_locale":"fr_FR","og_type":"article","og_title":"Dunod Formation Soft Skills Le catalogue soft skills","og_description":"Soft skills, leadership, efficacit\u00e9 professionnelle, transitions : parcours accompagn\u00e9s, capsules microlearning pour adapter ses comp\u00e9tences","og_url":"https:\/\/dunod-formation.com\/soft-skills\/formations\/","og_site_name":"Dunod Formation Soft Skills","article_modified_time":"2025-09-18T08:38:37+00:00","og_image":[{"width":1920,"height":1280,"url":"https:\/\/dunod-formation.com\/soft-skills\/wp-content\/uploads\/2025\/06\/shutterstock_2516372223_1920px.jpg","type":"image\/jpeg"}],"twitter_card":"summary_large_image","schema":{"@context":"https:\/\/schema.org","@graph":[{"@type":"WebPage","@id":"https:\/\/dunod-formation.com\/soft-skills\/formations\/","url":"https:\/\/dunod-formation.com\/soft-skills\/formations\/","name":"Dunod Formation Soft Skills Le catalogue soft skills","isPartOf":{"@id":"https:\/\/dunod-formation.com\/soft-skills\/#website"},"datePublished":"2020-10-20T13:06:49+00:00","dateModified":"2025-09-18T08:38:37+00:00","description":"Soft skills, leadership, efficacit\u00e9 professionnelle, transitions : parcours accompagn\u00e9s, capsules microlearning pour adapter ses comp\u00e9tences","breadcrumb":{"@id":"https:\/\/dunod-formation.com\/soft-skills\/formations\/#breadcrumb"},"inLanguage":"fr-FR","potentialAction":[{"@type":"ReadAction","target":["https:\/\/dunod-formation.com\/soft-skills\/formations\/"]}]},{"@type":"BreadcrumbList","@id":"https:\/\/dunod-formation.com\/soft-skills\/formations\/#breadcrumb","itemListElement":[{"@type":"ListItem","position":1,"name":"Accueil","item":"https:\/\/dunod-formation.com\/soft-skills\/"},{"@type":"ListItem","position":2,"name":"Le catalogue soft skills"}]},{"@type":"WebSite","@id":"https:\/\/dunod-formation.com\/soft-skills\/#website","url":"https:\/\/dunod-formation.com\/soft-skills\/","name":"Dunod Formation Soft Skills","description":"La formation 100% en ligne pour les professionnels de sant\u00e9","potentialAction":[{"@type":"SearchAction","target":{"@type":"EntryPoint","urlTemplate":"https:\/\/dunod-formation.com\/soft-skills\/?s={search_term_string}"},"query-input":"required name=search_term_string"}],"inLanguage":"fr-FR"}]}},"_links":{"self":[{"href":"https:\/\/dunod-formation.com\/soft-skills\/wp-json\/wp\/v2\/pages\/11","targetHints":{"allow":["GET"]}}],"collection":[{"href":"https:\/\/dunod-formation.com\/soft-skills\/wp-json\/wp\/v2\/pages"}],"about":[{"href":"https:\/\/dunod-formation.com\/soft-skills\/wp-json\/wp\/v2\/types\/page"}],"author":[{"embeddable":true,"href":"https:\/\/dunod-formation.com\/soft-skills\/wp-json\/wp\/v2\/users\/1"}],"replies":[{"embeddable":true,"href":"https:\/\/dunod-formation.com\/soft-skills\/wp-json\/wp\/v2\/comments?post=11"}],"version-history":[{"count":72,"href":"https:\/\/dunod-formation.com\/soft-skills\/wp-json\/wp\/v2\/pages\/11\/revisions"}],"predecessor-version":[{"id":3679,"href":"https:\/\/dunod-formation.com\/soft-skills\/wp-json\/wp\/v2\/pages\/11\/revisions\/3679"}],"wp:featuredmedia":[{"embeddable":true,"href":"https:\/\/dunod-formation.com\/soft-skills\/wp-json\/wp\/v2\/media\/2854"}],"wp:attachment":[{"href":"https:\/\/dunod-formation.com\/soft-skills\/wp-json\/wp\/v2\/media?parent=11"}],"curies":[{"name":"wp","href":"https:\/\/api.w.org\/{rel}","templated":true}]}}