{"id":461,"date":"2020-11-02T11:43:10","date_gmt":"2020-11-02T10:43:10","guid":{"rendered":"https:\/\/dunod-formation.com\/soft-skills\/?page_id=461"},"modified":"2026-02-03T18:52:59","modified_gmt":"2026-02-03T17:52:59","slug":"financement","status":"publish","type":"page","link":"https:\/\/dunod-formation.com\/soft-skills\/financement\/","title":{"rendered":"Comment faire financer vos formations ?"},"content":{"rendered":"<h2 class=\"mb-3\">Dunod, organisme de formation certifi\u00e9 Qualiopi, cat\u00e9gorie \u00ab\u00a0Actions de formation\u00a0\u00bb<\/h2>\n<p><img loading=\"lazy\" decoding=\"async\" class=\"alignnone size-medium wp-image-4254\" src=\"https:\/\/dunod-formation.com\/petite-enfance\/wp-content\/uploads\/2022\/01\/LogoQualiopi-150dpi-AvecMarianne-300x161.png\" alt=\"\" width=\"300\" height=\"161\" \/><\/p>\n<p>\u00ab\u00a0La certification qualit\u00e9 a \u00e9t\u00e9 d\u00e9livr\u00e9e au titre de la ou des cat\u00e9gories d&rsquo;actions suivantes : <strong>\u00ab\u00a0actions de formation\u00a0\u00bb<\/strong>.<\/p>\n<p>Depuis le 24 d\u00e9cembre 2021, <strong>DUNOD \u00c9DITEUR <\/strong>est <strong>titulaire de la certification Qualiopi<\/strong> selon les exigences de la certification vis\u00e9es \u00e0 l\u2019article L.6316-1 du code du travail, pour son processus de r\u00e9alisation des cat\u00e9gories d\u2019actions de d\u00e9veloppement des comp\u00e9tences suivantes : <strong>\u00ab Actions de formation \u00bb<\/strong>. Les rapports du certificateur des diff\u00e9rentes \u00e9tapes du premier cycles d&rsquo;audit (24 d\u00e9cembre 2021-23 d\u00e9cembre 2024) et le rapport de l&rsquo;audit de renouvellement valid\u00e9 le 3 juillet 2024) n&rsquo;ont indiqu\u00e9 aucune non-conformit\u00e9.<\/p>\n<p>Cette certification vous permet de mobiliser certains fonds des <a href=\"https:\/\/www.legifrance.gouv.fr\/codes\/article_lc\/LEGIARTI000037390323\" target=\"_blank\" rel=\"noopener\">financeurs mentionn\u00e9s \u00e0 l&rsquo;article L. 6316-1 du code du travail<\/a>.<\/p>\n<p>Consulter la page <a href=\"https:\/\/dunod-formation.com\/petite-enfance\/demarche-qualite\/\">D\u00e9marche Qualit\u00e9<\/a> de ce site.<\/p>\n<h2 class=\"mb-3\">Comment faire financer les formations\u202fde mon \u00e9quipe ?<\/h2>\n<p>Toutes les formations en ligne du catalogue de Dunod sont \u00e9ligibles au Plan de d\u00e9veloppement des comp\u00e9tences des \u00e9tablissements.<\/p>\n<p>Dans ce cadre et dans le respect des crit\u00e8res qualit\u00e9 des financeurs, nos <strong>formations <\/strong>sont\u00a0 notamment \u00e9ligibles aux financements des Op\u00e9rateurs de comp\u00e9tences \u2013 Opco.<span data-ccp-props=\"{&quot;134233279&quot;:true,&quot;201341983&quot;:0,&quot;335559739&quot;:200,&quot;335559740&quot;:276}\"><br \/>\nN. B. Certains OPCO peuvent exiger une dur\u00e9e minimum de formation pour les rendre finan\u00e7ables.<br \/>\n<\/span><\/p>\n<p><a href=\"https:\/\/quel-est-mon-opco.francecompetences.fr\/\" target=\"_blank\" rel=\"noopener\">France Comp\u00e9tences : comment savoir quel est mon OPCO de rattachement ?<\/a><\/p>\n<p><strong>Crit\u00e8res de prise en charge 2026 :<\/strong><\/p>\n<ul>\n<li><strong>\u00a0Uniformation<\/strong>\u00a0:\u00a0<a href=\"https:\/\/www.uniformation.fr\/entreprise\/financements\/frais-annexes-et-couts-pedagogiques\" target=\"_blank\" rel=\"noopener\">crit\u00e8res 2026<\/a>\n<ul>\n<li>Pour les journ\u00e9es p\u00e9dagogiques sur site : 1 800,00 \u20ac par jour.<\/li>\n<\/ul>\n<\/li>\n<li><strong>\u00a0OPCO EP(Entreprisesdeproximit\u00e9)<\/strong>\n<ul>\n<li><a href=\"https:\/\/www.opcoep.fr\/criteres-de-financement?branche=193\" target=\"_blank\" rel=\"noopener\">Crit\u00e8res 2026 de prise en charge pour les entreprises d\u00e9pendant de la Branche des Entreprises Priv\u00e9es de Services \u00e0 la Personne<\/a><\/li>\n<li><a href=\"https:\/\/www.opcoep.fr\/criteres-de-financement?branche=214\" target=\"_blank\" rel=\"noopener\">Crit\u00e8res 2026 de prise en charge pour les entreprises d\u00e9pendant de la Branche de l\u2019Interprofession<\/a><\/li>\n<\/ul>\n<\/li>\n<li><strong>Agefice (Fonds d&rsquo;Assurance Formation du Commerce, de l&rsquo;Industrie et des Services)<\/strong>\n<ul>\n<li><a href=\"https:\/\/communication-agefice.fr\/plafonds-financiers-annee-2026\/\" target=\"_blank\" rel=\"noopener\">Agefice : plafonds 2026 selon les situations<\/a><\/li>\n<\/ul>\n<\/li>\n<li><strong>Afdas (culture, industries cr\u00e9atives, m\u00e9dias, communication, t\u00e9l\u00e9communications, sport, tourisme, loisirs et divertissement)<\/strong>\n<ul>\n<li><a href=\"https:\/\/www.afdas.com\/entreprise\/financer-vos-actions-de-formation.html\" target=\"_blank\" rel=\"noopener\">Afdas : financer vos actions de formation<\/a><\/li>\n<li><a href=\"https:\/\/www.afdas.com\/actualites\/entreprise\/criteres-de-financements-2026-ce-qui-change-pour-les-entreprises.html\" target=\"_blank\" rel=\"noopener\">Afdas : crit\u00e8res de prise en charge 2026 : ce qui change pour les entreprises<\/a><\/li>\n<\/ul>\n<\/li>\n<li><strong>FIF PL (professionnels lib\u00e9raux)\u00a0<\/strong>\n<ul>\n<li><a href=\"https:\/\/www.fifpl.fr\/\" target=\"_blank\" rel=\"noopener\">FIF PL : crit\u00e8res de prise en charge 2026<\/a><\/li>\n<li>Vous pouvez r\u00e9aliser votre demande de prise en charge aupr\u00e8s du FIF PL en ligne. Vous r\u00e9glez le co\u00fbt de la formation \u00e0 l\u2019organisme de formation puis vous partagez au FIF PL l\u2019<a href=\"https:\/\/www.fifpl.fr\/sites\/default\/files\/documents\/attestation-de-presence-et-de-reglement.pdf\" target=\"_blank\" rel=\"noopener\">attestation-de-presence-et-de-reglement<\/a> pr\u00e9alablement compl\u00e9t\u00e9e par l\u2019organisme de formation.<\/li>\n<\/ul>\n<\/li>\n<li><strong>FSE+ (Fonds Social Europ\u00e9en+) en France<br \/>\n<\/strong>Le FSE+ (Fonds Social Europ\u00e9en Plus) est un programme de l\u2019Union europ\u00e9enne qui cofinance des formations professionnelles avec les OPCO, dans des domaines cl\u00e9s comme la transition num\u00e9rique, la cybers\u00e9curit\u00e9 ou encore la transition \u00e9cologique. Le dispositif est prolong\u00e9 jusqu\u2019au 30 juin 2026.<br \/>\nCe dispositif permet \u00e0 votre entreprise de former ses \u00e9quipes avec une prise en charge totale ou partielle des co\u00fbts p\u00e9dagogiques.<br \/>\nLe FSE+ est mobilis\u00e9 par diff\u00e9rents acteurs interm\u00e9diaires : r\u00e9gions, collectivit\u00e9s territoriales, P\u00f4le emploi, certains OPCO (AFDAS, AKTO, ATLAS, Constructys, Ocapiat, Opco 2i, l\u2019Opcommerce, <a href=\"https:\/\/www.opcoep.fr\/fonds-social-europeen#Dispositif-national\" target=\"_blank\" rel=\"noopener\">OPCO EP : FSE+2026<\/a>, Uniformation, OPCO Mobilit\u00e9s, OPCO Sant\u00e9), associations ou autres structures partenaires.<br \/>\nPour une entreprise, l\u2019obtention d\u2019un financement FSE+ passe souvent par un projet port\u00e9 par l\u2019un de ces organismes interm\u00e9diaires.<br \/>\nIl est important de se renseigner l\u2019\u00e9ligibilit\u00e9 des formations et de leurs b\u00e9n\u00e9ficiaires aupr\u00e8s du conseiller formation de votre OPCO. Il vous accompagnera dans le montage de votre dossier.<\/li>\n<\/ul>\n<p>&nbsp;<\/p>\n<h2 class=\"mb-3\">Ma structure peut-elle faire une demande de subrogation de paiement\u202f?<\/h2>\n<p><span data-contrast=\"auto\">Dunod Formation accepte les demandes de subrogation, c\u2019est-\u00e0-dire que nous pouvons \u2013 \u00e0 votre demande \u2013 facturer l\u2019OPCO auquel vous adh\u00e9rez. Cela vous permet de ne pas avancer les frais.<br \/>\n<\/span><span data-contrast=\"auto\">Pour en savoir plus sur les conditions de mise en place de cette subrogation, nous vous invitons \u00e0 consulter l\u2019article 9.2 de nos <a href=\"https:\/\/dunod-formation.com\/soft-skills\/cgv\/\">Conditions g\u00e9n\u00e9rales de vente<\/a>.<\/span><span data-ccp-props=\"{&quot;201341983&quot;:0,&quot;335559739&quot;:200,&quot;335559740&quot;:276}\">\u00a0<\/span><\/p>\n<h2 class=\"mb-3\">Comment obtenir un accord de prise en charge de la part de mon OPCO\u202f?<\/h2>\n<p><span data-contrast=\"auto\">Vous devez, <strong>avant le d\u00e9but de la formation<\/strong>, effectuer une <strong>demande de prise en charge<\/strong> aupr\u00e8s de l\u2019OPCO auquel vous adh\u00e9rez.<\/span><\/p>\n<p><span data-contrast=\"auto\">Vous aurez notamment besoin de leur transmettre\u202f:\u00a0<\/span><span data-ccp-props=\"{&quot;201341983&quot;:0,&quot;335559739&quot;:200,&quot;335559740&quot;:276}\">\u00a0<\/span><\/p>\n<ul class=\"mb-3\">\n<li><span data-contrast=\"auto\"> Notre\/nos devis ou convention(s) de formation ;<\/span><\/li>\n<li><span data-contrast=\"auto\"> Le\/les programme(s) d\u00e9taill\u00e9s des formations demand\u00e9es.<\/span><span data-ccp-props=\"{&quot;134233279&quot;:true,&quot;201341983&quot;:0,&quot;335559739&quot;:200,&quot;335559740&quot;:276}\">\u00a0<\/span><\/li>\n<\/ul>\n<p><span data-contrast=\"auto\">Il faut compter en moyenne entre\u00a07 jours et 3 semaines, selon les OPCO et selon les p\u00e9riodes,\u00a0pour obtenir\u00a0l\u2019accord de prise en charge.<\/span><span data-ccp-props=\"{&quot;201341983&quot;:0,&quot;335559739&quot;:200,&quot;335559740&quot;:276}\">\u00a0<\/span><\/p>\n<h2 class=\"mb-3\">En cas de facturation directe de l&rsquo;\u00e9tablissement par DUNOD Formation, comment se faire rembourser\u202fpar l\u2019OPCO ?<\/h2>\n<p>\u00c0 l\u2019issue de la formation, nous vous adresserons les documents n\u00e9cessaires pour que vous puissiez vous faire rembourser par votre OPCO, \u00e0 savoir :<\/p>\n<ul class=\"mb-3\">\n<li><span data-contrast=\"auto\">votre facture acquitt\u00e9e ;<\/span><\/li>\n<li><span data-contrast=\"auto\">les certificats de r\u00e9alisation de vos apprenants, qui attestent de la finalisation des parcours de formation par les apprenants.<\/span><\/li>\n<\/ul>\n<h2>Quel est l&rsquo;impact d&rsquo;une demande de financement sur les d\u00e9lais d&rsquo;acc\u00e8s et la dur\u00e9e de r\u00e9alisation de la formation ?<\/h2>\n<p>Le d\u00e9lai d\u2019acc\u00e8s \u00e0 la formation et la dur\u00e9e de r\u00e9alisation de la formation d\u00e9pendent des conditions de financement de la formation : <a href=\"https:\/\/dunod-formation.com\/petite-enfance\/modalites-dacces-formations-digitales\/\">consultez l\u2019article d\u00e9di\u00e9 sur ces deux sujets<\/a>.<\/p>\n<h2 class=\"mb-3\">Vos formations sont-elles \u00e9ligibles au CPF\u202f?<\/h2>\n<p>Non, nos formations ne sont pas \u00e9ligibles au Compte Personnel de formation (CPF).<\/p>\n<p>&nbsp;<\/p>\n<p>Date de derni\u00e8re mise \u00e0 jour : 3 f\u00e9vrier 2026.<\/p>\n","protected":false},"excerpt":{"rendered":"<p>Dunod, organisme de formation certifi\u00e9 Qualiopi, cat\u00e9gorie \u00ab\u00a0Actions de formation\u00a0\u00bb \u00ab\u00a0La certification qualit\u00e9 a \u00e9t\u00e9 d\u00e9livr\u00e9e au titre de la ou des cat\u00e9gories d&rsquo;actions suivantes : \u00ab\u00a0actions de formation\u00a0\u00bb. Depuis le 24 d\u00e9cembre 2021, DUNOD \u00c9DITEUR est titulaire de la certification Qualiopi selon les exigences de la certification vis\u00e9es \u00e0 l\u2019article L.6316-1 du code du [&#8230;]<\/p>\n<p><a class=\"btn btn-secondary understrap-read-more-link\" href=\"https:\/\/dunod-formation.com\/soft-skills\/financement\/\">Lire la suite\u2026<span class=\"screen-reader-text\"> from Comment faire financer vos formations ?<\/span><\/a><\/p>\n","protected":false},"author":1,"featured_media":0,"parent":0,"menu_order":0,"comment_status":"closed","ping_status":"closed","template":"","meta":{"footnotes":""},"class_list":["post-461","page","type-page","status-publish","hentry"],"yoast_head":"<!-- This site is optimized with the Yoast SEO plugin v20.0 - https:\/\/yoast.com\/wordpress\/plugins\/seo\/ -->\n<title>Comment faire financer vos formations ? - Dunod Formation Soft Skills<\/title>\n<meta name=\"description\" content=\"Dunod Formation Soft Skills. Modalit\u00e9s de financement des formations : parcours accompagn\u00e9s, microlearning.\" \/>\n<meta name=\"robots\" content=\"noindex, follow, max-snippet:-1, max-image-preview:large, max-video-preview:-1\" \/>\n<meta property=\"og:locale\" content=\"fr_FR\" \/>\n<meta property=\"og:type\" content=\"article\" \/>\n<meta property=\"og:title\" content=\"Comment faire financer vos formations ? - Dunod Formation Soft Skills\" \/>\n<meta property=\"og:description\" content=\"Dunod Formation Soft Skills. Modalit\u00e9s de financement des formations : parcours accompagn\u00e9s, microlearning.\" \/>\n<meta property=\"og:url\" content=\"https:\/\/dunod-formation.com\/soft-skills\/financement\/\" \/>\n<meta property=\"og:site_name\" content=\"Dunod Formation Soft Skills\" \/>\n<meta property=\"article:modified_time\" content=\"2026-02-03T17:52:59+00:00\" \/>\n<meta property=\"og:image\" content=\"https:\/\/dunod-formation.com\/petite-enfance\/wp-content\/uploads\/2022\/01\/LogoQualiopi-150dpi-AvecMarianne-300x161.png\" \/>\n<meta name=\"twitter:card\" content=\"summary_large_image\" \/>\n<script type=\"application\/ld+json\" class=\"yoast-schema-graph\">{\"@context\":\"https:\/\/schema.org\",\"@graph\":[{\"@type\":\"WebPage\",\"@id\":\"https:\/\/dunod-formation.com\/soft-skills\/financement\/\",\"url\":\"https:\/\/dunod-formation.com\/soft-skills\/financement\/\",\"name\":\"Comment faire financer vos formations ? - Dunod Formation Soft Skills\",\"isPartOf\":{\"@id\":\"https:\/\/dunod-formation.com\/soft-skills\/#website\"},\"datePublished\":\"2020-11-02T10:43:10+00:00\",\"dateModified\":\"2026-02-03T17:52:59+00:00\",\"description\":\"Dunod Formation Soft Skills. Modalit\u00e9s de financement des formations : parcours accompagn\u00e9s, microlearning.\",\"breadcrumb\":{\"@id\":\"https:\/\/dunod-formation.com\/soft-skills\/financement\/#breadcrumb\"},\"inLanguage\":\"fr-FR\",\"potentialAction\":[{\"@type\":\"ReadAction\",\"target\":[\"https:\/\/dunod-formation.com\/soft-skills\/financement\/\"]}]},{\"@type\":\"BreadcrumbList\",\"@id\":\"https:\/\/dunod-formation.com\/soft-skills\/financement\/#breadcrumb\",\"itemListElement\":[{\"@type\":\"ListItem\",\"position\":1,\"name\":\"Accueil\",\"item\":\"https:\/\/dunod-formation.com\/soft-skills\/\"},{\"@type\":\"ListItem\",\"position\":2,\"name\":\"Comment faire financer vos formations ?\"}]},{\"@type\":\"WebSite\",\"@id\":\"https:\/\/dunod-formation.com\/soft-skills\/#website\",\"url\":\"https:\/\/dunod-formation.com\/soft-skills\/\",\"name\":\"Dunod Formation Soft Skills\",\"description\":\"La formation 100% en ligne pour les professionnels de sant\u00e9\",\"potentialAction\":[{\"@type\":\"SearchAction\",\"target\":{\"@type\":\"EntryPoint\",\"urlTemplate\":\"https:\/\/dunod-formation.com\/soft-skills\/?s={search_term_string}\"},\"query-input\":\"required name=search_term_string\"}],\"inLanguage\":\"fr-FR\"}]}<\/script>\n<!-- \/ Yoast SEO plugin. -->","yoast_head_json":{"title":"Comment faire financer vos formations ? - Dunod Formation Soft Skills","description":"Dunod Formation Soft Skills. Modalit\u00e9s de financement des formations : parcours accompagn\u00e9s, microlearning.","robots":{"index":"noindex","follow":"follow","max-snippet":"max-snippet:-1","max-image-preview":"max-image-preview:large","max-video-preview":"max-video-preview:-1"},"og_locale":"fr_FR","og_type":"article","og_title":"Comment faire financer vos formations ? - Dunod Formation Soft Skills","og_description":"Dunod Formation Soft Skills. Modalit\u00e9s de financement des formations : parcours accompagn\u00e9s, microlearning.","og_url":"https:\/\/dunod-formation.com\/soft-skills\/financement\/","og_site_name":"Dunod Formation Soft Skills","article_modified_time":"2026-02-03T17:52:59+00:00","og_image":[{"url":"https:\/\/dunod-formation.com\/petite-enfance\/wp-content\/uploads\/2022\/01\/LogoQualiopi-150dpi-AvecMarianne-300x161.png"}],"twitter_card":"summary_large_image","schema":{"@context":"https:\/\/schema.org","@graph":[{"@type":"WebPage","@id":"https:\/\/dunod-formation.com\/soft-skills\/financement\/","url":"https:\/\/dunod-formation.com\/soft-skills\/financement\/","name":"Comment faire financer vos formations ? - Dunod Formation Soft Skills","isPartOf":{"@id":"https:\/\/dunod-formation.com\/soft-skills\/#website"},"datePublished":"2020-11-02T10:43:10+00:00","dateModified":"2026-02-03T17:52:59+00:00","description":"Dunod Formation Soft Skills. Modalit\u00e9s de financement des formations : parcours accompagn\u00e9s, microlearning.","breadcrumb":{"@id":"https:\/\/dunod-formation.com\/soft-skills\/financement\/#breadcrumb"},"inLanguage":"fr-FR","potentialAction":[{"@type":"ReadAction","target":["https:\/\/dunod-formation.com\/soft-skills\/financement\/"]}]},{"@type":"BreadcrumbList","@id":"https:\/\/dunod-formation.com\/soft-skills\/financement\/#breadcrumb","itemListElement":[{"@type":"ListItem","position":1,"name":"Accueil","item":"https:\/\/dunod-formation.com\/soft-skills\/"},{"@type":"ListItem","position":2,"name":"Comment faire financer vos formations ?"}]},{"@type":"WebSite","@id":"https:\/\/dunod-formation.com\/soft-skills\/#website","url":"https:\/\/dunod-formation.com\/soft-skills\/","name":"Dunod Formation Soft Skills","description":"La formation 100% en ligne pour les professionnels de sant\u00e9","potentialAction":[{"@type":"SearchAction","target":{"@type":"EntryPoint","urlTemplate":"https:\/\/dunod-formation.com\/soft-skills\/?s={search_term_string}"},"query-input":"required name=search_term_string"}],"inLanguage":"fr-FR"}]}},"_links":{"self":[{"href":"https:\/\/dunod-formation.com\/soft-skills\/wp-json\/wp\/v2\/pages\/461","targetHints":{"allow":["GET"]}}],"collection":[{"href":"https:\/\/dunod-formation.com\/soft-skills\/wp-json\/wp\/v2\/pages"}],"about":[{"href":"https:\/\/dunod-formation.com\/soft-skills\/wp-json\/wp\/v2\/types\/page"}],"author":[{"embeddable":true,"href":"https:\/\/dunod-formation.com\/soft-skills\/wp-json\/wp\/v2\/users\/1"}],"replies":[{"embeddable":true,"href":"https:\/\/dunod-formation.com\/soft-skills\/wp-json\/wp\/v2\/comments?post=461"}],"version-history":[{"count":25,"href":"https:\/\/dunod-formation.com\/soft-skills\/wp-json\/wp\/v2\/pages\/461\/revisions"}],"predecessor-version":[{"id":3928,"href":"https:\/\/dunod-formation.com\/soft-skills\/wp-json\/wp\/v2\/pages\/461\/revisions\/3928"}],"wp:attachment":[{"href":"https:\/\/dunod-formation.com\/soft-skills\/wp-json\/wp\/v2\/media?parent=461"}],"curies":[{"name":"wp","href":"https:\/\/api.w.org\/{rel}","templated":true}]}}