{"id":609,"date":"2020-11-04T17:50:57","date_gmt":"2020-11-04T16:50:57","guid":{"rendered":"https:\/\/dunod-formation.com\/soft-skills\/?page_id=609"},"modified":"2026-03-16T16:02:50","modified_gmt":"2026-03-16T15:02:50","slug":"qui-sommes-nous","status":"publish","type":"page","link":"https:\/\/dunod-formation.com\/soft-skills\/qui-sommes-nous\/","title":{"rendered":"Qui sommes-nous ?"},"content":{"rendered":"<p>D\u00e9veloppement des comp\u00e9tences transversales (\u00ab\u00a0soft skills pour un monde en transition\u00a0\u00bb), accompagnement des comp\u00e9tences m\u00e9tiers\u00a0 : <a href=\"https:\/\/dunod-formation.com\/portail\/qui-sommes-nous\/\" target=\"_blank\" rel=\"noopener\"><strong>d\u00e9couvrez Dunod Formation, l&rsquo;organisme de formation, l&rsquo;organisme de formation de Dunod \u00c9diteur<\/strong><\/a>.<\/p>\n<p>Pour toute \u00e9change sur sur vos besoins de d\u00e9veloppement des comp\u00e9tences, contactez-nous : <a href=\"mailto:digital-learning@dunod.com\">digital-learning@dunod.com<\/a>.<\/p>\n<p>Notre \u00e9quipe sera \u00e0 votre \u00e9coute pour r\u00e9pondre au mieux \u00e0 vos attentes.<\/p>\n<p>&nbsp;<\/p>\n<p>Date de derni\u00e8re modification : 11 f\u00e9vrier 2026.<\/p>\n","protected":false},"excerpt":{"rendered":"<p>D\u00e9veloppement des comp\u00e9tences transversales (\u00ab\u00a0soft skills pour un monde en transition\u00a0\u00bb), accompagnement des comp\u00e9tences m\u00e9tiers\u00a0 : d\u00e9couvrez Dunod Formation, l&rsquo;organisme de formation, l&rsquo;organisme de formation de Dunod \u00c9diteur. Pour toute \u00e9change sur sur vos besoins de d\u00e9veloppement des comp\u00e9tences, contactez-nous : digital-learning@dunod.com. Notre \u00e9quipe sera \u00e0 votre \u00e9coute pour r\u00e9pondre au mieux \u00e0 vos attentes. [&#8230;]<\/p>\n<p><a class=\"btn btn-secondary understrap-read-more-link\" href=\"https:\/\/dunod-formation.com\/soft-skills\/qui-sommes-nous\/\">Lire la suite\u2026<span class=\"screen-reader-text\"> from Qui sommes-nous ?<\/span><\/a><\/p>\n","protected":false},"author":1,"featured_media":0,"parent":0,"menu_order":0,"comment_status":"closed","ping_status":"closed","template":"","meta":{"footnotes":""},"class_list":["post-609","page","type-page","status-publish","hentry"],"yoast_head":"<!-- This site is optimized with the Yoast SEO plugin v20.0 - https:\/\/yoast.com\/wordpress\/plugins\/seo\/ -->\n<title>Qui sommes-nous ? - Dunod Formation Soft Skills<\/title>\n<meta name=\"robots\" content=\"noindex, follow, max-snippet:-1, max-image-preview:large, max-video-preview:-1\" \/>\n<meta property=\"og:locale\" content=\"fr_FR\" \/>\n<meta property=\"og:type\" content=\"article\" \/>\n<meta property=\"og:title\" content=\"Qui sommes-nous ? - Dunod Formation Soft Skills\" \/>\n<meta property=\"og:description\" content=\"D\u00e9veloppement des comp\u00e9tences transversales (\u00ab\u00a0soft skills pour un monde en transition\u00a0\u00bb), accompagnement des comp\u00e9tences m\u00e9tiers\u00a0 : d\u00e9couvrez Dunod Formation, l&rsquo;organisme de formation, l&rsquo;organisme de formation de Dunod \u00c9diteur. Pour toute \u00e9change sur sur vos besoins de d\u00e9veloppement des comp\u00e9tences, contactez-nous : digital-learning@dunod.com. Notre \u00e9quipe sera \u00e0 votre \u00e9coute pour r\u00e9pondre au mieux \u00e0 vos attentes. [...]Lire la suite\u2026 from Qui sommes-nous ?\" \/>\n<meta property=\"og:url\" content=\"https:\/\/dunod-formation.com\/soft-skills\/qui-sommes-nous\/\" \/>\n<meta property=\"og:site_name\" content=\"Dunod Formation Soft Skills\" \/>\n<meta property=\"article:modified_time\" content=\"2026-03-16T15:02:50+00:00\" \/>\n<meta name=\"twitter:card\" content=\"summary_large_image\" \/>\n<script type=\"application\/ld+json\" class=\"yoast-schema-graph\">{\"@context\":\"https:\/\/schema.org\",\"@graph\":[{\"@type\":\"WebPage\",\"@id\":\"https:\/\/dunod-formation.com\/soft-skills\/qui-sommes-nous\/\",\"url\":\"https:\/\/dunod-formation.com\/soft-skills\/qui-sommes-nous\/\",\"name\":\"Qui sommes-nous ? - Dunod Formation Soft Skills\",\"isPartOf\":{\"@id\":\"https:\/\/dunod-formation.com\/soft-skills\/#website\"},\"datePublished\":\"2020-11-04T16:50:57+00:00\",\"dateModified\":\"2026-03-16T15:02:50+00:00\",\"breadcrumb\":{\"@id\":\"https:\/\/dunod-formation.com\/soft-skills\/qui-sommes-nous\/#breadcrumb\"},\"inLanguage\":\"fr-FR\",\"potentialAction\":[{\"@type\":\"ReadAction\",\"target\":[\"https:\/\/dunod-formation.com\/soft-skills\/qui-sommes-nous\/\"]}]},{\"@type\":\"BreadcrumbList\",\"@id\":\"https:\/\/dunod-formation.com\/soft-skills\/qui-sommes-nous\/#breadcrumb\",\"itemListElement\":[{\"@type\":\"ListItem\",\"position\":1,\"name\":\"Accueil\",\"item\":\"https:\/\/dunod-formation.com\/soft-skills\/\"},{\"@type\":\"ListItem\",\"position\":2,\"name\":\"Qui sommes-nous ?\"}]},{\"@type\":\"WebSite\",\"@id\":\"https:\/\/dunod-formation.com\/soft-skills\/#website\",\"url\":\"https:\/\/dunod-formation.com\/soft-skills\/\",\"name\":\"Dunod Formation Soft Skills\",\"description\":\"La formation 100% en ligne pour les professionnels de sant\u00e9\",\"potentialAction\":[{\"@type\":\"SearchAction\",\"target\":{\"@type\":\"EntryPoint\",\"urlTemplate\":\"https:\/\/dunod-formation.com\/soft-skills\/?s={search_term_string}\"},\"query-input\":\"required name=search_term_string\"}],\"inLanguage\":\"fr-FR\"}]}<\/script>\n<!-- \/ Yoast SEO plugin. -->","yoast_head_json":{"title":"Qui sommes-nous ? - Dunod Formation Soft Skills","robots":{"index":"noindex","follow":"follow","max-snippet":"max-snippet:-1","max-image-preview":"max-image-preview:large","max-video-preview":"max-video-preview:-1"},"og_locale":"fr_FR","og_type":"article","og_title":"Qui sommes-nous ? - Dunod Formation Soft Skills","og_description":"D\u00e9veloppement des comp\u00e9tences transversales (\u00ab\u00a0soft skills pour un monde en transition\u00a0\u00bb), accompagnement des comp\u00e9tences m\u00e9tiers\u00a0 : d\u00e9couvrez Dunod Formation, l&rsquo;organisme de formation, l&rsquo;organisme de formation de Dunod \u00c9diteur. Pour toute \u00e9change sur sur vos besoins de d\u00e9veloppement des comp\u00e9tences, contactez-nous : digital-learning@dunod.com. Notre \u00e9quipe sera \u00e0 votre \u00e9coute pour r\u00e9pondre au mieux \u00e0 vos attentes. [...]Lire la suite\u2026 from Qui sommes-nous ?","og_url":"https:\/\/dunod-formation.com\/soft-skills\/qui-sommes-nous\/","og_site_name":"Dunod Formation Soft Skills","article_modified_time":"2026-03-16T15:02:50+00:00","twitter_card":"summary_large_image","schema":{"@context":"https:\/\/schema.org","@graph":[{"@type":"WebPage","@id":"https:\/\/dunod-formation.com\/soft-skills\/qui-sommes-nous\/","url":"https:\/\/dunod-formation.com\/soft-skills\/qui-sommes-nous\/","name":"Qui sommes-nous ? - Dunod Formation Soft Skills","isPartOf":{"@id":"https:\/\/dunod-formation.com\/soft-skills\/#website"},"datePublished":"2020-11-04T16:50:57+00:00","dateModified":"2026-03-16T15:02:50+00:00","breadcrumb":{"@id":"https:\/\/dunod-formation.com\/soft-skills\/qui-sommes-nous\/#breadcrumb"},"inLanguage":"fr-FR","potentialAction":[{"@type":"ReadAction","target":["https:\/\/dunod-formation.com\/soft-skills\/qui-sommes-nous\/"]}]},{"@type":"BreadcrumbList","@id":"https:\/\/dunod-formation.com\/soft-skills\/qui-sommes-nous\/#breadcrumb","itemListElement":[{"@type":"ListItem","position":1,"name":"Accueil","item":"https:\/\/dunod-formation.com\/soft-skills\/"},{"@type":"ListItem","position":2,"name":"Qui sommes-nous ?"}]},{"@type":"WebSite","@id":"https:\/\/dunod-formation.com\/soft-skills\/#website","url":"https:\/\/dunod-formation.com\/soft-skills\/","name":"Dunod Formation Soft Skills","description":"La formation 100% en ligne pour les professionnels de sant\u00e9","potentialAction":[{"@type":"SearchAction","target":{"@type":"EntryPoint","urlTemplate":"https:\/\/dunod-formation.com\/soft-skills\/?s={search_term_string}"},"query-input":"required name=search_term_string"}],"inLanguage":"fr-FR"}]}},"_links":{"self":[{"href":"https:\/\/dunod-formation.com\/soft-skills\/wp-json\/wp\/v2\/pages\/609","targetHints":{"allow":["GET"]}}],"collection":[{"href":"https:\/\/dunod-formation.com\/soft-skills\/wp-json\/wp\/v2\/pages"}],"about":[{"href":"https:\/\/dunod-formation.com\/soft-skills\/wp-json\/wp\/v2\/types\/page"}],"author":[{"embeddable":true,"href":"https:\/\/dunod-formation.com\/soft-skills\/wp-json\/wp\/v2\/users\/1"}],"replies":[{"embeddable":true,"href":"https:\/\/dunod-formation.com\/soft-skills\/wp-json\/wp\/v2\/comments?post=609"}],"version-history":[{"count":29,"href":"https:\/\/dunod-formation.com\/soft-skills\/wp-json\/wp\/v2\/pages\/609\/revisions"}],"predecessor-version":[{"id":4168,"href":"https:\/\/dunod-formation.com\/soft-skills\/wp-json\/wp\/v2\/pages\/609\/revisions\/4168"}],"wp:attachment":[{"href":"https:\/\/dunod-formation.com\/soft-skills\/wp-json\/wp\/v2\/media?parent=609"}],"curies":[{"name":"wp","href":"https:\/\/api.w.org\/{rel}","templated":true}]}}